{"id":182,"date":"2022-06-28T13:27:35","date_gmt":"2022-06-28T11:27:35","guid":{"rendered":"https:\/\/webs.uab.cat\/saa\/ceramiques\/"},"modified":"2023-03-02T08:50:39","modified_gmt":"2023-03-02T06:50:39","slug":"ceramiques","status":"publish","type":"page","link":"https:\/\/webs.uab.cat\/saa\/ceramiques\/","title":{"rendered":"Cer\u00e0mica"},"content":{"rendered":"\n<p>Els recipients cer\u00e0mics constitueixen un conjunt d&#8217;artefactes arqueol\u00f2gics que interv\u00e9 habitualment en activitats de producci\u00f3 dom\u00e8stiques, com ara l&#8217;emmagatzematge, la preparaci\u00f3 i el consum d&#8217;aliments, per\u00f2 tamb\u00e9 a l&#8217;esfera ritual i funer\u00e0ria. Per aix\u00f2, un dels principals aspectes que destaquen a l&#8217;estudi d&#8217;aquesta materialitat \u00e9s la seva funcionalitat en els diversos contextos arqueol\u00f2gics. Amb aquesta finalitat s&#8217;estan aplicant en els darrers anys, a m\u00e9s de les an\u00e0lisis de traces d&#8217;\u00fas, an\u00e0lisi de residus org\u00e0nics i inorg\u00e0nics, els quals ajuden a identificar les subst\u00e0ncies que van ser manipulades a l&#8217;interior. Altres caracter\u00edstiques tecnol\u00f2giques que tenen en compte els nostres estudis atenen al llarg proc\u00e9s de transformaci\u00f3 a qu\u00e8 s\u00f3n sotmesos les argiles i els desgreixants, passant per l&#8217;obtenci\u00f3 de la mat\u00e8ria primera, el modelatge, la cocci\u00f3 i l&#8217;acabat de les superf\u00edcies cer\u00e0miques.<\/p>\n\n\n<div class=\"wp-block-image\">\n<figure class=\"aligncenter size-full is-resized\"><a href=\"https:\/\/webs.uab.cat\/analisi\"><img decoding=\"async\" src=\"https:\/\/webs.uab.cat\/saa\/wp-content\/uploads\/sites\/347\/2023\/03\/93634.png\" alt=\"\" class=\"wp-image-531\" width=\"57\" srcset=\"https:\/\/webs.uab.cat\/saa\/wp-content\/uploads\/sites\/347\/2023\/03\/93634.png 512w, https:\/\/webs.uab.cat\/saa\/wp-content\/uploads\/sites\/347\/2023\/03\/93634-300x300.png 300w, https:\/\/webs.uab.cat\/saa\/wp-content\/uploads\/sites\/347\/2023\/03\/93634-150x150.png 150w\" sizes=\"(max-width: 512px) 100vw, 512px\" \/><\/a><\/figure>\n<\/div>\n\n\n<p class=\"has-text-align-center\"><\/p>\n","protected":false},"excerpt":{"rendered":"<p>Els recipients cer\u00e0mics constitueixen un conjunt d&#8217;artefactes arqueol\u00f2gics que interv\u00e9 habitualment en activitats de producci\u00f3 dom\u00e8stiques, com ara l&#8217;emmagatzematge, la preparaci\u00f3 i el consum d&#8217;aliments, per\u00f2 tamb\u00e9 a l&#8217;esfera ritual i funer\u00e0ria. Per aix\u00f2, un dels principals aspectes que destaquen a l&#8217;estudi d&#8217;aquesta materialitat \u00e9s la seva funcionalitat en els diversos contextos arqueol\u00f2gics. Amb aquesta [&hellip;]<\/p>\n","protected":false},"author":20,"featured_media":179,"parent":0,"menu_order":0,"comment_status":"closed","ping_status":"closed","template":"","meta":{"footnotes":""},"class_list":["post-182","page","type-page","status-publish","has-post-thumbnail","hentry"],"_links":{"self":[{"href":"https:\/\/webs.uab.cat\/saa\/wp-json\/wp\/v2\/pages\/182","targetHints":{"allow":["GET"]}}],"collection":[{"href":"https:\/\/webs.uab.cat\/saa\/wp-json\/wp\/v2\/pages"}],"about":[{"href":"https:\/\/webs.uab.cat\/saa\/wp-json\/wp\/v2\/types\/page"}],"author":[{"embeddable":true,"href":"https:\/\/webs.uab.cat\/saa\/wp-json\/wp\/v2\/users\/20"}],"replies":[{"embeddable":true,"href":"https:\/\/webs.uab.cat\/saa\/wp-json\/wp\/v2\/comments?post=182"}],"version-history":[{"count":1,"href":"https:\/\/webs.uab.cat\/saa\/wp-json\/wp\/v2\/pages\/182\/revisions"}],"predecessor-version":[{"id":538,"href":"https:\/\/webs.uab.cat\/saa\/wp-json\/wp\/v2\/pages\/182\/revisions\/538"}],"wp:featuredmedia":[{"embeddable":true,"href":"https:\/\/webs.uab.cat\/saa\/wp-json\/wp\/v2\/media\/179"}],"wp:attachment":[{"href":"https:\/\/webs.uab.cat\/saa\/wp-json\/wp\/v2\/media?parent=182"}],"curies":[{"name":"wp","href":"https:\/\/api.w.org\/{rel}","templated":true}]}}