{"id":183,"date":"2022-06-28T13:29:39","date_gmt":"2022-06-28T11:29:39","guid":{"rendered":"https:\/\/webs.uab.cat\/saa\/metall\/"},"modified":"2023-03-02T08:51:07","modified_gmt":"2023-03-02T06:51:07","slug":"metall","status":"publish","type":"page","link":"https:\/\/webs.uab.cat\/saa\/metall\/","title":{"rendered":"Metall"},"content":{"rendered":"\n<p>La introducci\u00f3 de la metal\u00b7l\u00fargia s&#8217;ha considerat sovint revolucion\u00e0ria en la producci\u00f3 d&#8217;artefactes, a causa de l&#8217;alt grau de complexitat que presenta com a proc\u00e9s de producci\u00f3 i de les implicacions que va tenir a nivell econ\u00f2mic i social. At\u00e8s l&#8217;important paper que aquests objectes van jugar a l&#8217;establiment i el fian\u00e7ament de les jerarquies socials resulta d&#8217;especial inter\u00e8s definir l&#8217;acc\u00e9s a les eines, les armes i els adornaments met\u00e0l\u00b7lics tant en contextos d&#8217;h\u00e0bitat com en els aixovars de les tombes. La distribuci\u00f3 i el control dels minerals met\u00e0l\u00b7lics com a mat\u00e8ria primera, la distribuci\u00f3 de les evid\u00e8ncies de transformaci\u00f3 del mineral, la fundici\u00f3, la forja i l&#8217;acabat\/manteniment d&#8217;objectes met\u00e0l\u00b7lics, aix\u00ed com les an\u00e0lisis tipol\u00f2giques s\u00f3n algunes de les problem\u00e0tiques que podem abordar a trav\u00e9s del seu estudi.<\/p>\n\n\n<div class=\"wp-block-image\">\n<figure class=\"aligncenter size-full is-resized\"><a href=\"https:\/\/webs.uab.cat\/analisi\"><img decoding=\"async\" src=\"https:\/\/webs.uab.cat\/saa\/wp-content\/uploads\/sites\/347\/2023\/03\/93634.png\" alt=\"\" class=\"wp-image-531\" width=\"57\" srcset=\"https:\/\/webs.uab.cat\/saa\/wp-content\/uploads\/sites\/347\/2023\/03\/93634.png 512w, https:\/\/webs.uab.cat\/saa\/wp-content\/uploads\/sites\/347\/2023\/03\/93634-300x300.png 300w, https:\/\/webs.uab.cat\/saa\/wp-content\/uploads\/sites\/347\/2023\/03\/93634-150x150.png 150w\" sizes=\"(max-width: 512px) 100vw, 512px\" \/><\/a><\/figure>\n<\/div>\n\n\n<p class=\"has-text-align-center\"><\/p>\n","protected":false},"excerpt":{"rendered":"<p>La introducci\u00f3 de la metal\u00b7l\u00fargia s&#8217;ha considerat sovint revolucion\u00e0ria en la producci\u00f3 d&#8217;artefactes, a causa de l&#8217;alt grau de complexitat que presenta com a proc\u00e9s de producci\u00f3 i de les implicacions que va tenir a nivell econ\u00f2mic i social. At\u00e8s l&#8217;important paper que aquests objectes van jugar a l&#8217;establiment i el fian\u00e7ament de les jerarquies [&hellip;]<\/p>\n","protected":false},"author":20,"featured_media":179,"parent":0,"menu_order":0,"comment_status":"closed","ping_status":"closed","template":"","meta":{"footnotes":""},"class_list":["post-183","page","type-page","status-publish","has-post-thumbnail","hentry"],"_links":{"self":[{"href":"https:\/\/webs.uab.cat\/saa\/wp-json\/wp\/v2\/pages\/183","targetHints":{"allow":["GET"]}}],"collection":[{"href":"https:\/\/webs.uab.cat\/saa\/wp-json\/wp\/v2\/pages"}],"about":[{"href":"https:\/\/webs.uab.cat\/saa\/wp-json\/wp\/v2\/types\/page"}],"author":[{"embeddable":true,"href":"https:\/\/webs.uab.cat\/saa\/wp-json\/wp\/v2\/users\/20"}],"replies":[{"embeddable":true,"href":"https:\/\/webs.uab.cat\/saa\/wp-json\/wp\/v2\/comments?post=183"}],"version-history":[{"count":1,"href":"https:\/\/webs.uab.cat\/saa\/wp-json\/wp\/v2\/pages\/183\/revisions"}],"predecessor-version":[{"id":539,"href":"https:\/\/webs.uab.cat\/saa\/wp-json\/wp\/v2\/pages\/183\/revisions\/539"}],"wp:featuredmedia":[{"embeddable":true,"href":"https:\/\/webs.uab.cat\/saa\/wp-json\/wp\/v2\/media\/179"}],"wp:attachment":[{"href":"https:\/\/webs.uab.cat\/saa\/wp-json\/wp\/v2\/media?parent=183"}],"curies":[{"name":"wp","href":"https:\/\/api.w.org\/{rel}","templated":true}]}}