{"id":186,"date":"2022-06-28T13:36:21","date_gmt":"2022-06-28T11:36:21","guid":{"rendered":"https:\/\/webs.uab.cat\/saa\/estudi\/"},"modified":"2023-03-01T10:31:31","modified_gmt":"2023-03-01T08:31:31","slug":"estudi","status":"publish","type":"page","link":"https:\/\/webs.uab.cat\/saa\/estudi\/","title":{"rendered":"Estudi integral de conjunts cer\u00e0mics prehist\u00f2rics"},"content":{"rendered":"\n<p>An\u00e0lisi morfo-tipol\u00f2gica i an\u00e0lisi tecnol\u00f2gica de les diferents fases i aspectes (mat\u00e8ria primera, modelat, tractament de les superf\u00edcies, decoraci\u00f3, cocci\u00f3&#8230;) del proc\u00e9s de producci\u00f3 de la cer\u00e0mica i determinaci\u00f3 dels seus usos (an\u00e0lisi de residus).<\/p>\n\n\n\n<figure class=\"wp-block-image size-full\"><img loading=\"lazy\" decoding=\"async\" width=\"800\" height=\"600\" src=\"https:\/\/webs.uab.cat\/saa\/wp-content\/uploads\/sites\/347\/2023\/03\/element_vegetal._clots_de_sola_lleida._nicols_en_parallel.png\" alt=\"\" class=\"wp-image-529\" srcset=\"https:\/\/webs.uab.cat\/saa\/wp-content\/uploads\/sites\/347\/2023\/03\/element_vegetal._clots_de_sola_lleida._nicols_en_parallel.png 800w, https:\/\/webs.uab.cat\/saa\/wp-content\/uploads\/sites\/347\/2023\/03\/element_vegetal._clots_de_sola_lleida._nicols_en_parallel-300x225.png 300w, https:\/\/webs.uab.cat\/saa\/wp-content\/uploads\/sites\/347\/2023\/03\/element_vegetal._clots_de_sola_lleida._nicols_en_parallel-768x576.png 768w\" sizes=\"auto, (max-width: 800px) 100vw, 800px\" \/><\/figure>\n\n\n\n<p class=\"has-text-align-center\"><\/p>\n\n\n\n<p>Autor: Xavier Clop<\/p>\n\n\n<div class=\"wp-block-image\">\n<figure class=\"aligncenter size-full is-resized\"><img loading=\"lazy\" decoding=\"async\" src=\"https:\/\/webs.uab.cat\/saa\/wp-content\/uploads\/sites\/347\/2023\/03\/93634.png\" alt=\"\" class=\"wp-image-531\" width=\"64\" height=\"64\" srcset=\"https:\/\/webs.uab.cat\/saa\/wp-content\/uploads\/sites\/347\/2023\/03\/93634.png 512w, https:\/\/webs.uab.cat\/saa\/wp-content\/uploads\/sites\/347\/2023\/03\/93634-300x300.png 300w, https:\/\/webs.uab.cat\/saa\/wp-content\/uploads\/sites\/347\/2023\/03\/93634-150x150.png 150w\" sizes=\"auto, (max-width: 64px) 100vw, 64px\" \/><\/figure>\n<\/div>\n\n\n<p class=\"has-text-align-center\"><\/p>\n","protected":false},"excerpt":{"rendered":"<p>An\u00e0lisi morfo-tipol\u00f2gica i an\u00e0lisi tecnol\u00f2gica de les diferents fases i aspectes (mat\u00e8ria primera, modelat, tractament de les superf\u00edcies, decoraci\u00f3, cocci\u00f3&#8230;) del proc\u00e9s de producci\u00f3 de la cer\u00e0mica i determinaci\u00f3 dels seus usos (an\u00e0lisi de residus). Autor: Xavier Clop<\/p>\n","protected":false},"author":20,"featured_media":0,"parent":0,"menu_order":0,"comment_status":"closed","ping_status":"closed","template":"","meta":{"footnotes":""},"class_list":["post-186","page","type-page","status-publish","hentry"],"_links":{"self":[{"href":"https:\/\/webs.uab.cat\/saa\/wp-json\/wp\/v2\/pages\/186","targetHints":{"allow":["GET"]}}],"collection":[{"href":"https:\/\/webs.uab.cat\/saa\/wp-json\/wp\/v2\/pages"}],"about":[{"href":"https:\/\/webs.uab.cat\/saa\/wp-json\/wp\/v2\/types\/page"}],"author":[{"embeddable":true,"href":"https:\/\/webs.uab.cat\/saa\/wp-json\/wp\/v2\/users\/20"}],"replies":[{"embeddable":true,"href":"https:\/\/webs.uab.cat\/saa\/wp-json\/wp\/v2\/comments?post=186"}],"version-history":[{"count":1,"href":"https:\/\/webs.uab.cat\/saa\/wp-json\/wp\/v2\/pages\/186\/revisions"}],"predecessor-version":[{"id":535,"href":"https:\/\/webs.uab.cat\/saa\/wp-json\/wp\/v2\/pages\/186\/revisions\/535"}],"wp:attachment":[{"href":"https:\/\/webs.uab.cat\/saa\/wp-json\/wp\/v2\/media?parent=186"}],"curies":[{"name":"wp","href":"https:\/\/api.w.org\/{rel}","templated":true}]}}