{"id":189,"date":"2022-06-29T11:39:50","date_gmt":"2022-06-29T09:39:50","guid":{"rendered":"https:\/\/webs.uab.cat\/saa\/pretrografia_lamina\/"},"modified":"2023-03-01T10:30:41","modified_gmt":"2023-03-01T08:30:41","slug":"pretrografia_lamina","status":"publish","type":"page","link":"https:\/\/webs.uab.cat\/saa\/pretrografia_lamina\/","title":{"rendered":"Petrografia per l\u00e0mina prima"},"content":{"rendered":"\n<figure class=\"wp-block-image size-full\"><img loading=\"lazy\" decoding=\"async\" width=\"800\" height=\"600\" src=\"https:\/\/webs.uab.cat\/saa\/wp-content\/uploads\/sites\/347\/2023\/03\/hacha_composicion.jpg\" alt=\"\" class=\"wp-image-523\" srcset=\"https:\/\/webs.uab.cat\/saa\/wp-content\/uploads\/sites\/347\/2023\/03\/hacha_composicion.jpg 800w, https:\/\/webs.uab.cat\/saa\/wp-content\/uploads\/sites\/347\/2023\/03\/hacha_composicion-300x225.jpg 300w, https:\/\/webs.uab.cat\/saa\/wp-content\/uploads\/sites\/347\/2023\/03\/hacha_composicion-768x576.jpg 768w\" sizes=\"auto, (max-width: 800px) 100vw, 800px\" \/><\/figure>\n\n\n\n<p>PETROGRAFIA PER L\u00c0MINA PRIMA<\/p>\n\n\n\n<p>S\u2019utilitza habitualment per a l\u2019an\u00e0lisi composicional, sota el microscopi metal\u00b7logr\u00e0fic, d\u2019artefactes l\u00edtics i cer\u00e0mics per que \u00e9s necessari escap\u00e7ar una porci\u00f3 del material a analitzar. La informaci\u00f3 que s\u2019obt\u00e9 al final d\u2019aquesta anal\u00edtica es resumeix en:<\/p>\n\n\n\n<ol class=\"wp-block-list\"><li>Determinaci\u00f3 de la composici\u00f3 mineral dels materials<\/li><li>Descripci\u00f3 de les propietats f\u00edsiques dels materials<\/li><li>Definici\u00f3 de la proced\u00e8ncia de les mat\u00e8ries primeres<\/li><\/ol>\n\n\n<div class=\"wp-block-image\">\n<figure class=\"aligncenter size-full is-resized\"><img loading=\"lazy\" decoding=\"async\" src=\"https:\/\/webs.uab.cat\/saa\/wp-content\/uploads\/sites\/347\/2023\/03\/93634.png\" alt=\"\" class=\"wp-image-531\" width=\"78\" height=\"78\" srcset=\"https:\/\/webs.uab.cat\/saa\/wp-content\/uploads\/sites\/347\/2023\/03\/93634.png 512w, https:\/\/webs.uab.cat\/saa\/wp-content\/uploads\/sites\/347\/2023\/03\/93634-300x300.png 300w, https:\/\/webs.uab.cat\/saa\/wp-content\/uploads\/sites\/347\/2023\/03\/93634-150x150.png 150w\" sizes=\"auto, (max-width: 78px) 100vw, 78px\" \/><\/figure>\n<\/div>\n\n\n<p class=\"has-text-align-center\"><\/p>\n","protected":false},"excerpt":{"rendered":"<p>PETROGRAFIA PER L\u00c0MINA PRIMA S\u2019utilitza habitualment per a l\u2019an\u00e0lisi composicional, sota el microscopi metal\u00b7logr\u00e0fic, d\u2019artefactes l\u00edtics i cer\u00e0mics per que \u00e9s necessari escap\u00e7ar una porci\u00f3 del material a analitzar. La informaci\u00f3 que s\u2019obt\u00e9 al final d\u2019aquesta anal\u00edtica es resumeix en: Determinaci\u00f3 de la composici\u00f3 mineral dels materials Descripci\u00f3 de les propietats f\u00edsiques dels materials Definici\u00f3 [&hellip;]<\/p>\n","protected":false},"author":20,"featured_media":0,"parent":0,"menu_order":0,"comment_status":"closed","ping_status":"closed","template":"","meta":{"footnotes":""},"class_list":["post-189","page","type-page","status-publish","hentry"],"_links":{"self":[{"href":"https:\/\/webs.uab.cat\/saa\/wp-json\/wp\/v2\/pages\/189","targetHints":{"allow":["GET"]}}],"collection":[{"href":"https:\/\/webs.uab.cat\/saa\/wp-json\/wp\/v2\/pages"}],"about":[{"href":"https:\/\/webs.uab.cat\/saa\/wp-json\/wp\/v2\/types\/page"}],"author":[{"embeddable":true,"href":"https:\/\/webs.uab.cat\/saa\/wp-json\/wp\/v2\/users\/20"}],"replies":[{"embeddable":true,"href":"https:\/\/webs.uab.cat\/saa\/wp-json\/wp\/v2\/comments?post=189"}],"version-history":[{"count":1,"href":"https:\/\/webs.uab.cat\/saa\/wp-json\/wp\/v2\/pages\/189\/revisions"}],"predecessor-version":[{"id":534,"href":"https:\/\/webs.uab.cat\/saa\/wp-json\/wp\/v2\/pages\/189\/revisions\/534"}],"wp:attachment":[{"href":"https:\/\/webs.uab.cat\/saa\/wp-json\/wp\/v2\/media?parent=189"}],"curies":[{"name":"wp","href":"https:\/\/api.w.org\/{rel}","templated":true}]}}