{"id":197,"date":"2022-06-29T11:58:41","date_gmt":"2022-06-29T09:58:41","guid":{"rendered":"https:\/\/webs.uab.cat\/saa\/analisis-mecaniques\/"},"modified":"2023-02-24T17:48:33","modified_gmt":"2023-02-24T15:48:33","slug":"analisis-mecaniques","status":"publish","type":"page","link":"https:\/\/webs.uab.cat\/saa\/analisis-mecaniques\/","title":{"rendered":"An\u00e0lisis mec\u00e0niques"},"content":{"rendered":"<p>Les an\u00e0lisis mec\u00e0niques estan orientades a determinar les propietats f\u00edsiques de les mat\u00e8ries primeres a trav\u00e9s d\u2019assajos mec\u00e0nics de fricci\u00f3, flexi\u00f3, compressi\u00f3, etc., realitzats en m\u00e0quines industrials. \u00c9s per aix\u00f2 que els materials es presenten tallats en provetes, m\u00e8tricament i morfol\u00f2gicament estandarditzades. Les caracter\u00edstiques principals d\u2019aquestes an\u00e0lisis s\u00f3n:<\/p>\n<ul>\n<li>Procediment clau per a valorar l\u2019ajustament entre la funcionalitat dels artefactes l\u00edtics i la mat\u00e8ria primera utilitzada per a la seva elaboraci\u00f3.<\/li>\n<li>Especialment interessant per a abordar estudis sobre l\u2019efici\u00e8ncia dels conjunts artefactuals prehist\u00f2rics.<\/li>\n<li>Requisit: Realitzar una an\u00e0lisi petrogr\u00e0fica pr\u00e8via per l\u00e0mina prima.<\/li>\n<\/ul>\n","protected":false},"excerpt":{"rendered":"<p>Les an\u00e0lisis mec\u00e0niques estan orientades a determinar les propietats f\u00edsiques de les mat\u00e8ries primeres a trav\u00e9s d\u2019assajos mec\u00e0nics de fricci\u00f3, flexi\u00f3, compressi\u00f3, etc., realitzats en m\u00e0quines industrials. \u00c9s per aix\u00f2 que els materials es presenten tallats en provetes, m\u00e8tricament i morfol\u00f2gicament estandarditzades. Les caracter\u00edstiques principals d\u2019aquestes an\u00e0lisis s\u00f3n: Procediment clau per a valorar l\u2019ajustament entre [&hellip;]<\/p>\n","protected":false},"author":20,"featured_media":195,"parent":0,"menu_order":0,"comment_status":"closed","ping_status":"closed","template":"","meta":{"footnotes":""},"class_list":["post-197","page","type-page","status-publish","has-post-thumbnail","hentry"],"_links":{"self":[{"href":"https:\/\/webs.uab.cat\/saa\/wp-json\/wp\/v2\/pages\/197","targetHints":{"allow":["GET"]}}],"collection":[{"href":"https:\/\/webs.uab.cat\/saa\/wp-json\/wp\/v2\/pages"}],"about":[{"href":"https:\/\/webs.uab.cat\/saa\/wp-json\/wp\/v2\/types\/page"}],"author":[{"embeddable":true,"href":"https:\/\/webs.uab.cat\/saa\/wp-json\/wp\/v2\/users\/20"}],"replies":[{"embeddable":true,"href":"https:\/\/webs.uab.cat\/saa\/wp-json\/wp\/v2\/comments?post=197"}],"version-history":[{"count":1,"href":"https:\/\/webs.uab.cat\/saa\/wp-json\/wp\/v2\/pages\/197\/revisions"}],"predecessor-version":[{"id":514,"href":"https:\/\/webs.uab.cat\/saa\/wp-json\/wp\/v2\/pages\/197\/revisions\/514"}],"wp:featuredmedia":[{"embeddable":true,"href":"https:\/\/webs.uab.cat\/saa\/wp-json\/wp\/v2\/media\/195"}],"wp:attachment":[{"href":"https:\/\/webs.uab.cat\/saa\/wp-json\/wp\/v2\/media?parent=197"}],"curies":[{"name":"wp","href":"https:\/\/api.w.org\/{rel}","templated":true}]}}