{"id":206,"date":"2022-06-29T12:20:38","date_gmt":"2022-06-29T10:20:38","guid":{"rendered":"https:\/\/webs.uab.cat\/saa\/analisis-funcionals\/"},"modified":"2023-03-02T08:59:11","modified_gmt":"2023-03-02T06:59:11","slug":"analisis-funcionals","status":"publish","type":"page","link":"https:\/\/webs.uab.cat\/saa\/analisis-funcionals\/","title":{"rendered":"An\u00e0lisis funcionals"},"content":{"rendered":"\n<figure class=\"wp-block-image size-large\"><img loading=\"lazy\" decoding=\"async\" width=\"1024\" height=\"230\" src=\"https:\/\/webs.uab.cat\/saa\/wp-content\/uploads\/sites\/347\/2023\/03\/funcionals-1024x230.jpg\" alt=\"\" class=\"wp-image-552\" srcset=\"https:\/\/webs.uab.cat\/saa\/wp-content\/uploads\/sites\/347\/2023\/03\/funcionals-1024x230.jpg 1024w, https:\/\/webs.uab.cat\/saa\/wp-content\/uploads\/sites\/347\/2023\/03\/funcionals-300x68.jpg 300w, https:\/\/webs.uab.cat\/saa\/wp-content\/uploads\/sites\/347\/2023\/03\/funcionals-768x173.jpg 768w, https:\/\/webs.uab.cat\/saa\/wp-content\/uploads\/sites\/347\/2023\/03\/funcionals.jpg 1200w\" sizes=\"auto, (max-width: 1024px) 100vw, 1024px\" \/><\/figure>\n\n\n\n<p>L\u2019observaci\u00f3 dels estigmes de desgast resulta fonamental per identificar les activitats de producci\u00f3 on van intervenir els artefactes. Per aquest fet, s\u2019observen les superf\u00edcies d\u2019artefactes arqueol\u00f2gics, etnogr\u00e0fics i experimentals sota la lupa binocular (60-80x) i el microscopi (fins a 500x). En casos concrets, pot ser necessari realitzar r\u00e8pliques de les superf\u00edcies de treball per a l\u2019observaci\u00f3 de les traces. Les activitat anal\u00edtiques on s\u2019adequa aquesta t\u00e8cnica s\u00f3n:<\/p>\n\n\n\n<ul class=\"wp-block-list\"><li>Descripci\u00f3 traceol\u00f2gica macro- i microsc\u00f2pica i interpretaci\u00f3 de les traces de producci\u00f3 (elaboraci\u00f3 i \u00fas)<\/li><li>Rastreig de les superf\u00edcies actives i passives dels artefactes amb la finalitat d\u2019identificar la pres\u00e8ncia de possibles restes de mat\u00e8ries adherides<\/li><li>Disseny de programes d\u2019experimentaci\u00f3 adequats a problem\u00e0tiques espec\u00edfiques<\/li><\/ul>\n\n\n<div class=\"wp-block-image\">\n<figure class=\"aligncenter size-full is-resized\"><a href=\"https:\/\/webs.uab.cat\/analisis\"><img loading=\"lazy\" decoding=\"async\" src=\"https:\/\/webs.uab.cat\/saa\/wp-content\/uploads\/sites\/347\/2023\/03\/93634.png\" alt=\"\" class=\"wp-image-531\" width=\"57\" height=\"57\" srcset=\"https:\/\/webs.uab.cat\/saa\/wp-content\/uploads\/sites\/347\/2023\/03\/93634.png 512w, https:\/\/webs.uab.cat\/saa\/wp-content\/uploads\/sites\/347\/2023\/03\/93634-300x300.png 300w, https:\/\/webs.uab.cat\/saa\/wp-content\/uploads\/sites\/347\/2023\/03\/93634-150x150.png 150w\" sizes=\"auto, (max-width: 57px) 100vw, 57px\" \/><\/a><\/figure>\n<\/div>\n\n\n<p class=\"has-text-align-center\"><\/p>\n","protected":false},"excerpt":{"rendered":"<p>L\u2019observaci\u00f3 dels estigmes de desgast resulta fonamental per identificar les activitats de producci\u00f3 on van intervenir els artefactes. Per aquest fet, s\u2019observen les superf\u00edcies d\u2019artefactes arqueol\u00f2gics, etnogr\u00e0fics i experimentals sota la lupa binocular (60-80x) i el microscopi (fins a 500x). En casos concrets, pot ser necessari realitzar r\u00e8pliques de les superf\u00edcies de treball per a [&hellip;]<\/p>\n","protected":false},"author":20,"featured_media":204,"parent":0,"menu_order":0,"comment_status":"closed","ping_status":"closed","template":"","meta":{"footnotes":""},"class_list":["post-206","page","type-page","status-publish","has-post-thumbnail","hentry"],"_links":{"self":[{"href":"https:\/\/webs.uab.cat\/saa\/wp-json\/wp\/v2\/pages\/206","targetHints":{"allow":["GET"]}}],"collection":[{"href":"https:\/\/webs.uab.cat\/saa\/wp-json\/wp\/v2\/pages"}],"about":[{"href":"https:\/\/webs.uab.cat\/saa\/wp-json\/wp\/v2\/types\/page"}],"author":[{"embeddable":true,"href":"https:\/\/webs.uab.cat\/saa\/wp-json\/wp\/v2\/users\/20"}],"replies":[{"embeddable":true,"href":"https:\/\/webs.uab.cat\/saa\/wp-json\/wp\/v2\/comments?post=206"}],"version-history":[{"count":2,"href":"https:\/\/webs.uab.cat\/saa\/wp-json\/wp\/v2\/pages\/206\/revisions"}],"predecessor-version":[{"id":554,"href":"https:\/\/webs.uab.cat\/saa\/wp-json\/wp\/v2\/pages\/206\/revisions\/554"}],"wp:featuredmedia":[{"embeddable":true,"href":"https:\/\/webs.uab.cat\/saa\/wp-json\/wp\/v2\/media\/204"}],"wp:attachment":[{"href":"https:\/\/webs.uab.cat\/saa\/wp-json\/wp\/v2\/media?parent=206"}],"curies":[{"name":"wp","href":"https:\/\/api.w.org\/{rel}","templated":true}]}}