{"id":210,"date":"2022-06-29T12:26:40","date_gmt":"2022-06-29T10:26:40","guid":{"rendered":"https:\/\/webs.uab.cat\/saa\/microscopia\/"},"modified":"2023-03-02T09:01:03","modified_gmt":"2023-03-02T07:01:03","slug":"microscopia","status":"publish","type":"page","link":"https:\/\/webs.uab.cat\/saa\/microscopia\/","title":{"rendered":"MICROSCOPIA ELETR\u00d2NICA DE RASTREIG"},"content":{"rendered":"\n<figure class=\"wp-block-image size-large\"><img loading=\"lazy\" decoding=\"async\" width=\"1024\" height=\"340\" src=\"https:\/\/webs.uab.cat\/saa\/wp-content\/uploads\/sites\/347\/2023\/03\/microscopia_electronica_de_rastreig-1024x340.jpg\" alt=\"\" class=\"wp-image-556\" srcset=\"https:\/\/webs.uab.cat\/saa\/wp-content\/uploads\/sites\/347\/2023\/03\/microscopia_electronica_de_rastreig-1024x340.jpg 1024w, https:\/\/webs.uab.cat\/saa\/wp-content\/uploads\/sites\/347\/2023\/03\/microscopia_electronica_de_rastreig-300x100.jpg 300w, https:\/\/webs.uab.cat\/saa\/wp-content\/uploads\/sites\/347\/2023\/03\/microscopia_electronica_de_rastreig-768x255.jpg 768w, https:\/\/webs.uab.cat\/saa\/wp-content\/uploads\/sites\/347\/2023\/03\/microscopia_electronica_de_rastreig.jpg 1200w\" sizes=\"auto, (max-width: 1024px) 100vw, 1024px\" \/><\/figure>\n\n\n\n<p>Aquesta t\u00e8cnica es du a terme mitjan\u00e7ant un MEG-EDX que \u00e9s utilitzat per a identificar elements qu\u00edmics de naturalesa inorg\u00e0nica. Els aspectes d\u2019inter\u00e8s que ofereix aquesta t\u00e8cnica s\u00f3n:<\/p>\n\n\n\n<ol class=\"wp-block-list\"><li>Determinaci\u00f3 de la composici\u00f3 elemental dels materials, en aquest cas, adherits. Aquest fet permet interpretar la naturalesa dels materials que estigueren en contacte amb els artefactes<\/li><li>Disposa d\u2019un analitzador amb l\u2019avantatge de poder visualitzar i seleccionar zones espec\u00edfiques dins del material per a la serva determinaci\u00f3<\/li><li>T\u00e8cnica no destructiva fins a una mida determinada de la mostra<\/li><\/ol>\n\n\n<div class=\"wp-block-image\">\n<figure class=\"aligncenter size-full is-resized\"><a href=\"https:\/\/webs.uab.cat\/analisis\"><img loading=\"lazy\" decoding=\"async\" src=\"https:\/\/webs.uab.cat\/saa\/wp-content\/uploads\/sites\/347\/2023\/03\/93634.png\" alt=\"\" class=\"wp-image-531\" width=\"57\" height=\"57\" srcset=\"https:\/\/webs.uab.cat\/saa\/wp-content\/uploads\/sites\/347\/2023\/03\/93634.png 512w, https:\/\/webs.uab.cat\/saa\/wp-content\/uploads\/sites\/347\/2023\/03\/93634-300x300.png 300w, https:\/\/webs.uab.cat\/saa\/wp-content\/uploads\/sites\/347\/2023\/03\/93634-150x150.png 150w\" sizes=\"auto, (max-width: 57px) 100vw, 57px\" \/><\/a><\/figure>\n<\/div>\n\n\n<p class=\"has-text-align-center\"><\/p>\n","protected":false},"excerpt":{"rendered":"<p>Aquesta t\u00e8cnica es du a terme mitjan\u00e7ant un MEG-EDX que \u00e9s utilitzat per a identificar elements qu\u00edmics de naturalesa inorg\u00e0nica. Els aspectes d\u2019inter\u00e8s que ofereix aquesta t\u00e8cnica s\u00f3n: Determinaci\u00f3 de la composici\u00f3 elemental dels materials, en aquest cas, adherits. Aquest fet permet interpretar la naturalesa dels materials que estigueren en contacte amb els artefactes Disposa [&hellip;]<\/p>\n","protected":false},"author":20,"featured_media":208,"parent":0,"menu_order":0,"comment_status":"closed","ping_status":"closed","template":"","meta":{"footnotes":""},"class_list":["post-210","page","type-page","status-publish","has-post-thumbnail","hentry"],"_links":{"self":[{"href":"https:\/\/webs.uab.cat\/saa\/wp-json\/wp\/v2\/pages\/210","targetHints":{"allow":["GET"]}}],"collection":[{"href":"https:\/\/webs.uab.cat\/saa\/wp-json\/wp\/v2\/pages"}],"about":[{"href":"https:\/\/webs.uab.cat\/saa\/wp-json\/wp\/v2\/types\/page"}],"author":[{"embeddable":true,"href":"https:\/\/webs.uab.cat\/saa\/wp-json\/wp\/v2\/users\/20"}],"replies":[{"embeddable":true,"href":"https:\/\/webs.uab.cat\/saa\/wp-json\/wp\/v2\/comments?post=210"}],"version-history":[{"count":1,"href":"https:\/\/webs.uab.cat\/saa\/wp-json\/wp\/v2\/pages\/210\/revisions"}],"predecessor-version":[{"id":558,"href":"https:\/\/webs.uab.cat\/saa\/wp-json\/wp\/v2\/pages\/210\/revisions\/558"}],"wp:featuredmedia":[{"embeddable":true,"href":"https:\/\/webs.uab.cat\/saa\/wp-json\/wp\/v2\/media\/208"}],"wp:attachment":[{"href":"https:\/\/webs.uab.cat\/saa\/wp-json\/wp\/v2\/media?parent=210"}],"curies":[{"name":"wp","href":"https:\/\/api.w.org\/{rel}","templated":true}]}}