{"id":218,"date":"2022-07-26T12:52:11","date_gmt":"2022-07-26T10:52:11","guid":{"rendered":"https:\/\/webs.uab.cat\/saa\/tarifes\/"},"modified":"2026-01-19T10:32:03","modified_gmt":"2026-01-19T08:32:03","slug":"tarifes","status":"publish","type":"page","link":"https:\/\/webs.uab.cat\/saa\/tarifes\/","title":{"rendered":"Tarifes"},"content":{"rendered":"\n<p>La taula seg\u00fcent inclou les tarifes del Servei d&#8217;An\u00e0lisis Arqueol\u00f2giques aprovades segons l&#8217;acord CE 133\/2025 i vigents: <a href=\"https:\/\/webs.uab.cat\/saa\/wp-content\/uploads\/sites\/347\/2026\/01\/2026-Document-Publicacio-web-Tarifes-LPS_UAB_PREH.pdf\">Descarregar document en pdf<\/a><\/p>\n\n\n\n<p><\/p>\n","protected":false},"excerpt":{"rendered":"<p>La taula seg\u00fcent inclou les tarifes del Servei d&#8217;An\u00e0lisis Arqueol\u00f2giques aprovades segons l&#8217;acord CE 133\/2025 i vigents: Descarregar document en pdf<\/p>\n","protected":false},"author":20,"featured_media":0,"parent":0,"menu_order":0,"comment_status":"closed","ping_status":"closed","template":"","meta":{"footnotes":""},"class_list":["post-218","page","type-page","status-publish","hentry"],"_links":{"self":[{"href":"https:\/\/webs.uab.cat\/saa\/wp-json\/wp\/v2\/pages\/218","targetHints":{"allow":["GET"]}}],"collection":[{"href":"https:\/\/webs.uab.cat\/saa\/wp-json\/wp\/v2\/pages"}],"about":[{"href":"https:\/\/webs.uab.cat\/saa\/wp-json\/wp\/v2\/types\/page"}],"author":[{"embeddable":true,"href":"https:\/\/webs.uab.cat\/saa\/wp-json\/wp\/v2\/users\/20"}],"replies":[{"embeddable":true,"href":"https:\/\/webs.uab.cat\/saa\/wp-json\/wp\/v2\/comments?post=218"}],"version-history":[{"count":11,"href":"https:\/\/webs.uab.cat\/saa\/wp-json\/wp\/v2\/pages\/218\/revisions"}],"predecessor-version":[{"id":766,"href":"https:\/\/webs.uab.cat\/saa\/wp-json\/wp\/v2\/pages\/218\/revisions\/766"}],"wp:attachment":[{"href":"https:\/\/webs.uab.cat\/saa\/wp-json\/wp\/v2\/media?parent=218"}],"curies":[{"name":"wp","href":"https:\/\/api.w.org\/{rel}","templated":true}]}}