{"id":51,"date":"2010-06-22T15:30:20","date_gmt":"2010-06-22T13:30:20","guid":{"rendered":"https:\/\/webs.uab.cat\/saa\/presentacio\/"},"modified":"2023-02-24T17:59:01","modified_gmt":"2023-02-24T15:59:01","slug":"presentacio","status":"publish","type":"page","link":"https:\/\/webs.uab.cat\/saa\/","title":{"rendered":"Presentaci\u00f3"},"content":{"rendered":"\n<p>Us donem la benvinguda a la p\u00e0gina web del Servei d&#8217;An\u00e0lisis Arqueol\u00f2giques de la UAB. Aquesta iniciativa neix amb la intenci\u00f3 d\u2019oferir el coneixement cient\u00edfic i l\u2019experi\u00e8ncia professional dels seus membres aix\u00ed com els mitjans t\u00e8cnics disponibles per a contribuir al desenvolupament de la pr\u00e0ctica arqueol\u00f2gica, tot proporcionant assessorament i suport anal\u00edtic a la comunitat cient\u00edfica i professional aix\u00ed com a la societat en general.<\/p>\n\n\n\n<p>Des del Servei d&#8217;An\u00e0lisis Arqueol\u00f2giques acceptem enc\u00e0rrecs que qualsevol entitat p\u00fablica o privada pugui oferir (grups de recerca, empreses, investigadors\/es o altres institucions adscrites o externes a la UAB), sempre i quan aquests estiguin vinculats a mat\u00e8ries arqueol\u00f2giques. Els objectius espec\u00edfics de la seva tasca s\u00f3n els seg\u00fcents:<\/p>\n\n\n\n<ul class=\"wp-block-list\"><li>Realitzar treballs de prospecci\u00f3 i excavaci\u00f3 en jaciments arqueol\u00f2gics.<\/li><li>Dur a terme an\u00e0lisis arqueol\u00f2giques en els diferents camps d&#8217;actuaci\u00f3 de l&#8217;arqueologia.<\/li><li>Proporcionar assessorament per la valoritzaci\u00f3 social del patrimoni arqueol\u00f2gic<\/li><li>Dinamitzar, optimitzar i potenciar els recursos materials de la UAB en l&#8217;\u00e0mbit de la recerca arqueol\u00f2gica.<\/li><\/ul>\n\n\n<div class=\"wp-block-image\">\n<figure class=\"aligncenter size-full\"><img loading=\"lazy\" decoding=\"async\" width=\"689\" height=\"243\" src=\"https:\/\/webs.uab.cat\/saa\/wp-content\/uploads\/sites\/347\/2023\/02\/logo_0.jpg\" alt=\"\" class=\"wp-image-469\" srcset=\"https:\/\/webs.uab.cat\/saa\/wp-content\/uploads\/sites\/347\/2023\/02\/logo_0.jpg 689w, https:\/\/webs.uab.cat\/saa\/wp-content\/uploads\/sites\/347\/2023\/02\/logo_0-300x106.jpg 300w\" sizes=\"auto, (max-width: 689px) 100vw, 689px\" \/><\/figure>\n<\/div>\n\n\n<p class=\"has-text-align-center\"><\/p>\n","protected":false},"excerpt":{"rendered":"<p>Us donem la benvinguda a la p\u00e0gina web del Servei d&#8217;An\u00e0lisis Arqueol\u00f2giques de la UAB. Aquesta iniciativa neix amb la intenci\u00f3 d\u2019oferir el coneixement cient\u00edfic i l\u2019experi\u00e8ncia professional dels seus membres aix\u00ed com els mitjans t\u00e8cnics disponibles per a contribuir al desenvolupament de la pr\u00e0ctica arqueol\u00f2gica, tot proporcionant assessorament i suport anal\u00edtic a la comunitat [&hellip;]<\/p>\n","protected":false},"author":20,"featured_media":49,"parent":0,"menu_order":0,"comment_status":"closed","ping_status":"closed","template":"","meta":{"footnotes":""},"class_list":["post-51","page","type-page","status-publish","has-post-thumbnail","hentry"],"_links":{"self":[{"href":"https:\/\/webs.uab.cat\/saa\/wp-json\/wp\/v2\/pages\/51","targetHints":{"allow":["GET"]}}],"collection":[{"href":"https:\/\/webs.uab.cat\/saa\/wp-json\/wp\/v2\/pages"}],"about":[{"href":"https:\/\/webs.uab.cat\/saa\/wp-json\/wp\/v2\/types\/page"}],"author":[{"embeddable":true,"href":"https:\/\/webs.uab.cat\/saa\/wp-json\/wp\/v2\/users\/20"}],"replies":[{"embeddable":true,"href":"https:\/\/webs.uab.cat\/saa\/wp-json\/wp\/v2\/comments?post=51"}],"version-history":[{"count":5,"href":"https:\/\/webs.uab.cat\/saa\/wp-json\/wp\/v2\/pages\/51\/revisions"}],"predecessor-version":[{"id":516,"href":"https:\/\/webs.uab.cat\/saa\/wp-json\/wp\/v2\/pages\/51\/revisions\/516"}],"wp:featuredmedia":[{"embeddable":true,"href":"https:\/\/webs.uab.cat\/saa\/wp-json\/wp\/v2\/media\/49"}],"wp:attachment":[{"href":"https:\/\/webs.uab.cat\/saa\/wp-json\/wp\/v2\/media?parent=51"}],"curies":[{"name":"wp","href":"https:\/\/api.w.org\/{rel}","templated":true}]}}