{"id":32,"date":"2022-08-15T14:00:26","date_gmt":"2022-08-15T14:00:26","guid":{"rendered":"https:\/\/webs.uab.cat\/saiam\/?page_id=32"},"modified":"2022-08-15T14:03:14","modified_gmt":"2022-08-15T14:03:14","slug":"serveis","status":"publish","type":"page","link":"https:\/\/webs.uab.cat\/saiam\/serveis\/","title":{"rendered":"Serveis"},"content":{"rendered":"\n<ul class=\"wp-block-list\"><li><a href=\"https:\/\/webs.uab.cat\/saiam\/en-lambit-de-lalimentacio\/\" data-type=\"page\" data-id=\"34\">En l&#8217;\u00e0mbit de l&#8217;alimentaci\u00f3<\/a><\/li><li><a href=\"https:\/\/webs.uab.cat\/saiam\/en-lambit-de-la-biomedicina\/\" data-type=\"page\" data-id=\"38\">En l&#8217;ambit de la biomedicina<\/a><\/li><li><a href=\"https:\/\/webs.uab.cat\/saiam\/en-lambit-de-la-nanotecnologia\/\" data-type=\"page\" data-id=\"36\">En l&#8217;\u00e0mbit de la nanotecnologia<\/a><\/li><\/ul>\n","protected":false},"excerpt":{"rendered":"<p>En l&#8217;\u00e0mbit de l&#8217;alimentaci\u00f3 En l&#8217;ambit de la biomedicina En l&#8217;\u00e0mbit de la nanotecnologia<\/p>\n","protected":false},"author":20,"featured_media":0,"parent":0,"menu_order":0,"comment_status":"closed","ping_status":"closed","template":"","meta":{"footnotes":""},"class_list":["post-32","page","type-page","status-publish","hentry"],"_links":{"self":[{"href":"https:\/\/webs.uab.cat\/saiam\/wp-json\/wp\/v2\/pages\/32","targetHints":{"allow":["GET"]}}],"collection":[{"href":"https:\/\/webs.uab.cat\/saiam\/wp-json\/wp\/v2\/pages"}],"about":[{"href":"https:\/\/webs.uab.cat\/saiam\/wp-json\/wp\/v2\/types\/page"}],"author":[{"embeddable":true,"href":"https:\/\/webs.uab.cat\/saiam\/wp-json\/wp\/v2\/users\/20"}],"replies":[{"embeddable":true,"href":"https:\/\/webs.uab.cat\/saiam\/wp-json\/wp\/v2\/comments?post=32"}],"version-history":[{"count":2,"href":"https:\/\/webs.uab.cat\/saiam\/wp-json\/wp\/v2\/pages\/32\/revisions"}],"predecessor-version":[{"id":48,"href":"https:\/\/webs.uab.cat\/saiam\/wp-json\/wp\/v2\/pages\/32\/revisions\/48"}],"wp:attachment":[{"href":"https:\/\/webs.uab.cat\/saiam\/wp-json\/wp\/v2\/media?parent=32"}],"curies":[{"name":"wp","href":"https:\/\/api.w.org\/{rel}","templated":true}]}}