{"id":34,"date":"2022-08-15T14:00:45","date_gmt":"2022-08-15T14:00:45","guid":{"rendered":"https:\/\/webs.uab.cat\/saiam\/?page_id=34"},"modified":"2022-08-15T14:00:46","modified_gmt":"2022-08-15T14:00:46","slug":"en-lambit-de-lalimentacio","status":"publish","type":"page","link":"https:\/\/webs.uab.cat\/saiam\/en-lambit-de-lalimentacio\/","title":{"rendered":"En l&#8217;\u00e0mbit de l&#8217;alimentaci\u00f3"},"content":{"rendered":"\n<ul class=\"wp-block-list\"><li><strong>Microbiologia r\u00e0pida i molecular:<\/strong><ul><li>Estudi de la resist\u00e8ncia a antibacterians per m\u00e8todes convencionals i moleculars<\/li><li>Plasmidis: Identificaci\u00f3, caracteritzaci\u00f3 i curaci\u00f3<\/li><li>Diversitat i metagen\u00f2mica<\/li><\/ul><\/li><li><strong>Higiene i desinfecci\u00f3:<\/strong><ul><li>A\u00efllament i caracteritzaci\u00f3 de bacteri\u00f2fags pel control bacteri\u00e0 d&#8217;aliments i la desinfecci\u00f3 d&#8217;instal\u00b7lacions<\/li><li>Millora de l&#8217;activitat antibacteriana dels bacteri\u00f2fags per m\u00e8todes de nanoencapsulaci\u00f3<\/li><\/ul><\/li><li><strong>Toxicologia<\/strong><ul><li>Avaluaci\u00f3 mutag\u00e8nica<\/li><\/ul><\/li><li><strong>Instal\u00b7lacions i assessorament<\/strong><ul><li>Formaci\u00f3 i assessorament en el disseny de projectes i protocols convencionals i moleculars aplicats als microorganismes<\/li><li>Transfer\u00e8ncia de tecnologia<\/li><\/ul><\/li><\/ul>\n","protected":false},"excerpt":{"rendered":"<p>Microbiologia r\u00e0pida i molecular: Estudi de la resist\u00e8ncia a antibacterians per m\u00e8todes convencionals i moleculars Plasmidis: Identificaci\u00f3, caracteritzaci\u00f3 i curaci\u00f3 Diversitat i metagen\u00f2mica Higiene i desinfecci\u00f3: A\u00efllament i caracteritzaci\u00f3 de bacteri\u00f2fags pel control bacteri\u00e0 d&#8217;aliments i la desinfecci\u00f3 d&#8217;instal\u00b7lacions Millora de l&#8217;activitat antibacteriana dels bacteri\u00f2fags per m\u00e8todes de nanoencapsulaci\u00f3 Toxicologia Avaluaci\u00f3 mutag\u00e8nica Instal\u00b7lacions i assessorament [&hellip;]<\/p>\n","protected":false},"author":20,"featured_media":0,"parent":0,"menu_order":0,"comment_status":"closed","ping_status":"closed","template":"","meta":{"footnotes":""},"class_list":["post-34","page","type-page","status-publish","hentry"],"_links":{"self":[{"href":"https:\/\/webs.uab.cat\/saiam\/wp-json\/wp\/v2\/pages\/34","targetHints":{"allow":["GET"]}}],"collection":[{"href":"https:\/\/webs.uab.cat\/saiam\/wp-json\/wp\/v2\/pages"}],"about":[{"href":"https:\/\/webs.uab.cat\/saiam\/wp-json\/wp\/v2\/types\/page"}],"author":[{"embeddable":true,"href":"https:\/\/webs.uab.cat\/saiam\/wp-json\/wp\/v2\/users\/20"}],"replies":[{"embeddable":true,"href":"https:\/\/webs.uab.cat\/saiam\/wp-json\/wp\/v2\/comments?post=34"}],"version-history":[{"count":1,"href":"https:\/\/webs.uab.cat\/saiam\/wp-json\/wp\/v2\/pages\/34\/revisions"}],"predecessor-version":[{"id":35,"href":"https:\/\/webs.uab.cat\/saiam\/wp-json\/wp\/v2\/pages\/34\/revisions\/35"}],"wp:attachment":[{"href":"https:\/\/webs.uab.cat\/saiam\/wp-json\/wp\/v2\/media?parent=34"}],"curies":[{"name":"wp","href":"https:\/\/api.w.org\/{rel}","templated":true}]}}