{"id":369,"date":"2024-02-01T12:19:44","date_gmt":"2024-02-01T10:19:44","guid":{"rendered":"https:\/\/webs.uab.cat\/salut-mental-perinatal\/?page_id=369"},"modified":"2024-04-30T09:06:30","modified_gmt":"2024-04-30T07:06:30","slug":"equip","status":"publish","type":"page","link":"https:\/\/webs.uab.cat\/salut-mental-perinatal\/equip\/","title":{"rendered":"Equip"},"content":{"rendered":"\n<h2 class=\"wp-block-heading has-normal-font-size\">Investigadores Principals<\/h2>\n\n\n\n<div class=\"wp-block-columns is-layout-flex wp-container-core-columns-is-layout-9d6595d7 wp-block-columns-is-layout-flex\">\n<div class=\"wp-block-column is-layout-flow wp-block-column-is-layout-flow\">\n<figure class=\"wp-block-image size-full is-resized\"><img loading=\"lazy\" decoding=\"async\" width=\"470\" height=\"624\" src=\"https:\/\/webs.uab.cat\/salut-mental-perinatal\/wp-content\/uploads\/sites\/512\/2024\/02\/Captura-de-pantalla-2024-02-05-a-les-15.05.22.png\" alt=\"\" class=\"wp-image-526\" style=\"width:122px;height:auto\" srcset=\"https:\/\/webs.uab.cat\/salut-mental-perinatal\/wp-content\/uploads\/sites\/512\/2024\/02\/Captura-de-pantalla-2024-02-05-a-les-15.05.22.png 470w, https:\/\/webs.uab.cat\/salut-mental-perinatal\/wp-content\/uploads\/sites\/512\/2024\/02\/Captura-de-pantalla-2024-02-05-a-les-15.05.22-226x300.png 226w\" sizes=\"auto, (max-width: 470px) 100vw, 470px\" \/><\/figure>\n\n\n\n<p><a href=\"https:\/\/portalrecerca.uab.cat\/en\/persons\/susanna-subira-alvarez-3\"><strong>Susana Subir\u00e0 \u00c0lvarez<\/strong><\/a>. Doctora en Medicina i especialista en Psiquiatria. Professora titular de Psicopatologia d&#8217;adults a la Universitat Aut\u00f2noma de Barcelona. Directora del M\u00e0ster de Psicopatologia Cl\u00ednica. Cap de la Unitat de recerca en Psicopatologia i G\u00e8nere de la UAB.<\/p>\n<\/div>\n\n\n\n<div class=\"wp-block-column is-layout-flow wp-block-column-is-layout-flow\">\n<figure class=\"wp-block-image size-full is-resized\"><img loading=\"lazy\" decoding=\"async\" width=\"466\" height=\"628\" src=\"https:\/\/webs.uab.cat\/salut-mental-perinatal\/wp-content\/uploads\/sites\/512\/2024\/02\/Captura-de-pantalla-2024-02-05-a-les-15.04.13.png\" alt=\"\" class=\"wp-image-527\" style=\"width:114px;height:auto\" srcset=\"https:\/\/webs.uab.cat\/salut-mental-perinatal\/wp-content\/uploads\/sites\/512\/2024\/02\/Captura-de-pantalla-2024-02-05-a-les-15.04.13.png 466w, https:\/\/webs.uab.cat\/salut-mental-perinatal\/wp-content\/uploads\/sites\/512\/2024\/02\/Captura-de-pantalla-2024-02-05-a-les-15.04.13-223x300.png 223w\" sizes=\"auto, (max-width: 466px) 100vw, 466px\" \/><\/figure>\n\n\n\n<p><strong><a href=\"https:\/\/portalrecerca.uab.cat\/en\/persons\/estel-gelabert-arbiol-8\">Estel Gelabert Arbiol<\/a><\/strong>.Doctora en Psicologia. M\u00e0ster en Psicopatologia Cl\u00ednica de l\u2019Adult, en Ter\u00e0pia de Conducta i en Psicologia Perinatal. Professora agregada al Departament de Psicologia Cl\u00ednica i de la Salut de la UAB.&nbsp;<\/p>\n<\/div>\n<\/div>\n\n\n\n<h2 class=\"wp-block-heading has-normal-font-size\">Equip de Treball<\/h2>\n\n\n\n<div class=\"wp-block-columns is-layout-flex wp-container-core-columns-is-layout-9d6595d7 wp-block-columns-is-layout-flex\">\n<div class=\"wp-block-column is-layout-flow wp-block-column-is-layout-flow\">\n<figure class=\"wp-block-image size-full is-resized\"><img loading=\"lazy\" decoding=\"async\" width=\"364\" height=\"478\" src=\"https:\/\/webs.uab.cat\/salut-mental-perinatal\/wp-content\/uploads\/sites\/512\/2024\/02\/Captura-de-pantalla-2024-02-06-091242.png\" alt=\"\" class=\"wp-image-545\" style=\"width:127px;height:auto\" srcset=\"https:\/\/webs.uab.cat\/salut-mental-perinatal\/wp-content\/uploads\/sites\/512\/2024\/02\/Captura-de-pantalla-2024-02-06-091242.png 364w, https:\/\/webs.uab.cat\/salut-mental-perinatal\/wp-content\/uploads\/sites\/512\/2024\/02\/Captura-de-pantalla-2024-02-06-091242-228x300.png 228w\" sizes=\"auto, (max-width: 364px) 100vw, 364px\" \/><\/figure>\n\n\n\n<p><strong>Aina Casarramona Basany. <\/strong>PhD Student Psicologia Cl\u00ednica (UAB). M\u00e0ster en Psicologia General Sanit\u00e0ria. Graduada en Psicologia.<\/p>\n<\/div>\n\n\n\n<div class=\"wp-block-column is-layout-flow wp-block-column-is-layout-flow\">\n<figure class=\"wp-block-image size-large is-resized\"><img loading=\"lazy\" decoding=\"async\" width=\"769\" height=\"1024\" src=\"https:\/\/webs.uab.cat\/salut-mental-perinatal\/wp-content\/uploads\/sites\/512\/2024\/02\/foto-noe-1-769x1024.png\" alt=\"\" class=\"wp-image-356\" style=\"width:125px;height:auto\" srcset=\"https:\/\/webs.uab.cat\/salut-mental-perinatal\/wp-content\/uploads\/sites\/512\/2024\/02\/foto-noe-1-769x1024.png 769w, https:\/\/webs.uab.cat\/salut-mental-perinatal\/wp-content\/uploads\/sites\/512\/2024\/02\/foto-noe-1-225x300.png 225w, https:\/\/webs.uab.cat\/salut-mental-perinatal\/wp-content\/uploads\/sites\/512\/2024\/02\/foto-noe-1-768x1023.png 768w, https:\/\/webs.uab.cat\/salut-mental-perinatal\/wp-content\/uploads\/sites\/512\/2024\/02\/foto-noe-1.png 1149w\" sizes=\"auto, (max-width: 769px) 100vw, 769px\" \/><\/figure>\n\n\n\n<p><strong>Noelia Fern\u00e1ndez Jarabo.<\/strong> PhD Student Psicologia Cl\u00ednica (UAB). M\u00e0ster en Psicologia General Sanitaria. Postgrau en Psicologia Perinatal. Graduada en Psicologia.<\/p>\n<\/div>\n\n\n\n<div class=\"wp-block-column is-layout-flow wp-block-column-is-layout-flow\">\n<p><\/p>\n<\/div>\n<\/div>\n\n\n\n<div class=\"wp-block-columns is-layout-flex wp-container-core-columns-is-layout-9d6595d7 wp-block-columns-is-layout-flex\">\n<div class=\"wp-block-column is-layout-flow wp-block-column-is-layout-flow\">\n<figure class=\"wp-block-image size-full is-resized\"><img loading=\"lazy\" decoding=\"async\" width=\"464\" height=\"622\" src=\"https:\/\/webs.uab.cat\/salut-mental-perinatal\/wp-content\/uploads\/sites\/512\/2024\/02\/Captura-de-pantalla-2024-02-05-a-les-15.09.29.png\" alt=\"\" class=\"wp-image-530\" style=\"width:122px;height:auto\" srcset=\"https:\/\/webs.uab.cat\/salut-mental-perinatal\/wp-content\/uploads\/sites\/512\/2024\/02\/Captura-de-pantalla-2024-02-05-a-les-15.09.29.png 464w, https:\/\/webs.uab.cat\/salut-mental-perinatal\/wp-content\/uploads\/sites\/512\/2024\/02\/Captura-de-pantalla-2024-02-05-a-les-15.09.29-224x300.png 224w\" sizes=\"auto, (max-width: 464px) 100vw, 464px\" \/><\/figure>\n\n\n\n<p><strong>Alba Rodr\u00edguez Troncho<\/strong>. Beca de Col\u00b7laboraci\u00f3 al Departamen de Psicologia Cl\u00ednica i de la Salut. Estudiant del Grau de Psicolog\u00eda (UAB). <\/p>\n<\/div>\n\n\n\n<div class=\"wp-block-column is-layout-flow wp-block-column-is-layout-flow\">\n<figure class=\"wp-block-image size-full is-resized\"><img loading=\"lazy\" decoding=\"async\" width=\"476\" height=\"630\" src=\"https:\/\/webs.uab.cat\/salut-mental-perinatal\/wp-content\/uploads\/sites\/512\/2024\/02\/Captura-de-pantalla-2024-02-05-a-les-15.11.53.png\" alt=\"\" class=\"wp-image-533\" style=\"width:122px;height:auto\" srcset=\"https:\/\/webs.uab.cat\/salut-mental-perinatal\/wp-content\/uploads\/sites\/512\/2024\/02\/Captura-de-pantalla-2024-02-05-a-les-15.11.53.png 476w, https:\/\/webs.uab.cat\/salut-mental-perinatal\/wp-content\/uploads\/sites\/512\/2024\/02\/Captura-de-pantalla-2024-02-05-a-les-15.11.53-227x300.png 227w\" sizes=\"auto, (max-width: 476px) 100vw, 476px\" \/><\/figure>\n\n\n\n<p><strong>Bertha Vilaseca Garc\u00eda<\/strong>. PhD Student Psicologia Cl\u00ednica (UAB). M\u00e0ster en Ter\u00e0pia Cognitivo Social (UB). Resident de 4t any de Psicologia Cl\u00ednica a l&#8217;Hospital Benito Menni.<\/p>\n<\/div>\n\n\n\n<div class=\"wp-block-column is-layout-flow wp-block-column-is-layout-flow\"><\/div>\n<\/div>\n","protected":false},"excerpt":{"rendered":"<p>Investigadores Principals Susana Subir\u00e0 \u00c0lvarez. Doctora en Medicina i especialista en Psiquiatria. Professora titular de Psicopatologia d&#8217;adults a la Universitat Aut\u00f2noma de Barcelona. Directora del M\u00e0ster de Psicopatologia Cl\u00ednica. Cap de la Unitat de recerca en Psicopatologia i G\u00e8nere de la UAB. Estel Gelabert Arbiol.Doctora en Psicologia. M\u00e0ster en Psicopatologia Cl\u00ednica de l\u2019Adult, en Ter\u00e0pia [&hellip;]<\/p>\n","protected":false},"author":2808,"featured_media":0,"parent":0,"menu_order":3,"comment_status":"closed","ping_status":"closed","template":"","meta":{"footnotes":""},"class_list":["post-369","page","type-page","status-publish","hentry"],"_links":{"self":[{"href":"https:\/\/webs.uab.cat\/salut-mental-perinatal\/wp-json\/wp\/v2\/pages\/369","targetHints":{"allow":["GET"]}}],"collection":[{"href":"https:\/\/webs.uab.cat\/salut-mental-perinatal\/wp-json\/wp\/v2\/pages"}],"about":[{"href":"https:\/\/webs.uab.cat\/salut-mental-perinatal\/wp-json\/wp\/v2\/types\/page"}],"author":[{"embeddable":true,"href":"https:\/\/webs.uab.cat\/salut-mental-perinatal\/wp-json\/wp\/v2\/users\/2808"}],"replies":[{"embeddable":true,"href":"https:\/\/webs.uab.cat\/salut-mental-perinatal\/wp-json\/wp\/v2\/comments?post=369"}],"version-history":[{"count":17,"href":"https:\/\/webs.uab.cat\/salut-mental-perinatal\/wp-json\/wp\/v2\/pages\/369\/revisions"}],"predecessor-version":[{"id":661,"href":"https:\/\/webs.uab.cat\/salut-mental-perinatal\/wp-json\/wp\/v2\/pages\/369\/revisions\/661"}],"wp:attachment":[{"href":"https:\/\/webs.uab.cat\/salut-mental-perinatal\/wp-json\/wp\/v2\/media?parent=369"}],"curies":[{"name":"wp","href":"https:\/\/api.w.org\/{rel}","templated":true}]}}