{"id":632,"date":"2024-04-08T08:14:14","date_gmt":"2024-04-08T06:14:14","guid":{"rendered":"https:\/\/webs.uab.cat\/salut-mental-perinatal\/?page_id=632"},"modified":"2024-04-11T13:31:57","modified_gmt":"2024-04-11T11:31:57","slug":"que-fem","status":"publish","type":"page","link":"https:\/\/webs.uab.cat\/salut-mental-perinatal\/","title":{"rendered":"Qu\u00e8 fem?"},"content":{"rendered":"\n<p>El <strong>Grup de Recerca Salut Mental Perinatal (SAMEPE)<\/strong> du a terme projectes d&#8217;investigaci\u00f3 en el camp de la <strong>psicologia perinatal.<\/strong> Es tracta d&#8217;un <strong>grup consolidat<\/strong> i amb una <strong>llarga traject\u00f2ria investigadora<\/strong>, que s&#8217;ha centrat en l&#8217;estudi de la prevalen\u00e7a,  dels factors de risc i l&#8217;evoluci\u00f3 dels trastorns de salut mental perinatal, la validaci\u00f3 d&#8217;instruments d&#8217;avaluaci\u00f3, l&#8217;impacte del vincle mare-nad\u00f3 i l&#8217;efic\u00e0cia de les intervencions psicol\u00f2giques.<\/p>\n\n\n\n<p>Actualment, el grup desenvolupa recerques que estudien la <strong>influ\u00e8ncia de la cognici\u00f3 social en la interacci\u00f3 mare-nad\u00f3<\/strong> i que posen el focus en la <strong>prevenci\u00f3 i promoci\u00f3 de la salut.<\/strong>  Aquests projectes l&#8217;objectiu d&#8217;avaluar i implementar intervencions basades en l&#8217;evid\u00e8ncia cient\u00edfica per a prevenir i\/o intervenir en els trastorns de salut mental que poden esdevenir durant el&nbsp;<strong>per\u00edode perinatal<\/strong> (que inclou l\u2019<strong>embar\u00e0s<\/strong>,&nbsp; el <strong>par<\/strong>t&nbsp;i el <strong>primer any postpart<\/strong>) i estudiar-ne l&#8217;efectivitat.<\/p>\n\n\n\n<p>A banda de l&#8217;activitat investigadora, <strong>SAMEPE<\/strong> t\u00e9 la finalitat de:<\/p>\n\n\n\n<ul class=\"wp-block-list\">\n<li>Fer <strong>difusi\u00f3 i transfer\u00e8ncia<\/strong> dels resultats d&#8217;investigaci\u00f3.<\/li>\n\n\n\n<li> Realitzar<strong> formacions<\/strong>  sobre els diferents aspectes relacionats amb l&#8217;estudi de la salut mental perinatal.<\/li>\n\n\n\n<li><strong>Promocionar la salut mental<\/strong> tant de les mares com els nadons. <\/li>\n<\/ul>\n\n\n\n<p><\/p>\n\n\n\n<p><\/p>\n","protected":false},"excerpt":{"rendered":"<p>El Grup de Recerca Salut Mental Perinatal (SAMEPE) du a terme projectes d&#8217;investigaci\u00f3 en el camp de la psicologia perinatal. Es tracta d&#8217;un grup consolidat i amb una llarga traject\u00f2ria investigadora, que s&#8217;ha centrat en l&#8217;estudi de la prevalen\u00e7a, dels factors de risc i l&#8217;evoluci\u00f3 dels trastorns de salut mental perinatal, la validaci\u00f3 d&#8217;instruments d&#8217;avaluaci\u00f3, [&hellip;]<\/p>\n","protected":false},"author":2808,"featured_media":0,"parent":0,"menu_order":1,"comment_status":"closed","ping_status":"closed","template":"","meta":{"footnotes":""},"class_list":["post-632","page","type-page","status-publish","hentry"],"_links":{"self":[{"href":"https:\/\/webs.uab.cat\/salut-mental-perinatal\/wp-json\/wp\/v2\/pages\/632","targetHints":{"allow":["GET"]}}],"collection":[{"href":"https:\/\/webs.uab.cat\/salut-mental-perinatal\/wp-json\/wp\/v2\/pages"}],"about":[{"href":"https:\/\/webs.uab.cat\/salut-mental-perinatal\/wp-json\/wp\/v2\/types\/page"}],"author":[{"embeddable":true,"href":"https:\/\/webs.uab.cat\/salut-mental-perinatal\/wp-json\/wp\/v2\/users\/2808"}],"replies":[{"embeddable":true,"href":"https:\/\/webs.uab.cat\/salut-mental-perinatal\/wp-json\/wp\/v2\/comments?post=632"}],"version-history":[{"count":13,"href":"https:\/\/webs.uab.cat\/salut-mental-perinatal\/wp-json\/wp\/v2\/pages\/632\/revisions"}],"predecessor-version":[{"id":655,"href":"https:\/\/webs.uab.cat\/salut-mental-perinatal\/wp-json\/wp\/v2\/pages\/632\/revisions\/655"}],"wp:attachment":[{"href":"https:\/\/webs.uab.cat\/salut-mental-perinatal\/wp-json\/wp\/v2\/media?parent=632"}],"curies":[{"name":"wp","href":"https:\/\/api.w.org\/{rel}","templated":true}]}}