{"id":29,"date":"2019-10-02T13:01:45","date_gmt":"2019-10-02T11:01:45","guid":{"rendered":"http:\/\/blogs.uab.cat\/salutcomunitaria\/?page_id=29"},"modified":"2022-07-14T14:05:46","modified_gmt":"2022-07-14T12:05:46","slug":"informes-de-resultats","status":"publish","type":"page","link":"https:\/\/webs.uab.cat\/salutcomunitaria\/informes-de-resultats\/","title":{"rendered":"Informes de Resultats"},"content":{"rendered":"<p>Us presentem els informes de resultats generats al llarg del projecte en format pdf:<\/p>\n<ul>\n<li><a href=\"https:\/\/webs.uab.cat\/salutcomunitaria\/wp-content\/uploads\/sites\/38\/2020\/06\/Glossari-Salut-Comunitaria-Barcelona-2015.pdf\" target=\"_blank\" rel=\"noopener noreferrer\">Glossari de l\u2019acci\u00f3 comunit\u00e0ria en salut<\/a><\/li>\n<li><a href=\"https:\/\/webs.uab.cat\/salutcomunitaria\/wp-content\/uploads\/sites\/38\/2020\/06\/Glossari-maig-2016-REV-RG.pdf\" target=\"_blank\" rel=\"noopener noreferrer\">\u00cdndex de l\u2019acci\u00f3 comunit\u00e0ria en salut<\/a><\/li>\n<li><a href=\"https:\/\/webs.uab.cat\/salutcomunitaria\/wp-content\/uploads\/sites\/38\/2020\/06\/Informe-avenc-resultats-fase-2.pdf\" target=\"_blank\" rel=\"noopener noreferrer\">Impacte de l\u2019acci\u00f3 comunit\u00e0ria en salut<\/a><\/li>\n<li><a href=\"https:\/\/webs.uab.cat\/salutcomunitaria\/wp-content\/uploads\/sites\/38\/2020\/06\/IGOP-Marc-analitic-metodologia-general.pdf\" target=\"_blank\" rel=\"noopener noreferrer\">Estudi de barris: Marc anal\u00edtic i metodol\u00f2gic<\/a><\/li>\n<li><a href=\"https:\/\/webs.uab.cat\/salutcomunitaria\/wp-content\/uploads\/sites\/38\/2020\/06\/IGOP_Informe-Roquetes.pdf\" target=\"_blank\" rel=\"noopener noreferrer\">Estudi de barris: Roquetes<\/a><\/li>\n<li><a href=\"https:\/\/webs.uab.cat\/salutcomunitaria\/wp-content\/uploads\/sites\/38\/2020\/06\/IGOP_Informe-El-Carmel.pdf\" target=\"_blank\" rel=\"noopener noreferrer\">Estudi de barris: Carmel<\/a><\/li>\n<li><a href=\"https:\/\/webs.uab.cat\/salutcomunitaria\/wp-content\/uploads\/sites\/38\/2020\/06\/IGOP-Informe_Poble-Sec.pdf\" target=\"_blank\" rel=\"noopener noreferrer\">Estudi de barris: Poble Sec<\/a><\/li>\n<li><a href=\"https:\/\/webs.uab.cat\/salutcomunitaria\/wp-content\/uploads\/sites\/38\/2020\/06\/IGOP_Informe-Zona-Nord.pdf\" target=\"_blank\" rel=\"noopener noreferrer\">Estudi de barris: Zona Nord<\/a><\/li>\n<li><a href=\"https:\/\/webs.uab.cat\/salutcomunitaria\/wp-content\/uploads\/sites\/38\/2020\/06\/IGOP-comparacio-estudis-de-cas.pdf\" target=\"_blank\" rel=\"noopener noreferrer\">Estudi de barris: s\u00edntesi comparada de resultats<\/a><\/li>\n<li><a href=\"https:\/\/webs.uab.cat\/salutcomunitaria\/general\/document-daprenentatges-del-projecte\/\" target=\"_blank\" rel=\"noopener noreferrer\">Document d\u2019aprenentatges generals del projecte<\/a><\/li>\n<\/ul>\n","protected":false},"excerpt":{"rendered":"<p>Us presentem els informes de resultats generats al llarg del projecte en format pdf: Glossari de l\u2019acci\u00f3 comunit\u00e0ria en salut \u00cdndex de l\u2019acci\u00f3 comunit\u00e0ria en salut Impacte de l\u2019acci\u00f3 comunit\u00e0ria en salut Estudi de barris: Marc anal\u00edtic i metodol\u00f2gic Estudi de barris: Roquetes Estudi de barris: Carmel Estudi de barris: Poble Sec Estudi de barris: [&hellip;]<\/p>\n","protected":false},"author":34,"featured_media":0,"parent":0,"menu_order":0,"comment_status":"closed","ping_status":"closed","template":"","meta":{"footnotes":""},"class_list":["post-29","page","type-page","status-publish","hentry"],"_links":{"self":[{"href":"https:\/\/webs.uab.cat\/salutcomunitaria\/wp-json\/wp\/v2\/pages\/29","targetHints":{"allow":["GET"]}}],"collection":[{"href":"https:\/\/webs.uab.cat\/salutcomunitaria\/wp-json\/wp\/v2\/pages"}],"about":[{"href":"https:\/\/webs.uab.cat\/salutcomunitaria\/wp-json\/wp\/v2\/types\/page"}],"author":[{"embeddable":true,"href":"https:\/\/webs.uab.cat\/salutcomunitaria\/wp-json\/wp\/v2\/users\/34"}],"replies":[{"embeddable":true,"href":"https:\/\/webs.uab.cat\/salutcomunitaria\/wp-json\/wp\/v2\/comments?post=29"}],"version-history":[{"count":1,"href":"https:\/\/webs.uab.cat\/salutcomunitaria\/wp-json\/wp\/v2\/pages\/29\/revisions"}],"predecessor-version":[{"id":135,"href":"https:\/\/webs.uab.cat\/salutcomunitaria\/wp-json\/wp\/v2\/pages\/29\/revisions\/135"}],"wp:attachment":[{"href":"https:\/\/webs.uab.cat\/salutcomunitaria\/wp-json\/wp\/v2\/media?parent=29"}],"curies":[{"name":"wp","href":"https:\/\/api.w.org\/{rel}","templated":true}]}}