{"id":8,"date":"2019-10-02T12:59:29","date_gmt":"2019-10-02T10:59:29","guid":{"rendered":"http:\/\/blogs.uab.cat\/salutcomunitaria\/?page_id=8"},"modified":"2022-07-14T13:43:29","modified_gmt":"2022-07-14T11:43:29","slug":"mapes-de-salut","status":"publish","type":"page","link":"https:\/\/webs.uab.cat\/salutcomunitaria\/mapes-de-salut\/","title":{"rendered":"Mapes de salut"},"content":{"rendered":"\n<p>Aquest mapa de l\u2019acci\u00f3 comunit\u00e0ria en salut a Barcelona ha estat elaborat a partir de la recerca&nbsp;Salut comunit\u00e0ria: una avaluaci\u00f3 d\u2019impacte. Si voleu con\u00e8ixer m\u00e9s detalls sobre com hem elaborat el mapa i quins criteris hem seguit podeu consultar&nbsp;<a href=\"https:\/\/salutcomunitaria.com\/2015\/09\/29\/index-i-mapa-de-laccio-comunitaria-en-salut-a-barcelona\/\">aquest document<\/a>.<\/p>\n\n\n\n<p>No dubteu en deixar-nos aqu\u00ed qualsevol comentari que ens pugui ajudar a millorar el mapa a partir dels vostres coneixements. Tamb\u00e9 podeu enviar-nos un correu a&nbsp;<a href=\"mailto:comunitariasalut@gmail.com\" target=\"_blank\" rel=\"noopener noreferrer\">comunitariasalut@gmail.com<\/a><\/p>\n\n\n\n<figure class=\"wp-block-image\"><img loading=\"lazy\" decoding=\"async\" width=\"1024\" height=\"900\" src=\"https:\/\/webs.uab.cat\/salutcomunitaria\/wp-content\/uploads\/sites\/38\/2019\/10\/Barris-2015-BCN-nov-grau-accio-comunitaria-02-1024x900-1.jpg\" alt=\"\" class=\"wp-image-32\" srcset=\"https:\/\/webs.uab.cat\/salutcomunitaria\/wp-content\/uploads\/sites\/38\/2019\/10\/Barris-2015-BCN-nov-grau-accio-comunitaria-02-1024x900-1.jpg 1024w, https:\/\/webs.uab.cat\/salutcomunitaria\/wp-content\/uploads\/sites\/38\/2019\/10\/Barris-2015-BCN-nov-grau-accio-comunitaria-02-1024x900-1-300x264.jpg 300w, https:\/\/webs.uab.cat\/salutcomunitaria\/wp-content\/uploads\/sites\/38\/2019\/10\/Barris-2015-BCN-nov-grau-accio-comunitaria-02-1024x900-1-768x675.jpg 768w\" sizes=\"auto, (max-width: 1024px) 100vw, 1024px\" \/><\/figure>\n\n\n\n<p><strong>Altres mapes de salut<\/strong><\/p>\n\n\n\n<p>Com sabeu, la delimitaci\u00f3 territorial dels barris de la ciutat no coincideix amb la de les \u00c0rees B\u00e0siques de Salut (ABS). Si t\u2019interessa con\u00e8ixer els mapes en detall, pots veure les seg\u00fcents imatges.<\/p>\n\n\n\n<div class=\"wp-block-columns is-layout-flex wp-container-core-columns-is-layout-9d6595d7 wp-block-columns-is-layout-flex\">\n<div class=\"wp-block-column is-layout-flow wp-block-column-is-layout-flow\">\n<figure class=\"wp-block-image size-large\"><img loading=\"lazy\" decoding=\"async\" width=\"454\" height=\"1024\" src=\"https:\/\/webs.uab.cat\/salutcomunitaria\/wp-content\/uploads\/sites\/38\/2019\/10\/Barris-Barcelona-2015-454x1024.jpg\" alt=\"\" class=\"wp-image-66\" srcset=\"https:\/\/webs.uab.cat\/salutcomunitaria\/wp-content\/uploads\/sites\/38\/2019\/10\/Barris-Barcelona-2015-454x1024.jpg 454w, https:\/\/webs.uab.cat\/salutcomunitaria\/wp-content\/uploads\/sites\/38\/2019\/10\/Barris-Barcelona-2015-133x300.jpg 133w, https:\/\/webs.uab.cat\/salutcomunitaria\/wp-content\/uploads\/sites\/38\/2019\/10\/Barris-Barcelona-2015.jpg 566w\" sizes=\"auto, (max-width: 454px) 100vw, 454px\" \/><figcaption>Barris de Barcelona<\/figcaption><\/figure>\n<\/div>\n\n\n\n<div class=\"wp-block-column is-layout-flow wp-block-column-is-layout-flow\">\n<figure class=\"wp-block-image size-full\"><img loading=\"lazy\" decoding=\"async\" width=\"580\" height=\"950\" src=\"https:\/\/webs.uab.cat\/salutcomunitaria\/wp-content\/uploads\/sites\/38\/2019\/10\/ABS-Generalitat-Ajuntament1.jpg\" alt=\"\" class=\"wp-image-65\" srcset=\"https:\/\/webs.uab.cat\/salutcomunitaria\/wp-content\/uploads\/sites\/38\/2019\/10\/ABS-Generalitat-Ajuntament1.jpg 580w, https:\/\/webs.uab.cat\/salutcomunitaria\/wp-content\/uploads\/sites\/38\/2019\/10\/ABS-Generalitat-Ajuntament1-183x300.jpg 183w\" sizes=\"auto, (max-width: 580px) 100vw, 580px\" \/><figcaption>ABS Barcelona<\/figcaption><\/figure>\n<\/div>\n\n\n\n<div class=\"wp-block-column is-layout-flow wp-block-column-is-layout-flow\">\n<figure class=\"wp-block-image size-full\"><img loading=\"lazy\" decoding=\"async\" width=\"853\" height=\"894\" src=\"https:\/\/webs.uab.cat\/salutcomunitaria\/wp-content\/uploads\/sites\/38\/2019\/10\/Superposicio-Barris-Barcelona-i-ABS1.jpg\" alt=\"\" class=\"wp-image-67\" srcset=\"https:\/\/webs.uab.cat\/salutcomunitaria\/wp-content\/uploads\/sites\/38\/2019\/10\/Superposicio-Barris-Barcelona-i-ABS1.jpg 853w, https:\/\/webs.uab.cat\/salutcomunitaria\/wp-content\/uploads\/sites\/38\/2019\/10\/Superposicio-Barris-Barcelona-i-ABS1-286x300.jpg 286w, https:\/\/webs.uab.cat\/salutcomunitaria\/wp-content\/uploads\/sites\/38\/2019\/10\/Superposicio-Barris-Barcelona-i-ABS1-768x805.jpg 768w\" sizes=\"auto, (max-width: 853px) 100vw, 853px\" \/><figcaption>Superposici\u00f3 Barris BCN i ABS<\/figcaption><\/figure>\n<\/div>\n<\/div>\n","protected":false},"excerpt":{"rendered":"<p>Aquest mapa de l\u2019acci\u00f3 comunit\u00e0ria en salut a Barcelona ha estat elaborat a partir de la recerca&nbsp;Salut comunit\u00e0ria: una avaluaci\u00f3 d\u2019impacte. Si voleu con\u00e8ixer m\u00e9s detalls sobre com hem elaborat el mapa i quins criteris hem seguit podeu consultar&nbsp;aquest document. No dubteu en deixar-nos aqu\u00ed qualsevol comentari que ens pugui ajudar a millorar el mapa [&hellip;]<\/p>\n","protected":false},"author":34,"featured_media":0,"parent":0,"menu_order":0,"comment_status":"closed","ping_status":"closed","template":"","meta":{"footnotes":""},"class_list":["post-8","page","type-page","status-publish","hentry"],"_links":{"self":[{"href":"https:\/\/webs.uab.cat\/salutcomunitaria\/wp-json\/wp\/v2\/pages\/8","targetHints":{"allow":["GET"]}}],"collection":[{"href":"https:\/\/webs.uab.cat\/salutcomunitaria\/wp-json\/wp\/v2\/pages"}],"about":[{"href":"https:\/\/webs.uab.cat\/salutcomunitaria\/wp-json\/wp\/v2\/types\/page"}],"author":[{"embeddable":true,"href":"https:\/\/webs.uab.cat\/salutcomunitaria\/wp-json\/wp\/v2\/users\/34"}],"replies":[{"embeddable":true,"href":"https:\/\/webs.uab.cat\/salutcomunitaria\/wp-json\/wp\/v2\/comments?post=8"}],"version-history":[{"count":2,"href":"https:\/\/webs.uab.cat\/salutcomunitaria\/wp-json\/wp\/v2\/pages\/8\/revisions"}],"predecessor-version":[{"id":118,"href":"https:\/\/webs.uab.cat\/salutcomunitaria\/wp-json\/wp\/v2\/pages\/8\/revisions\/118"}],"wp:attachment":[{"href":"https:\/\/webs.uab.cat\/salutcomunitaria\/wp-json\/wp\/v2\/media?parent=8"}],"curies":[{"name":"wp","href":"https:\/\/api.w.org\/{rel}","templated":true}]}}