{"id":83,"date":"2019-10-02T12:46:32","date_gmt":"2019-10-02T10:46:32","guid":{"rendered":"http:\/\/blogs.uab.cat\/salutcomunitaria\/?page_id=4"},"modified":"2022-07-14T13:24:34","modified_gmt":"2022-07-14T11:24:34","slug":"el-projecte","status":"publish","type":"page","link":"https:\/\/webs.uab.cat\/salutcomunitaria\/","title":{"rendered":"El projecte"},"content":{"rendered":"\n<h2 class=\"wp-block-heading\">Avaluaci\u00f3 de l\u2019impacte de l\u2019acci\u00f3 comunit\u00e0ria en la salut de la poblaci\u00f3<\/h2>\n\n\n\n<p>El&nbsp;<strong>principal objectiu<\/strong>&nbsp;d\u2019aquest projecte \u00e9s descriure l\u2019acci\u00f3 comunit\u00e0ria i avaluar el seu impacte sobre la salut de la poblaci\u00f3 en barris de baix nivell socioecon\u00f2mic de la ciutat de Barcelona. L\u2019acci\u00f3 comunit\u00e0ria aborda els factors col\u00b7lectius i relacionals que afecten la salut de la poblaci\u00f3 (estils de vida, xarxa social i comunit\u00e0ria, condicions de vida i treball i condicions socioecon\u00f2miques, pol\u00edtiques, culturals i mediambientals), i es basa en l\u2019actuaci\u00f3 de diferents agents i en la participaci\u00f3 de la mateixa comunitat.<\/p>\n\n\n\n<p>L\u2019<strong>avaluaci\u00f3<\/strong>&nbsp;es far\u00e0 a partir d\u2019un m\u00e8tode quasi-experimental, comparant l\u2019evoluci\u00f3 de la salut en aquells barris on l\u2019acci\u00f3 comunit\u00e0ria s\u2019ha desenvolupat de forma continuada amb aquells on no ha existit. Per interpretar-ne el resultat, s\u2019estudiar\u00e0 tamb\u00e9 el proc\u00e9s d\u2019implementaci\u00f3 dels programes de salut comunit\u00e0ria en diferents barris, per tal d\u2019identificar els punts cr\u00edtics i les claus d\u2019\u00e8xit en cadascun d\u2019ells. En un context de limitacions pressupost\u00e0ries i canvi general del paper de les institucions, l\u2019avaluaci\u00f3 \u00e9s imprescindible per identificar elements d\u2019innovaci\u00f3 en l\u2019\u00e0mbit comunitari, millorar les estrat\u00e8gies d\u2019intervenci\u00f3 i l\u2019efectivitat de les pol\u00edtiques.<\/p>\n\n\n\n<p>L\u2019<strong>equip investigador<\/strong>&nbsp;que impulsa el projecte est\u00e0 format per membres de l\u2019Institut de Govern i Pol\u00edtiques P\u00fabliques (IGOP) de la Universitat Aut\u00f2noma de Barcelona, l\u2019Ag\u00e8ncia de Salut Publica de Barcelona (ASPB), l\u2019Institut Catal\u00e0 la Salut (ICS) i el Pla de Desenvolupament Comunitari de Roquetes.<\/p>\n\n\n\n<h3 class=\"wp-block-heading\"><strong>Investigadora principal:<\/strong><\/h3>\n\n\n\n<ul class=\"wp-block-list\"><li>Raquel Gallego Calder\u00f3n (IGOP-UAB).<\/li><\/ul>\n\n\n\n<h3 class=\"wp-block-heading\"><strong>Equip de recerca:<\/strong><\/h3>\n\n\n\n<ul class=\"wp-block-list\"><li>Nicol\u00e1s Barbieri Muttis (IGOP-UAB)<\/li><li>Ernesto Morales Morales (IGOP-UAB)<\/li><li>Marc Mart\u00ed Costa (Facultad Latinoamericana de Ciencias Sociales (FLACSO- Ecuador)<\/li><li>Maribel Pasar\u00edn Rua (ASPB)<\/li><li>Maica Rodr\u00edguez Sanz (ASPB)<\/li><li>Mar\u00eda Jos\u00e9 L\u00f3pez Medina (ASPB)<\/li><li>Nuria Calzada Lombana (ASPB)<\/li><li>Laia Pal\u00e8ncia (ASPB)<\/li><li>Xavier Blancafort Sans\u00f3 (ICS)<\/li><\/ul>\n\n\n\n<h3 class=\"wp-block-heading\"><strong>Comit\u00e8 assessor i de seguiment:<\/strong><\/h3>\n\n\n\n<ul class=\"wp-block-list\"><li>Felipe Herrera (PDC Roquetes)<\/li><li>Gl\u00f2ria Muniente (EAP Roquetes-Canteres)<\/li><li>Carles Valero Garcia (ICS)<\/li><li>Montse Petit (ASPB)<\/li><li>Carme Borrell i Thi\u00f3 (ASPB)<\/li><li>Ana M. Novoa Pardo (ASPB)<\/li><li>Andreu Segura i Benedicto (Generalitat de Catalunya)<\/li><li>Oscar Rebollo (IGOP-UAB)<\/li><li>Joan Subirats (IGOP-UAB)<\/li><\/ul>\n\n\n\n<h3 class=\"wp-block-heading\"><strong>Gestor:<\/strong><\/h3>\n\n\n\n<ul class=\"wp-block-list\"><li>Nacho Ruiz Balmaseda (IGOP-UAB)<\/li><\/ul>\n","protected":false},"excerpt":{"rendered":"<p>Avaluaci\u00f3 de l\u2019impacte de l\u2019acci\u00f3 comunit\u00e0ria en la salut de la poblaci\u00f3 El&nbsp;principal objectiu&nbsp;d\u2019aquest projecte \u00e9s descriure l\u2019acci\u00f3 comunit\u00e0ria i avaluar el seu impacte sobre la salut de la poblaci\u00f3 en barris de baix nivell socioecon\u00f2mic de la ciutat de Barcelona. L\u2019acci\u00f3 comunit\u00e0ria aborda els factors col\u00b7lectius i relacionals que afecten la salut de la [&hellip;]<\/p>\n","protected":false},"author":34,"featured_media":0,"parent":0,"menu_order":0,"comment_status":"closed","ping_status":"closed","template":"","meta":{"footnotes":""},"class_list":["post-83","page","type-page","status-publish","hentry"],"_links":{"self":[{"href":"https:\/\/webs.uab.cat\/salutcomunitaria\/wp-json\/wp\/v2\/pages\/83","targetHints":{"allow":["GET"]}}],"collection":[{"href":"https:\/\/webs.uab.cat\/salutcomunitaria\/wp-json\/wp\/v2\/pages"}],"about":[{"href":"https:\/\/webs.uab.cat\/salutcomunitaria\/wp-json\/wp\/v2\/types\/page"}],"author":[{"embeddable":true,"href":"https:\/\/webs.uab.cat\/salutcomunitaria\/wp-json\/wp\/v2\/users\/34"}],"replies":[{"embeddable":true,"href":"https:\/\/webs.uab.cat\/salutcomunitaria\/wp-json\/wp\/v2\/comments?post=83"}],"version-history":[{"count":1,"href":"https:\/\/webs.uab.cat\/salutcomunitaria\/wp-json\/wp\/v2\/pages\/83\/revisions"}],"predecessor-version":[{"id":111,"href":"https:\/\/webs.uab.cat\/salutcomunitaria\/wp-json\/wp\/v2\/pages\/83\/revisions\/111"}],"wp:attachment":[{"href":"https:\/\/webs.uab.cat\/salutcomunitaria\/wp-json\/wp\/v2\/media?parent=83"}],"curies":[{"name":"wp","href":"https:\/\/api.w.org\/{rel}","templated":true}]}}