{"id":32,"date":"2010-01-19T11:19:40","date_gmt":"2010-01-19T11:19:40","guid":{"rendered":"https:\/\/webs.uab.cat\/sara-rovira\/otros\/"},"modified":"2026-04-27T12:07:55","modified_gmt":"2026-04-27T12:07:55","slug":"otros","status":"publish","type":"page","link":"https:\/\/webs.uab.cat\/sara-rovira\/es\/otros\/","title":{"rendered":"Otros"},"content":{"rendered":"<div><strong style=\"line-height: 20.7999992370605px\">BECAS Y ESTANCIAS DE INVESTIGACI\u00d3N INTERNACIONALES<\/strong><\/div>\n<div>\n<ul>\n<li data-start=\"444\" data-end=\"846\">Obtenci\u00f3n de la Taiwan Fellowship (Ministerio de Asuntos Exteriores de Taiw\u00e1n, abril\u2013junio) y de una Research Grant for Foreign Scholars in Chinese Studies (Center for Chinese Studies, julio). Estancia de investigaci\u00f3n en la Biblioteca Nacional de Taiw\u00e1n y en la National Taiwan Normal University (visiting scholar). Proyecto: <em data-start=\"794\" data-end=\"843\">A Companion to Sinophone Languages and Writings<\/em>. 2026.<\/li>\n<\/ul>\n<\/div>\n<div><strong style=\"line-height: 20.7999992370605px\">PREMIOS<\/strong><\/div>\n<ul>\n<li>\n<p class=\"ds-markdown-paragraph\">2.\u00ba premio de los XXX Premios CAC a la investigaci\u00f3n sobre comunicaci\u00f3n audiovisual por el trabajo \u201cServicios de accesibilidad sensorial en las televisiones catalanas: situaci\u00f3n actual, necesidades y propuestas de futuro\u201d. Consejo del Audiovisual de Catalu\u00f1a. Generalitat de Catalunya. 2018.<\/p>\n<\/li>\n<\/ul>\n<div><strong style=\"line-height: 20.7999992370605px\">PROFESIONAL<\/strong><\/div>\n<ul>\n<li>\n<p class=\"ds-markdown-paragraph\">Miembro de la Asociaci\u00f3n Hisp\u00e1nica de Estudios de China (AHEC). 2025-actualidad.<\/p>\n<\/li>\n<li>\n<p class=\"ds-markdown-paragraph\"><span style=\"font-size: revert;letter-spacing: 0.05rem\">Miembro de la Asociaci\u00f3n Espa\u00f1ola de Profesores para la Ense\u00f1anza del Chino (AEPEC). 2023-actualidad.<\/span><\/p>\n<\/li>\n<li>\n<p class=\"ds-markdown-paragraph\">Miembro de la Asociaci\u00f3n Espa\u00f1ola de Estudios de Asia Oriental (AEEAO). 2016-actualidad<\/p>\n<\/li>\n<li class=\"ds-markdown-paragraph\">Vocal de la Asociaci\u00f3n Espa\u00f1ola de Estudios de Asia Oriental (AEEAO). 2020-2022.<\/li>\n<li>Presidenta de la Asociaci\u00f3n Espa\u00f1ola de Estudios de Asia Oriental (AEEAO). 2016-2020.<\/li>\n<li>Miembro de la European Association for Chinese Studies (EACS) y de la Chinese Language Teachers Association (CLTC).<\/li>\n<li>Miembro de la Chinese Language Teachers Association (CLTA).<\/li>\n<li>Presidenta (1997), vicepresidenta (1996 y 1998), tesorera (1999) y vocal (1999 y 2003) de la Asociaci\u00f3n de Traductores e Int\u00e9rpretes de Catalu\u00f1a.<\/li>\n<\/ul>\n<p><strong>ENTREVISTAS<\/strong><\/p>\n<ul>\n<li><a href=\"https:\/\/www.youtube.com\/watch?v=I8J1WCQB1D0&amp;t=160s\">Entrevista con la Asociaci\u00f3n Hisp\u00e1nica de Estudios de China. 2025.<\/a><\/li>\n<li><a href=\"http:\/\/pagines.uab.cat\/sara_rovira\/sites\/pagines.uab.cat.sara_rovira\/files\/AsiaHoy(REE).mp3\" target=\"_blank\" rel=\"noopener\">Entrevista con Radio Exterior de Espa\u00f1a. 2015<\/a>.<\/li>\n<li>Entrevista como investigadora principal del TXICC. 2013. (<a href=\"https:\/\/www.youtube.com\/watch?v=8yj55-rYdNE\" target=\"_blank\" rel=\"noopener\">1\u00aa parte<\/a>) (<a href=\"https:\/\/www.youtube.com\/watch?v=8momzgoxuNg\" target=\"_blank\" rel=\"noopener\">2\u00aa parte<\/a>).<\/li>\n<\/ul>\n","protected":false},"excerpt":{"rendered":"<p>BECAS Y ESTANCIAS DE INVESTIGACI\u00d3N INTERNACIONALES Obtenci\u00f3n de la Taiwan Fellowship (Ministerio de Asuntos Exteriores de Taiw\u00e1n, abril\u2013junio) y de una Research Grant for Foreign Scholars in Chinese Studies (Center for Chinese Studies, julio). Estancia de investigaci\u00f3n en la Biblioteca Nacional de Taiw\u00e1n y en la National Taiwan Normal University (visiting scholar). Proyecto: A Companion [&hellip;]<\/p>\n","protected":false},"author":20,"featured_media":0,"parent":0,"menu_order":0,"comment_status":"closed","ping_status":"closed","template":"","meta":{"footnotes":""},"class_list":["post-32","page","type-page","status-publish","hentry"],"_links":{"self":[{"href":"https:\/\/webs.uab.cat\/sara-rovira\/es\/wp-json\/wp\/v2\/pages\/32","targetHints":{"allow":["GET"]}}],"collection":[{"href":"https:\/\/webs.uab.cat\/sara-rovira\/es\/wp-json\/wp\/v2\/pages"}],"about":[{"href":"https:\/\/webs.uab.cat\/sara-rovira\/es\/wp-json\/wp\/v2\/types\/page"}],"author":[{"embeddable":true,"href":"https:\/\/webs.uab.cat\/sara-rovira\/es\/wp-json\/wp\/v2\/users\/20"}],"replies":[{"embeddable":true,"href":"https:\/\/webs.uab.cat\/sara-rovira\/es\/wp-json\/wp\/v2\/comments?post=32"}],"version-history":[{"count":6,"href":"https:\/\/webs.uab.cat\/sara-rovira\/es\/wp-json\/wp\/v2\/pages\/32\/revisions"}],"predecessor-version":[{"id":658,"href":"https:\/\/webs.uab.cat\/sara-rovira\/es\/wp-json\/wp\/v2\/pages\/32\/revisions\/658"}],"wp:attachment":[{"href":"https:\/\/webs.uab.cat\/sara-rovira\/es\/wp-json\/wp\/v2\/media?parent=32"}],"curies":[{"name":"wp","href":"https:\/\/api.w.org\/{rel}","templated":true}]}}