{"id":75,"date":"2015-02-11T12:23:01","date_gmt":"2015-02-11T12:23:01","guid":{"rendered":"https:\/\/webs.uab.cat\/sara-rovira\/transferencia\/"},"modified":"2025-10-20T08:02:05","modified_gmt":"2025-10-20T08:02:05","slug":"transferencia","status":"publish","type":"page","link":"https:\/\/webs.uab.cat\/sara-rovira\/es\/transferencia\/","title":{"rendered":"Transferencia"},"content":{"rendered":"<p><strong>CONVENIOS DE COLABORACI\u00d3N<\/strong><\/p>\n<ul>\n<li>Associaci\u00f3 Catalana per a la promoci\u00f3 de les persones sordes (ACAPPS) (2017-2020)<\/li>\n<li>Asociaci\u00f3n de profesores para la ense\u00f1anza del chino (AEPEC) (2021-2028)<\/li>\n<li>Associaci\u00f3 Discapacitat Visual Catalunya B1+B2+B3 (2017-2020)<\/li>\n<li>Base de datos bibliogr\u00e1ficos BITRA (Bibliograf\u00eda de interpretaci\u00f3n y Traducci\u00f3n) (2016-2026)<\/li>\n<li>C\u00e0tedra d&#8217;Estudis Asi\u00e0tics de la Universitat de Lleida (2014-2015)<\/li>\n<li>Corporaci\u00f3 Catalana de Mitjans Audiovisuals (2016-2023)<\/li>\n<li>Departament de Cultura de la Generalitat de Catalunya (2016-2028)<\/li>\n<li>Departament d&#8217;Educaci\u00f3 de la Generalitat de Catalunya (2020-2024)<\/li>\n<li>El Cep i la Nansa Edicions (2019-2020)<\/li>\n<li>Federaci\u00f3 de persones sordes de Catalunya (2017-2020)<\/li>\n<li>Fund\u00e9u BBVA (2014-2015)<\/li>\n<li>Institut d&#8217;Estudis Catalans (2013-2026)<\/li>\n<li>Institut Ramon Llull (2020-2023)<\/li>\n<li>Shanghai Yier Information Technology (2021-2025)<\/li>\n<li>Termcat (2015-2028)<\/li>\n<\/ul>\n","protected":false},"excerpt":{"rendered":"<p>CONVENIOS DE COLABORACI\u00d3N Associaci\u00f3 Catalana per a la promoci\u00f3 de les persones sordes (ACAPPS) (2017-2020) Asociaci\u00f3n de profesores para la ense\u00f1anza del chino (AEPEC) (2021-2028) Associaci\u00f3 Discapacitat Visual Catalunya B1+B2+B3 (2017-2020) Base de datos bibliogr\u00e1ficos BITRA (Bibliograf\u00eda de interpretaci\u00f3n y Traducci\u00f3n) (2016-2026) C\u00e0tedra d&#8217;Estudis Asi\u00e0tics de la Universitat de Lleida (2014-2015) Corporaci\u00f3 Catalana de Mitjans [&hellip;]<\/p>\n","protected":false},"author":20,"featured_media":0,"parent":0,"menu_order":0,"comment_status":"closed","ping_status":"closed","template":"","meta":{"footnotes":""},"class_list":["post-75","page","type-page","status-publish","hentry"],"_links":{"self":[{"href":"https:\/\/webs.uab.cat\/sara-rovira\/es\/wp-json\/wp\/v2\/pages\/75","targetHints":{"allow":["GET"]}}],"collection":[{"href":"https:\/\/webs.uab.cat\/sara-rovira\/es\/wp-json\/wp\/v2\/pages"}],"about":[{"href":"https:\/\/webs.uab.cat\/sara-rovira\/es\/wp-json\/wp\/v2\/types\/page"}],"author":[{"embeddable":true,"href":"https:\/\/webs.uab.cat\/sara-rovira\/es\/wp-json\/wp\/v2\/users\/20"}],"replies":[{"embeddable":true,"href":"https:\/\/webs.uab.cat\/sara-rovira\/es\/wp-json\/wp\/v2\/comments?post=75"}],"version-history":[{"count":2,"href":"https:\/\/webs.uab.cat\/sara-rovira\/es\/wp-json\/wp\/v2\/pages\/75\/revisions"}],"predecessor-version":[{"id":640,"href":"https:\/\/webs.uab.cat\/sara-rovira\/es\/wp-json\/wp\/v2\/pages\/75\/revisions\/640"}],"wp:attachment":[{"href":"https:\/\/webs.uab.cat\/sara-rovira\/es\/wp-json\/wp\/v2\/media?parent=75"}],"curies":[{"name":"wp","href":"https:\/\/api.w.org\/{rel}","templated":true}]}}