{"id":23,"date":"2009-05-08T11:14:38","date_gmt":"2009-05-08T11:14:38","guid":{"rendered":"https:\/\/webs.uab.cat\/sara-rovira\/inici\/"},"modified":"2024-07-16T11:36:00","modified_gmt":"2024-07-16T11:36:00","slug":"inici","status":"publish","type":"page","link":"https:\/\/webs.uab.cat\/sara-rovira\/","title":{"rendered":"Inici"},"content":{"rendered":"\n<p><a rel=\"noreferrer noopener\" href=\"https:\/\/www.instagram.com\/sararoviraesteva_uab\/\" target=\"_blank\"><\/a><\/p>\n\n\n<p><img loading=\"lazy\" decoding=\"async\" class=\"size-medium wp-image-581 alignright\" src=\"https:\/\/webs.uab.cat\/sara-rovira\/wp-content\/uploads\/sites\/115\/2023\/08\/SaraRovira-3-300x294.jpeg\" alt=\"\" width=\"300\" height=\"294\" srcset=\"https:\/\/webs.uab.cat\/sara-rovira\/wp-content\/uploads\/sites\/115\/2023\/08\/SaraRovira-3-300x294.jpeg 300w, https:\/\/webs.uab.cat\/sara-rovira\/wp-content\/uploads\/sites\/115\/2023\/08\/SaraRovira-3.jpeg 368w\" sizes=\"auto, (max-width: 300px) 100vw, 300px\" \/><strong>Departament de Traducci\u00f3, d&#8217;Interpretaci\u00f3<br \/>i d&#8217;Estudis de l&#8217;\u00c0sia Oriental<\/strong><\/p>\n<p><strong>Dra. Sara Rovira-Esteva, catedr\u00e0tica EAO<\/strong><\/p>\n<ul>\n<li>Doctora en Teoria de la Traducci\u00f3<\/li>\n<li>Llicenciada en Traducci\u00f3 i Interpretaci\u00f3<\/li>\n<\/ul>\n<p><strong>Contacte:<\/strong><\/p>\n<p>C\/e: Sara.Rovira(at)uab.cat<br \/>Tel\u00e8fon: +34 93 5813389<\/p>\n\n\n<div class=\"wp-block-columns is-layout-flex wp-container-core-columns-is-layout-9d6595d7 wp-block-columns-is-layout-flex\">\n<div class=\"wp-block-column is-layout-flow wp-block-column-is-layout-flow\" style=\"flex-basis:300px\">\n<p><strong>Segueix-me a:<\/strong><\/p>\n\n\n<div class=\"wp-block-image is-style-default\">\n<figure class=\"alignleft size-full\"><a href=\"https:\/\/orcid.org\/0000-0001-7647-6417\" target=\"_blank\" rel=\"noreferrer noopener\"><img loading=\"lazy\" decoding=\"async\" width=\"30\" height=\"20\" src=\"https:\/\/webs.uab.cat\/sara-rovira\/wp-content\/uploads\/sites\/115\/2022\/11\/ID-30.png\" alt=\"ID\" class=\"wp-image-330\" \/><\/a><\/figure>\n<\/div>\n\n<div class=\"wp-block-image\">\n<figure class=\"alignleft size-full\"><a href=\"https:\/\/ddd.uab.cat\/search?f=author&amp;p=rovira%2C%20sara&amp;sc=1\" target=\"_blank\" rel=\"noreferrer noopener\"><img loading=\"lazy\" decoding=\"async\" width=\"30\" height=\"20\" src=\"https:\/\/webs.uab.cat\/sara-rovira\/wp-content\/uploads\/sites\/115\/2022\/11\/ddd-30.png\" alt=\"DDD\" class=\"wp-image-334\" \/><\/a><\/figure>\n<\/div>\n\n<div class=\"wp-block-image is-style-default\">\n<figure class=\"alignleft size-full\"><a href=\"https:\/\/www.mendeley.com\/profiles\/sara-rovira-esteva\/\" target=\"_blank\" rel=\"noreferrer noopener\"><img loading=\"lazy\" decoding=\"async\" width=\"30\" height=\"20\" src=\"https:\/\/webs.uab.cat\/sara-rovira\/wp-content\/uploads\/sites\/115\/2022\/11\/mendeleyloguito-30.png\" alt=\"Mendeley\" class=\"wp-image-326\" \/><\/a><\/figure>\n<\/div>\n\n<div class=\"wp-block-image is-style-default\">\n<figure class=\"alignleft size-full is-resized\"><a href=\"https:\/\/twitter.com\/RoviraSara\" target=\"_blank\" rel=\"noreferrer noopener\"><img loading=\"lazy\" decoding=\"async\" width=\"640\" height=\"480\" src=\"https:\/\/webs.uab.cat\/sara-rovira\/wp-content\/uploads\/sites\/115\/2024\/07\/Logo-X.png\" alt=\"X\" class=\"wp-image-599\" style=\"width:27px;height:auto\" srcset=\"https:\/\/webs.uab.cat\/sara-rovira\/wp-content\/uploads\/sites\/115\/2024\/07\/Logo-X.png 640w, https:\/\/webs.uab.cat\/sara-rovira\/wp-content\/uploads\/sites\/115\/2024\/07\/Logo-X-300x225.png 300w\" sizes=\"auto, (max-width: 640px) 100vw, 640px\" \/><\/a><\/figure>\n<\/div>\n\n<div class=\"wp-block-image is-style-rounded\">\n<figure class=\"alignleft size-full\"><a href=\"https:\/\/www.youtube.com\/user\/TXICC\" target=\"_blank\" rel=\"noreferrer noopener\"><img loading=\"lazy\" decoding=\"async\" width=\"30\" height=\"20\" src=\"https:\/\/webs.uab.cat\/sara-rovira\/wp-content\/uploads\/sites\/115\/2022\/11\/youtube-30.png\" alt=\"Youtube\" class=\"wp-image-338\" \/><\/a><\/figure>\n<\/div>\n\n<div class=\"wp-block-image\">\n<figure class=\"alignleft size-full\"><a href=\"https:\/\/www.instagram.com\/sararoviraesteva_uab\/\" target=\"_blank\" rel=\"noreferrer noopener\"><img loading=\"lazy\" decoding=\"async\" width=\"30\" height=\"20\" src=\"https:\/\/webs.uab.cat\/sara-rovira\/wp-content\/uploads\/sites\/115\/2022\/11\/instagram-logo-30.jpg\" alt=\"Instagram\" class=\"wp-image-342\" \/><\/a><\/figure>\n<\/div><\/div>\n<\/div>\n","protected":false},"excerpt":{"rendered":"<p>Departament de Traducci\u00f3, d&#8217;Interpretaci\u00f3i d&#8217;Estudis de l&#8217;\u00c0sia Oriental Dra. Sara Rovira-Esteva, catedr\u00e0tica EAO Doctora en Teoria de la Traducci\u00f3 Llicenciada en Traducci\u00f3 i Interpretaci\u00f3 Contacte: C\/e: Sara.Rovira(at)uab.catTel\u00e8fon: +34 93 5813389 Segueix-me a:<\/p>\n","protected":false},"author":20,"featured_media":0,"parent":0,"menu_order":0,"comment_status":"closed","ping_status":"closed","template":"","meta":{"footnotes":""},"class_list":["post-23","page","type-page","status-publish","hentry"],"_links":{"self":[{"href":"https:\/\/webs.uab.cat\/sara-rovira\/wp-json\/wp\/v2\/pages\/23","targetHints":{"allow":["GET"]}}],"collection":[{"href":"https:\/\/webs.uab.cat\/sara-rovira\/wp-json\/wp\/v2\/pages"}],"about":[{"href":"https:\/\/webs.uab.cat\/sara-rovira\/wp-json\/wp\/v2\/types\/page"}],"author":[{"embeddable":true,"href":"https:\/\/webs.uab.cat\/sara-rovira\/wp-json\/wp\/v2\/users\/20"}],"replies":[{"embeddable":true,"href":"https:\/\/webs.uab.cat\/sara-rovira\/wp-json\/wp\/v2\/comments?post=23"}],"version-history":[{"count":52,"href":"https:\/\/webs.uab.cat\/sara-rovira\/wp-json\/wp\/v2\/pages\/23\/revisions"}],"predecessor-version":[{"id":603,"href":"https:\/\/webs.uab.cat\/sara-rovira\/wp-json\/wp\/v2\/pages\/23\/revisions\/603"}],"wp:attachment":[{"href":"https:\/\/webs.uab.cat\/sara-rovira\/wp-json\/wp\/v2\/media?parent=23"}],"curies":[{"name":"wp","href":"https:\/\/api.w.org\/{rel}","templated":true}]}}