{"id":33,"date":"2010-01-19T11:22:33","date_gmt":"2010-01-19T11:22:33","guid":{"rendered":"https:\/\/webs.uab.cat\/sara-rovira\/grau\/"},"modified":"2025-10-20T07:32:41","modified_gmt":"2025-10-20T07:32:41","slug":"grau","status":"publish","type":"page","link":"https:\/\/webs.uab.cat\/sara-rovira\/grau\/","title":{"rendered":"Grau"},"content":{"rendered":"\n<h2 class=\"wp-block-heading\"><strong>1. Llicenciatura \/ Grau en Estudis de l&#8217;\u00c0sia Oriental<\/strong><\/h2>\n\n\n\n<ul class=\"wp-block-list\">\n<li>Idioma modern I: Xin\u00e8s (09\/10, 10\/11, 13\/14, 15\/16, 16\/17)<\/li>\n\n\n\n<li>Idioma modern II: Xin\u00e8s (09\/10)<\/li>\n\n\n\n<li>Idioma VIa: Xin\u00e8s modern (12\/13)<\/li>\n\n\n\n<li>Llengua xinesa per a fins espec\u00edfics (12\/13)<\/li>\n\n\n\n<li>Llengua de l\u2019\u00e0rea geopol\u00edtica d\u2019especialitat: \u00c0sia Oriental I (02\/03)<\/li>\n\n\n\n<li>Llengua de l\u2019\u00e0rea geopol\u00edtica d\u2019especialitat: \u00c0sia Oriental II (02\/03)<\/li>\n\n\n\n<li>Llengua xinesa nivell intermedi (03\/04, 04\/05, 05\/06, 06\/07)<\/li>\n\n\n\n<li>Llengua xinesa nivell intermedi-avan\u00e7at (04\/05, 06\/07)<\/li>\n\n\n\n<li>Ling\u00fc\u00edstica de les lleng\u00fces de l\u2019\u00c0sia Oriental (11\/12, 12\/13, 13\/14, 14\/15, 15\/16, 16\/17, 17\/18, 18\/19, 22\/23, 23\/24, 24\/25)<\/li>\n\n\n\n<li>Treballs de fi de grau (14\/15, 16\/17, 17\/18, 23\/24, 24\/25, 25\/26)<\/li>\n\n\n\n<li>Pr\u00e0ctiques (13\/14, 14\/15, 15\/16, 16\/17, 17\/18, 23\/24, 24\/25)<\/li>\n<\/ul>\n\n\n\n<h2 class=\"wp-block-heading\"><strong>2. Llicenciatura \/ Grau en Traducci\u00f3 i Interpretaci\u00f3<\/strong><\/h2>\n\n\n\n<ul class=\"wp-block-list\">\n<li>Xin\u00e8s per a traductors i int\u00e8rprets C1 (97\/98, 99\/00, 00\/01, 01\/02, 02\/03, 07\/08, 08\/09, 18\/19, 19\/20, 20\/21, 21\/22, 22\/23, 23\/24, 24\/25)<\/li>\n\n\n\n<li>Xin\u00e8s per a traductors i int\u00e8rprets C2 (97\/98, 07\/08, 08\/09)<\/li>\n\n\n\n<li>Xin\u00e8s per a traductors i int\u00e8rprets C3 (98\/99)<\/li>\n\n\n\n<li>Xin\u00e8s per a traductors i int\u00e8rprets C4 (98\/99, 99\/00, 00\/01, 01\/02, 02\/03)<\/li>\n\n\n\n<li>Seminari de xin\u00e8s C (98\/99, 03\/04, 06\/07, 11\/12)<\/li>\n\n\n\n<li>Traducci\u00f3 del xin\u00e8s 1 (TC1) (05\/06)<\/li>\n\n\n\n<li>Idioma i traducci\u00f3 xin\u00e8s C1 (15\/16)<\/li>\n\n\n\n<li>Idioma i traducci\u00f3 xin\u00e8s C2 (10\/11, 17\/18)<\/li>\n\n\n\n<li>Idioma i traducci\u00f3 xin\u00e8s C3 (15\/16, 22\/23)<\/li>\n\n\n\n<li>Idioma i traducci\u00f3 xin\u00e8s C4 (14\/15)<\/li>\n\n\n\n<li>Idioma i traducci\u00f3 xin\u00e8s C5 \/ Text i context (14\/15)<\/li>\n\n\n\n<li>Idioma i traducci\u00f3 C7 (11\/12)<\/li>\n\n\n\n<li>Treballs de fi de grau (14\/15, 16\/17, 23\/24, 24\/25, 25\/26)<\/li>\n\n\n\n<li>Pr\u00e0ctiques (13\/14, 14\/15, 15\/16, 16\/17, 23\/24, 24\/25)\u00a0<\/li>\n<\/ul>\n","protected":false},"excerpt":{"rendered":"<p>1. Llicenciatura \/ Grau en Estudis de l&#8217;\u00c0sia Oriental 2. Llicenciatura \/ Grau en Traducci\u00f3 i Interpretaci\u00f3<\/p>\n","protected":false},"author":20,"featured_media":0,"parent":0,"menu_order":0,"comment_status":"closed","ping_status":"closed","template":"","meta":{"footnotes":""},"class_list":["post-33","page","type-page","status-publish","hentry"],"_links":{"self":[{"href":"https:\/\/webs.uab.cat\/sara-rovira\/wp-json\/wp\/v2\/pages\/33","targetHints":{"allow":["GET"]}}],"collection":[{"href":"https:\/\/webs.uab.cat\/sara-rovira\/wp-json\/wp\/v2\/pages"}],"about":[{"href":"https:\/\/webs.uab.cat\/sara-rovira\/wp-json\/wp\/v2\/types\/page"}],"author":[{"embeddable":true,"href":"https:\/\/webs.uab.cat\/sara-rovira\/wp-json\/wp\/v2\/users\/20"}],"replies":[{"embeddable":true,"href":"https:\/\/webs.uab.cat\/sara-rovira\/wp-json\/wp\/v2\/comments?post=33"}],"version-history":[{"count":9,"href":"https:\/\/webs.uab.cat\/sara-rovira\/wp-json\/wp\/v2\/pages\/33\/revisions"}],"predecessor-version":[{"id":617,"href":"https:\/\/webs.uab.cat\/sara-rovira\/wp-json\/wp\/v2\/pages\/33\/revisions\/617"}],"wp:attachment":[{"href":"https:\/\/webs.uab.cat\/sara-rovira\/wp-json\/wp\/v2\/media?parent=33"}],"curies":[{"name":"wp","href":"https:\/\/api.w.org\/{rel}","templated":true}]}}