{"id":43,"date":"2010-01-27T17:29:28","date_gmt":"2010-01-27T17:29:28","guid":{"rendered":"https:\/\/webs.uab.cat\/sara-rovira\/traduccions-de-pellicules\/"},"modified":"2022-11-15T12:38:33","modified_gmt":"2022-11-15T12:38:33","slug":"traduccions-de-pellicules","status":"publish","type":"page","link":"https:\/\/webs.uab.cat\/sara-rovira\/traduccions-de-pellicules\/","title":{"rendered":"Traducci\u00f3 de pel\u00b7l\u00edcules"},"content":{"rendered":"<ul>\n<li><em style=\"line-height: 20.7999992370605px\">Iron Monkey. Mico d\u2019Acer, de Woo-ping Yuen. <\/em><span style=\"line-height: 20.7999992370605px\">(2015). Traducci\u00f3 del xin\u00e9s al catal\u00e0 per a doblatge (TV3).<\/span><\/li>\n<li><em>Carta de una mujer desconocida<\/em>, de Xu Jinglei per a Bartonfilms (2004). Traducci\u00f3 del xin\u00e8s al castell\u00e0 per a doblatge.<\/li>\n<li><em>The Eye \/ Jian Gui<\/em>, dels Pang Brothers per a Audioclip (2004). Traducci\u00f3 del xin\u00e8s al catal\u00e0 per al doblatge (TV3).<\/li>\n<li><em>Together<\/em>, de Chen Kaige per a Sonygraf (2003). Traducci\u00f3 del xin\u00e8s al castell\u00e0 per a doblatge.<\/li>\n<li><em>Balzac y la joven costurera china<\/em>, de Dai Sijie per a 103 Todd-ao Estudios (2002). Traducci\u00f3 del xin\u00e8s al castell\u00e0 per a doblatge.<\/li>\n<li><em>Millenium Mambo<\/em>, de Hou Hsiao Hsien per a Sonygraf (2002). Traducci\u00f3 del xin\u00e8s al castell\u00e0 per a doblatge.<\/li>\n<li><em>Tigre y Drag\u00f3n<\/em>, d&#8217;Ang Lee per a Soundtrack (2000). Traducci\u00f3 del xin\u00e8s al castell\u00e0 per a doblatge.<\/li>\n<\/ul>\n","protected":false},"excerpt":{"rendered":"<p>Iron Monkey. Mico d\u2019Acer, de Woo-ping Yuen. (2015). Traducci\u00f3 del xin\u00e9s al catal\u00e0 per a doblatge (TV3). Carta de una mujer desconocida, de Xu Jinglei per a Bartonfilms (2004). Traducci\u00f3 del xin\u00e8s al castell\u00e0 per a doblatge. The Eye \/ Jian Gui, dels Pang Brothers per a Audioclip (2004). Traducci\u00f3 del xin\u00e8s al catal\u00e0 per [&hellip;]<\/p>\n","protected":false},"author":20,"featured_media":0,"parent":0,"menu_order":0,"comment_status":"closed","ping_status":"closed","template":"","meta":{"footnotes":""},"class_list":["post-43","page","type-page","status-publish","hentry"],"_links":{"self":[{"href":"https:\/\/webs.uab.cat\/sara-rovira\/wp-json\/wp\/v2\/pages\/43","targetHints":{"allow":["GET"]}}],"collection":[{"href":"https:\/\/webs.uab.cat\/sara-rovira\/wp-json\/wp\/v2\/pages"}],"about":[{"href":"https:\/\/webs.uab.cat\/sara-rovira\/wp-json\/wp\/v2\/types\/page"}],"author":[{"embeddable":true,"href":"https:\/\/webs.uab.cat\/sara-rovira\/wp-json\/wp\/v2\/users\/20"}],"replies":[{"embeddable":true,"href":"https:\/\/webs.uab.cat\/sara-rovira\/wp-json\/wp\/v2\/comments?post=43"}],"version-history":[{"count":2,"href":"https:\/\/webs.uab.cat\/sara-rovira\/wp-json\/wp\/v2\/pages\/43\/revisions"}],"predecessor-version":[{"id":395,"href":"https:\/\/webs.uab.cat\/sara-rovira\/wp-json\/wp\/v2\/pages\/43\/revisions\/395"}],"wp:attachment":[{"href":"https:\/\/webs.uab.cat\/sara-rovira\/wp-json\/wp\/v2\/media?parent=43"}],"curies":[{"name":"wp","href":"https:\/\/api.w.org\/{rel}","templated":true}]}}