{"id":19,"date":"2009-05-08T11:23:04","date_gmt":"2009-05-08T11:23:04","guid":{"rendered":"https:\/\/webs.uab.cat\/saramartinalegre\/recommended\/"},"modified":"2026-02-15T11:36:55","modified_gmt":"2026-02-15T11:36:55","slug":"recommended","status":"publish","type":"page","link":"https:\/\/webs.uab.cat\/saramartinalegre\/recommended\/","title":{"rendered":"Media"},"content":{"rendered":"\n<p>A list of my media and internet contributions (see also <a href=\"https:\/\/webs.uab.cat\/saramartinalegre\/other-publications\/\" data-type=\"URL\" data-id=\"https:\/\/webs.uab.cat\/saramartinalegre\/other-publications\/\">Other Publications<\/a> in the section <a href=\"https:\/\/webs.uab.cat\/saramartinalegre\/publications\/\" data-type=\"URL\" data-id=\"https:\/\/webs.uab.cat\/saramartinalegre\/publications\/\">Publications<\/a>)<\/p>\n\n\n\n<h2 class=\"wp-block-heading\"><strong>In the newspapers \/ En los diarios \/ Als diaris<\/strong><\/h2>\n\n\n\n<p><a href=\"https:\/\/www.elpuntavui.cat\/cultura\/article\/19-cultura\/2473333-alba-i-didac-50-anys-despres.html\" data-type=\"link\" data-id=\"https:\/\/www.elpuntavui.cat\/cultura\/article\/19-cultura\/2473333-alba-i-didac-50-anys-despres.html\">&#8220;Alba i D\u00eddac 50 anys despr\u00e9s&#8221;<\/a>. <em>El Punt-Avui<\/em>, 1 novembre 2024.<\/p>\n\n\n\n<p>&#8220;<a href=\"https:\/\/espacio-publico.com\/independencia-periodistica-contrapoder-mancomunado\/comment-page-1#comment-7035\">Una llamada al comparatismo: Qu\u00e9 pueden decir los brit\u00e1nicos sobre su monarqu\u00eda<\/a> &#8220;. <em>El P\u00fablico &#8211; Espacio P\u00fablico<\/em>. Debate &#8220;Independencia period\u00edstica, contrapoder mancomunado&#8221; (V\u00edctor Sampedro, coord.), 25 Febrero 2021.<\/p>\n\n\n\n<h2 class=\"wp-block-heading\"><strong>Miscellaneous<\/strong> \/ <strong>Miscel\u00e1nea<\/strong><\/h2>\n\n\n\n<p><a href=\"https:\/\/www.uab.cat\/web\/detall-de-noticia\/llibres-i-musica-en-temps-de-desassossec-8220-teatre-a-domicili-per-a-un-nou-model-dual-8221-1345697212743.html?noticiaid=1345813481174\">&#8220;Teatre a domicili. Per un nou model dual&#8221;<\/a>. Llibres i m\u00fasica en temps de desassossec. Facultat de Filosofia i Lletres, UAB. 25 Maig 2020. <\/p>\n\n\n\n<p><a href=\"https:\/\/www.uab.cat\/web\/detall-de-noticia\/llibres-i-musica-en-temps-de-desassossec-pensant-en-altres-invasions-1345697212743.html?noticiaid=1345810446864\">&#8220;Pensant en altres invasions&#8221;<\/a>. Llibres i m\u00fasica en temps de desassossec. Facultat de Filosofia i Lletres, UAB. 26 Mar\u00e7 2020. <\/p>\n\n\n\n<h2 class=\"wp-block-heading\"><strong>Interviews and citations<\/strong> <strong>\/ Entrevistas y citas<\/strong><\/h2>\n\n\n\n<p>Citada en &#8220;<a href=\"https:\/\/www.publico.es\/culturas\/libros\/muchas-personas-leyendo-libros-diagonal-presumiendo-redes-sociales-explicacion.html\" data-type=\"link\" data-id=\"https:\/\/www.publico.es\/culturas\/libros\/muchas-personas-leyendo-libros-diagonal-presumiendo-redes-sociales-explicacion.html\">Muchas personas est\u00e1n leyendo libros en diagonal y presumiendo de ello en redes sociales: esta es la explicaci\u00f3n<\/a>.&#8221; Lidia Narbona. <em>El P\u00fablico<\/em>, 15 febrero 2025.<\/p>\n\n\n\n<p>&#8220;<a href=\"https:\/\/www.abc.es\/cultura\/libros\/pretendemos-hombres-den-cuenta-puede-masculino-patriarcal-20251016105409-nt.html\">Lo que pretendemos es que los hombres se den cuenta de que se puede ser masculino sin ser patriarcal<\/a>&#8220;. (entrevista junto a Isabel Santaul\u00e0ria sobre el volumen <em><a href=\"https:\/\/puz.unizar.es\/3192-en-busca-de-hombres-buenos-estrategias-para-desintoxicar-la-masculinidad-en-la-cultura-anglofona.html\">En busca de hombres buenos<\/a><\/em>). <em>ABC-Cultura<\/em>, 30 octubre 2025.<\/p>\n\n\n\n<p>Entrevistada por <a href=\"http:\/\/www.cazarabet.com\/conversacon\/fichas2\/dehitleravoldemort.htm\" data-type=\"URL\" data-id=\"http:\/\/www.cazarabet.com\/conversacon\/fichas2\/dehitleravoldemort.htm\">Cazabaret<\/a> en relaci\u00f3n al libro <em>De Hitler a Voldemort: retrato del villano<\/em>, abril 2023.<\/p>\n\n\n\n<p>Citada a <a href=\"https:\/\/llegim.ara.cat\/actualitat\/novela-romantica-catala-rosa-amor-actual_130_3869426.html\">&#8220;Es busca escriptora de novel\u00b7la rom\u00e0ntica en catal\u00e0&#8221;<\/a>, N\u00faria Juanico, <em>Ara.cat<\/em>, 14 febrer 2021.<\/p>\n\n\n\n<p>Citada en <a href=\"https:\/\/www.elmundo.es\/cultura\/literatura\/2020\/07\/24\/5f1abd12fdddffada18b4570.html\">&#8220;<em>Farenheit 451<\/em>, la cultura de la cancelaci\u00f3n y todas nuestras guerras culturales&#8221;<\/a>, Luis Alemany, <em>El Mundo<\/em>, 28 julio 2020.<\/p>\n\n\n\n<p>Citada a <a href=\"https:\/\/www.ara.cat\/suplements\/diumenge\/Alienigenes-ficcio_0_2488551125.html\">&#8220;Alien\u00edgenes de ficci\u00f3&#8221;,<\/a> Toni Pou, <em>Ara.cat<\/em>. 12 juliol 2020.<\/p>\n\n\n\n<p>Citada a <a href=\"https:\/\/lesradesgrises.com\/2020\/04\/19\/com-seran-les-noves-distopies\/\">&#8220;Com seran les noves distopies?&#8221;<\/a>, Ra\u00fcl Mag\u00ed, <em>Les rades grises<\/em> (blog), 20 abril 2020.<\/p>\n\n\n\n<p>Citada en <a href=\"https:\/\/www.elmundo.es\/cultura\/literatura\/2020\/04\/06\/5e83914421efa066358b46a2.html\">&#8220;El mundo sab\u00eda que algo malo iba a pasarle&#8230;: Breve historia de la literatura de cat\u00e1strofes&#8221;<\/a>, Luis Alemany, <em>El Mundo<\/em>, 6 abril 2020.<\/p>\n\n\n\n<p>Citada en <a href=\"https:\/\/www.lavanguardia.com\/vida\/formacion\/20200228\/473822907195\/magia-harry-potter-se-cuela-aulas.html\">&#8220;La magia de Harry Potter se cuela en las aulas&#8221;<\/a>, Laura Andr\u00e9s, <em>La Vanguardia<\/em>, 28 febrero 2020.<\/p>\n\n\n\n<p>Citada en <a href=\"https:\/\/www.heraldo.es\/noticias\/ocio-y-cultura\/2020\/02\/26\/serie-los-visitantes-hbo-stephen-king-cuadros-goya-1360509.html\">&#8220;El terror\u00edfico coco de Stephen King cuyo rostro pint\u00f3 Goya&#8221;,<\/a> Ana Usieto, <em>El Heraldo de Arag\u00f3n<\/em>, 28 febrero 2020.<\/p>\n\n\n\n<p>Citada a <a href=\"https:\/\/www.ara.cat\/estils\/Dones-robotiques-sexe_0_2247975263.html\">&#8220;Dones rob\u00f2tiques: el sexe que s\u2019enc\u00e9n\u2026 i s\u2019apaga&#8221;<\/a>, Nereida Carrillo, <em>Ara.cat<\/em>, 7 juny 2019.<\/p>\n\n\n\n<p>Citada e <a href=\"https:\/\/www.vilaweb.cat\/noticies\/joc-de-trons-no-es-feminista\/\">&#8220;Per qu\u00e8 <em>Joc de trons<\/em> no \u00e9s pas una s\u00e8rie feminista?&#8221;<\/a>, Laura Gallego, <em>VilaWeb<\/em>, 30 maig 2019.<\/p>\n\n\n\n<p>Citada a <a href=\"https:\/\/elbiblionauta.com\/ca\/2018\/09\/07\/ciencia-ficcio-i-fantasia-a-les-aules-iii-la-dignificacio-del-genere-en-els-estudis-postobligatoris\/\">&#8220;Ci\u00e8ncia-ficci\u00f3 i fantasia a les aules (III). La dignificaci\u00f3 del g\u00e8nere en els estudis postobligatoris&#8221;<\/a>, Daniel Gen\u00eds, <em>El Biblionauta<\/em>, 7 setembre 2018.<\/p>\n\n\n\n<p>Citada en <a href=\"https:\/\/www.elmundo.es\/nosotras\/2018\/04\/14\/5ac50205e2704eef118b4632.html\">&#8220;Mujeres en la pantalla: faltan buenas, feas y malas&#8221;<\/a>, Paula Guisado, <em>El Mundo &#8211; Nosotras<\/em>, 14 abril 2018.<\/p>\n\n\n\n<p>Citada a <a href=\"https:\/\/www.ara.cat\/cultura\/Frankenstein-mite-immortal-reflecteix-humanitat_0_1943205670.html\">&#8220;<em>Frankenstein<\/em>, el mite immortal on es reflecteix la humanitat: Es compleixen 200 anys de l\u2019obra de Mary Shelley, que va donar inici a la ci\u00e8ncia-ficci\u00f3&#8221;<\/a>, N\u00faria Juanico, <em>Ara.cat<\/em>, 15 gener 2018.<\/p>\n\n\n\n<p>Entrevistada en <a href=\"https:\/\/www.elperiodico.com\/es\/entre-todos\/20171218\/sara-martin-estuve-investigando-sobre-monstruos-en-escocia-6504161\">&#8220;Sara Mart\u00edn: &#8216;Estuve investigando sobre monstruos en Escocia'&#8221;<\/a>, Gemma Tramullas, <em>El Peri\u00f3dico<\/em>, 19 diciembre 2017.<\/p>\n\n\n\n<p>Citada a <a href=\"https:\/\/www.ara.cat\/cultura\/llegat-beneit-Harry-Potter_0_1825617457.html\">&#8220;El llegat bene\u00eft de <em>Harry Potter<\/em>&#8220;<\/a>,&nbsp; N\u00faria Juanico, <em>Ara.cat<\/em>, 2 juliol 2017.<\/p>\n\n\n\n<p>Citada en <a href=\"https:\/\/https:\/\/www.elmundo.es\/especiales\/harry-potter\/\">Especial Generaci\u00f3n Potter<\/a>, <em>El Mundo<\/em>, 22 junio 2017.<\/p>\n\n\n\n<p>Citada a <a href=\"https:\/\/https:\/\/www.elpuntavui.cat\/cultura\/article\/19-cultura\/1007851-la-generacio-harry-potter.html\">&#8220;La generaci\u00f3 <em>Harry Potter<\/em>&#8220;<\/a>, Gemma Busquets, <em>El Punt\/Avui<\/em>, 21 agost 2014.<\/p>\n\n\n\n<p>Entrevista <a href=\"https:\/\/https:\/\/www.expedientesx.es\/2008\/11\/entrevista-exclusiva-sara-martin\/\">&#8220;Entrevista exclusiva \u2013 Sara Mart\u00edn&#8221;<\/a>,&nbsp;<em>Expedientes X<\/em>, 2008.<\/p>\n\n\n\n<h2 class=\"wp-block-heading\"><strong>Radio interviews and podcast guest\/ Entrevistas en radio y podcasts<\/strong><\/h2>\n\n\n\n<p><a href=\"https:\/\/www.ua1.cat\/?podcast=296832\" data-type=\"link\" data-id=\"https:\/\/www.ua1.cat\/?podcast=296832\">Entrevistada<\/a> amb Isabel Santaul\u00e0ria per Lleida R\u00e0dio, en relaci\u00f3 al llibre <a href=\"https:\/\/puz.unizar.es\/3192-en-busca-de-hombres-buenos-estrategias-para-desintoxicar-la-masculinidad-en-la-cultura-anglofona.html\" data-type=\"link\" data-id=\"https:\/\/puz.unizar.es\/3192-en-busca-de-hombres-buenos-estrategias-para-desintoxicar-la-masculinidad-en-la-cultura-anglofona.html\">En busca de hombres buenos. Estrategias para desintoxicar la masculinidad en la cultura angl\u00f3fona<\/a>, Octubre 2025. <\/p>\n\n\n\n<p><a href=\"https:\/\/observatoriomasculinidad.umh.es\/audiovisuales-de-los-seminarios-conversatorios-sobre-masculinidades-genero-e-igualdad\/\" data-type=\"link\" data-id=\"https:\/\/observatoriomasculinidad.umh.es\/audiovisuales-de-los-seminarios-conversatorios-sobre-masculinidades-genero-e-igualdad\/\">Seminario<\/a> conversatorio 28 de enero 2025, sobre mi libro <em>De Hitler a Voldemort: Retrato del villano<\/em> con Lionel S. Delgado y Jorge Cascales Ribera<a href=\"https:\/\/observatoriomasculinidad.umh.es\/audiovisuales-de-los-seminarios-conversatorios-sobre-masculinidades-genero-e-igualdad\/\">.<\/a><\/p>\n\n\n\n<p>Entrevista &#8220;<a href=\"https:\/\/www.3cat.cat\/3cat\/mecanoscrit-del-segon-origen-50-anys-de-lectures\/audio\/1226290\/\" data-type=\"link\" data-id=\"https:\/\/www.3cat.cat\/3cat\/mecanoscrit-del-segon-origen-50-anys-de-lectures\/audio\/1226290\/\">Mecanoscrit del segon origen: 50 anys de lectures<\/a>&#8220;, <em>Ciutat Maradga<\/em>, Catalunya R\u00e0dio, 30 novembre 2024. <\/p>\n\n\n\n<p>Podcast sobre <em>Expediente X<\/em>, &#8220;<a href=\"https:\/\/www.ivoox.com\/verdad-esta-ahi-fuera-audios-mp3_rf_127765527_1.html\" data-type=\"link\" data-id=\"https:\/\/www.ivoox.com\/verdad-esta-ahi-fuera-audios-mp3_rf_127765527_1.html\">La verdad est\u00e1 ah\u00ed fuera<\/a>&#8220;, para <em>La Tecla Muerta<\/em> con Jordi S\u00e1nchez, 19 abril 2024.<\/p>\n\n\n\n<p><a href=\"https:\/\/www.rtve.es\/play\/audios\/fallo-de-sistema\/680-expediente-verdad-sin-fin-16-03-24\/16017991\/\" data-type=\"link\" data-id=\"https:\/\/www.rtve.es\/play\/audios\/fallo-de-sistema\/680-expediente-verdad-sin-fin-16-03-24\/16017991\/\">Entrevista<\/a> en <em>Fallo de sistema<\/em>, Radio 3, con Santiago Bustamante, hablando de <em>Expediente X<\/em>, 16 de marzo de 2024.<\/p>\n\n\n\n<p>Sessi\u00f3 al <a href=\"https:\/\/open.spotify.com\/episode\/4JQxetQgMK4U3AWfsn3ArM?si=_v2Lo46ySBS7FgOYbrRjIg&amp;nd=1&amp;dlsi=8d7e50f2bf0642e6\" data-type=\"URL\" data-id=\"https:\/\/open.spotify.com\/episode\/4JQxetQgMK4U3AWfsn3ArM?si=_v2Lo46ySBS7FgOYbrRjIg&amp;nd=1&amp;dlsi=8d7e50f2bf0642e6\">podcast <\/a><em>Esperant el cometa<\/em> #11: &#8220;Els prejudicis contra la literatura fant\u00e0stica&#8221;, novembre 2023.<\/p>\n\n\n\n<p>Sesi\u00f3n en el <a href=\"https:\/\/www.ivoox.com\/lpdt-6x11-detras-expediente-x-audios-mp3_rf_119309260_1.html\" data-type=\"URL\" data-id=\"https:\/\/www.ivoox.com\/lpdt-6x11-detras-expediente-x-audios-mp3_rf_119309260_1.html\">podcast<\/a> en <em>La Posada de T\u00e9rmina<\/em> sobre <em>Expediente X<\/em>, 12 noviembre 2023.<\/p>\n\n\n\n<p>Entrevista a &#8220;<a href=\"https:\/\/www.rtve.es\/alacarta\/audios\/feminismes-a-radio-4\/heterosexualitat-obligatoria\/5804263\/\">Heterosexualitat obligat\u00f2ria<\/a>&#8220;, <em>Feminismes<\/em>, R\u00e0dio 4, 28 febrero 2021.<\/p>\n\n\n\n<p>Entrevista a &#8220;<a href=\"https:\/\/orgull.cat\/la-masculinitat-en-el-punt-en-un-nou-debat-a-orgull\">La masculinitat en el punt en un nou \u2018Debat a Orgull\u2019&#8221;<\/a>, Orgull R\u00e0dio, 3 novembre 2020.<\/p>\n\n\n\n<p>Entrevista &#8220;<a href=\"https:\/\/www.radioillaformentera.cat\/de-pedrolo-i-el-mecanoscrit-del-segon-origen-vistos-per-la-seva-traductora-a-langles\/\">De Pedrolo i \u2018El mecanoscrit del Segon Origen\u2019 vistos per la seva traductora a l\u2019angl\u00e8s<\/a>&#8220;, R\u00e0dio Illa (E\u00cfvisa i Formentera), 6 juliol 2020.<\/p>\n\n\n\n<p>Entrevista &#8220;Els Monstres&#8221;, <em>Autocine<\/em>, Cerdanyola R\u00e0dio, 7 Maig 2019.<\/p>\n\n\n\n<p>Entrevista &#8220;<a href=\"https:\/\/www.3cat.cat\/3cat\/mecanoscrit-del-segon-origen\/audio\/1021797\/\" data-type=\"link\" data-id=\"https:\/\/www.3cat.cat\/3cat\/mecanoscrit-del-segon-origen\/audio\/1021797\/\">Parlem de Manuel de Pedrolo i el seu <em>Mecanoscrit<\/em> amb la professora Sara Mart\u00edn<\/a>&#8220;, <em>L&#8217;Irradiador<\/em> , Catalunya R\u00e0dio, 27 Novembre 2018. Es pot consultar tamb\u00e9 la <a href=\"https:\/\/radioteca.cat\/p\/lirradiador_hora-a-hora\/2018\/11\/27\/mecanoscrit-del-segon-origen\" data-type=\"link\" data-id=\"https:\/\/radioteca.cat\/p\/lirradiador_hora-a-hora\/2018\/11\/27\/mecanoscrit-del-segon-origen\">transcripci\u00f3<\/a>.<\/p>\n\n\n\n<p>Entrevista &#8220;<a href=\"https:\/\/www.eitb.eus\/es\/radio\/radio-euskadi\/programas\/la-mecanica-del-caracol\/detalle\/6008185\/veneno-arana-cancer-ciencia-ficcion-comienza-librecon\/\">Veneno de ara\u00f1a contra el c\u00e1ncer, ciencia ficci\u00f3n y comienza LibreCon<\/a>&#8220;, <em>La mec\u00e1nica del caracol<\/em>, Euskal Radio, 21 Noviembre 2018.<\/p>\n\n\n\n<p>Entrevista &#8220;<a href=\"https:\/\/www.ivoox.com\/somos-series-1x05-especial-expediente-x-con-sara-audios-mp3_rf_23116849_1.html\">Especial &#8216;Expediente X&#8217; (con Sara Mart\u00edn, Manuel Carballal y el productor\/guionista Frank Spotnitz)<\/a>&#8220;, <em>Somos Series<\/em>, Eres Radio, Enero 2018.<\/p>\n\n\n\n<p>Entrevista <em><a href=\"https:\/\/www.3cat.cat\/3cat\/generacio-harry-potter-els-avids-lectors-joves\/audio\/934113\/\" data-type=\"link\" data-id=\"https:\/\/www.3cat.cat\/3cat\/generacio-harry-potter-els-avids-lectors-joves\/audio\/934113\/\">Harry Potter i el Llegat Male\u00eft<\/a><\/em>, <em>El mat\u00ed de Catalunya R\u00e0dio<\/em>, 27 setembre 2016.<\/p>\n\n\n\n<h2 class=\"wp-block-heading\"><strong>Interviews in documentaries<\/strong> <strong>\/ entrevistas en documentales<\/strong><\/h2>\n\n\n\n<p><em><a href=\"https:\/\/www.filmin.es\/pelicula\/utopias-y-distopias-en-la-cultura-de-masas\">Utop\u00edas y distop\u00edas en la cultura de masas<\/a>, <\/em>basado en el seminario organizado por La Maleta de Portbou y l&#8217;Escola Europea d&#8217;Humanitats, marzo 2021.<\/p>\n\n\n\n<p><em>Lucha Feminista<\/em> (episodio 6), Hebes TV, Universitat Aut\u00f2noma de Barcelona, Diciembre 2018.<\/p>\n\n\n\n<p><em><a href=\"https:\/\/www.filmaffinity.com\/es\/film191918.html\" data-type=\"link\" data-id=\"https:\/\/www.filmaffinity.com\/es\/film191918.html\">Proyecto Patronus: La magia de una generaci\u00f3n<\/a><\/em>, 2016.<\/p>\n\n\n\n<h2 class=\"wp-block-heading\">Video online<\/h2>\n\n\n\n<p>Festival 42, Shirley.con 2, <a href=\"https:\/\/www.youtube.com\/watch?v=ea6KDqyp8Us\" data-type=\"URL\" data-id=\"https:\/\/www.youtube.com\/watch?v=ea6KDqyp8Us\">Del papel a la pantalla<\/a>, taula rodona amb Gemma Solsona, M\u00f2nica Garcia, Muntsa Mim\u00f3 i Sara Mart\u00edn, 10 novembre 2023.<\/p>\n\n\n\n<p><a href=\"https:\/\/www.youtube.com\/watch?v=hhCEYyl2M_g\" data-type=\"link\" data-id=\"https:\/\/www.youtube.com\/watch?v=hhCEYyl2M_g\">Presentaci\u00f3n<\/a> de libros con Sara Mart\u00edn | Coloquio &#8220;Hombres como yo&#8221;: <em>Masculinity and Patriarchal Villany in the British Novel: From Hitler to Voldemort<\/em> y <em>Detoxing Masculinity in Anglophone Literature and Culture: In Search of Good Men<\/em>. Octubre 2023.<\/p>\n\n\n\n<p><a href=\"https:\/\/www.youtube.com\/watch?v=q2_WfJkaWgE\" data-type=\"URL\" data-id=\"https:\/\/www.youtube.com\/watch?v=q2_WfJkaWgE\">Presentaci\u00f3n<\/a> con Iv\u00e1n G\u00f3mez de <em>La verdad sin fin: Expediente X<\/em>, Llibreria Gigamesh, 19 septiembre 2023. <\/p>\n\n\n\n<p><a href=\"https:\/\/www.youtube.com\/watch?v=vNtfCVIAQKE\" data-type=\"URL\" data-id=\"https:\/\/www.youtube.com\/watch?v=vNtfCVIAQKE\">Entrevista<\/a> a la Prof. Felicity Hand, amb motiu de la seva jubilaci\u00f3, juny 2023.<\/p>\n\n\n\n<p>Cicle C\u00e0psules de Traducci\u00f3 de la UVic: <a href=\"https:\/\/www.youtube.com\/watch?v=Je7kdHhZw44&amp;list=PLxX2jfm10tbDEcufErR-A-Vl0JJ-yw3Qh&amp;index=1\" data-type=\"URL\" data-id=\"https:\/\/www.youtube.com\/watch?v=Je7kdHhZw44&amp;list=PLxX2jfm10tbDEcufErR-A-Vl0JJ-yw3Qh&amp;index=1\">Traducci\u00f3 Inversa i Internacionalitzaci\u00f3 de la Literatura Catalana<\/a> (entrevistada per Auba Llompart), 16 novembre 2022.<\/p>\n\n\n\n<p>Interview (as interviewer): <a href=\"https:\/\/www.youtube.com\/watch?v=aPiJCeW2orY\">Interview with Richard K. Morgan<\/a>, Festival 42, 5 November 2021.<\/p>\n\n\n\n<p><a href=\"https:\/\/www.youtube.com\/watch?v=NquJUVt5YyE\" data-type=\"link\" data-id=\"https:\/\/www.youtube.com\/watch?v=NquJUVt5YyE\">Terror Nocturns amb Sara Mart\u00edn <\/a>(entrevistada per Jacint Casademunt sobre <em>The X-Files<\/em>), 24 setembre 2021.<\/p>\n\n\n\n<p>Interview (as interviewer): <a href=\"https:\/\/www.youtube.com\/watch?v=DzDg_BxJZ1A\">Interview with Ian McDonald<\/a>,&nbsp;CatCon 3, 25 November 2019.<\/p>\n\n\n\n<p>Presentaci\u00f3n de libro: <a href=\"https:\/\/www.youtube.com\/watch?v=F_XdiT4k1sg\"><em>Ocho cuentos g\u00f3ticos<\/em> (entrevistada por Rub\u00e9n Campos Arjona) y <em>Gender in 21st Century SF Cinema: 50 Titles<\/em><\/a>, Llibreria Gigamesh, 30 Junio 2019.<\/p>\n\n\n\n<p>Confer\u00e8ncia: <a href=\"https:\/\/youtu.be\/O_i0hkkCaYA\">&#8220;El sexe i el robot humaniforme: Entre la ci\u00e8ncia-ficci\u00f3 i la robosexualitat&#8221;<\/a>, CatCon 2, 24 novembre 2018.<\/p>\n\n\n\n<p>Conferencia: <a href=\"https:\/\/youtu.be\/fZTZqG0lI-k\">&#8220;Cient\u00edficas que narran historias: Nueva ciencia ficci\u00f3n humanista escrita por mujeres&#8221;<\/a>, ciclo Ellas hacen ciencia\/Emakumeek Zientzia Egiten Dute, Bilbao, 22 Noviembre 2018. <\/p>\n\n\n\n<p>Mesa redonda: <a href=\"https:\/\/www.youtube.com\/watch?v=CL9TZFcp4lU\">&#8220;Celebramos el 70 aniversario del nacimiento de Terry Pratchett&#8217;<\/a>, Llibrer\u00eda Gigamesh, 27 abril 2018, Sara Mart\u00edn, Isabel Santaul\u00e0ria &amp; Pau Huergo.<\/p>\n\n\n\n<p>Entrevista: <em>Ben Trobats<\/em>, Televisi\u00f3 d&#8217;Esplugues and network of local Catalan TV stations, 7 febrer 2018.<\/p>\n\n\n\n<p>Interview (as interviewer): <a href=\"https:\/\/www.youtube.com\/watch?v=LYL_Ls3uhJo\">&#8220;Interview with Richard Morgan&#8221;<\/a>, Eurocon Barcelona, November 2016.<\/p>\n\n\n\n<p>Entrevista: <em><a href=\"https:\/\/beteve.cat\/terricoles\/terricoles-sara-martin-2\/\" data-type=\"link\" data-id=\"https:\/\/beteve.cat\/terricoles\/terricoles-sara-martin-2\/\">Terr\u00edcoles<\/a><\/em> (amb David Guzm\u00e1n), Betev\u00e9, setembre 2016.<\/p>\n\n\n\n<p>Presentaci\u00f3 de llibre i taula rodona: <a href=\"https:\/\/www.youtube.com\/watch?v=juRaORA9tTc\">&#8220;<em>Harry Potter y el Legado Maldito<\/em><\/a>&#8220;, Llibrer\u00eda Gigamesh, mar\u00e7 2016, Sara Mart\u00edn, Irene P\u00e9rez &amp; Gemma Rovira.<\/p>\n\n\n\n<p>Mesa redonda &#8220;<a href=\"https:\/\/www.youtube.com\/watch?v=eunWz-lMl98\">Harry Potter va a la universidad<\/a>&#8220;, Llibrer\u00eda Gigamesh, febrero 2015, Sara Mart\u00edn, Teo Toma, Rub\u00e9n Campos, Alicia V\u00e1zquez &amp; Carme Nadal.&nbsp;<\/p>\n\n\n\n<p>Presentaci\u00f3n de libro y mesa redona: &#8220;<a href=\"https:\/\/www.youtube.com\/watch?v=swr3Qioxe_0\"><em>Historia y antolog\u00eda de la ciencia ficci\u00f3n espa\u00f1ola<\/em><\/a>&#8220;, con Fernando \u00c1ngel Moreno and Juli\u00e1n D\u00edaz, Llibreria Gigamesh, 24 abril 2015.<\/p>\n\n\n\n<h2 class=\"wp-block-heading\">Reviews of published work \/rese\u00f1as de obra publicada<\/h2>\n\n\n\n<p>Review of <em>Detoxing Masculinity in Anglophone Literature and Culture: In Search of Good Men<\/em> (Palgrave, 2023). Richard Jorge, <em><a href=\"https:\/\/aedean.org\/wp-content\/uploads\/Nexus_2024_01.pdf\" data-type=\"link\" data-id=\"https:\/\/aedean.org\/wp-content\/uploads\/Nexus_2024_01.pdf\">Nexus<\/a><\/em>, 2024-01.<\/p>\n\n\n\n<p>Review of <em>Passionate Professing: The Context and Practice of English Literature<\/em>. Gerardo-Rodr\u00edguez Salas, <em><a href=\"https:\/\/aedean.org\/wp-content\/uploads\/Nexus_2024_01.pdf\" data-type=\"link\" data-id=\"https:\/\/aedean.org\/wp-content\/uploads\/Nexus_2024_01.pdf\">Nexus<\/a><\/em>, 2024-01.<\/p>\n\n\n\n<p>Rese\u00f1a de <em>Passionate Professing: The Context and Practice of English Literature<\/em>. Gerardo-Rodr\u00edguez Salas, <em><a href=\"https:\/\/www.ideal.es\/culturas\/libros\/libros-recomendados-semana-criticos-ideal-20240622002949-nt.html\" data-type=\"link\" data-id=\"https:\/\/www.ideal.es\/culturas\/libros\/libros-recomendados-semana-criticos-ideal-20240622002949-nt.html\">El Ideal<\/a><\/em>, 22 junio 2024.<\/p>\n\n\n\n<p>Rese\u00f1a de <em>La verdad sin fin: Expediente X<\/em>. Francisco Rubio, <em><a href=\"https:\/\/lapiedradesisifo.com\/2023\/10\/13\/resena-de-la-verdad-sin-fin\/\" data-type=\"link\" data-id=\"https:\/\/lapiedradesisifo.com\/2023\/10\/13\/resena-de-la-verdad-sin-fin\/\">La piedra de S\u00edsifo<\/a><\/em>, noviembre 2023.<\/p>\n\n\n\n<p>Rese\u00f1a de <em>Entre muchos mundos: en torno a la ciencia ficci\u00f3n<\/em>. Sandra S\u00e1nchez Garc\u00eda, <em><a href=\"https:\/\/doi.org\/10.1344\/fh.2022.32.2.514-516\" data-type=\"link\" data-id=\"https:\/\/doi.org\/10.1344\/fh.2022.32.2.514-516\">Film Historia<\/a><\/em> 32.2 (2022).<\/p>\n\n\n\n<p>Ressenya d&#8217;<em><a href=\"https:\/\/elbiblionauta.com\/ca\/2018\/10\/19\/explorant-mecanoscrit-del-segon-origen-noves-lectures-2018-diversos-autors\/?fbclid=IwAR2xLMQNaHjzXBtdflRP4iVNshEq74iT473z9lC0BlvrhVpVRuhUUdy7aIU\">Explorant Mecanocrit del segon origen<\/a>. Noves lectures<\/em> (Orciny 2018), Daniel Gen\u00eds, <em>El Biblionauta,<\/em> 19 octubre 2018. <\/p>\n\n\n\n<p>Reviews of <em>Typescript of the Second Origin<\/em> (translation) (Wesleyen UP, 2018): 1. Devin Smith, <a href=\"https:\/\/www.full-stop.net\/2018\/03\/08\/reviews\/devin-smith\/typescript-of-the-second-origin-manuel-de-pedrolo\/\"><em>Full Stop<\/em><\/a>, March 2018; 2. Dale Knickerbocker, <a href=\"https:\/\/lareviewofbooks.org\/article\/catalonia-in-peril-on-manuel-de-pedrolos-typescript-of-the-second-origin\/\"><em>Los Angeles Review of Books<\/em><\/a>, March 2018. <\/p>\n","protected":false},"excerpt":{"rendered":"<p>A list of my media and internet contributions (see also Other Publications in the section Publications) In the newspapers \/ En los diarios \/ Als diaris &#8220;Alba i D\u00eddac 50 anys despr\u00e9s&#8221;. El Punt-Avui, 1 novembre 2024. &#8220;Una llamada al comparatismo: Qu\u00e9 pueden decir los brit\u00e1nicos sobre su monarqu\u00eda &#8220;. El P\u00fablico &#8211; Espacio P\u00fablico. [&hellip;]<\/p>\n","protected":false},"author":20,"featured_media":0,"parent":0,"menu_order":0,"comment_status":"closed","ping_status":"closed","template":"","meta":{"footnotes":""},"class_list":["post-19","page","type-page","status-publish","hentry"],"_links":{"self":[{"href":"https:\/\/webs.uab.cat\/saramartinalegre\/wp-json\/wp\/v2\/pages\/19","targetHints":{"allow":["GET"]}}],"collection":[{"href":"https:\/\/webs.uab.cat\/saramartinalegre\/wp-json\/wp\/v2\/pages"}],"about":[{"href":"https:\/\/webs.uab.cat\/saramartinalegre\/wp-json\/wp\/v2\/types\/page"}],"author":[{"embeddable":true,"href":"https:\/\/webs.uab.cat\/saramartinalegre\/wp-json\/wp\/v2\/users\/20"}],"replies":[{"embeddable":true,"href":"https:\/\/webs.uab.cat\/saramartinalegre\/wp-json\/wp\/v2\/comments?post=19"}],"version-history":[{"count":51,"href":"https:\/\/webs.uab.cat\/saramartinalegre\/wp-json\/wp\/v2\/pages\/19\/revisions"}],"predecessor-version":[{"id":4359,"href":"https:\/\/webs.uab.cat\/saramartinalegre\/wp-json\/wp\/v2\/pages\/19\/revisions\/4359"}],"wp:attachment":[{"href":"https:\/\/webs.uab.cat\/saramartinalegre\/wp-json\/wp\/v2\/media?parent=19"}],"curies":[{"name":"wp","href":"https:\/\/api.w.org\/{rel}","templated":true}]}}