{"id":29,"date":"2013-03-13T18:20:21","date_gmt":"2013-03-13T18:20:21","guid":{"rendered":"https:\/\/webs.uab.cat\/saramartinalegre\/research-projects-and-groups\/"},"modified":"2026-04-08T09:44:50","modified_gmt":"2026-04-08T09:44:50","slug":"research-projects-and-groups","status":"publish","type":"page","link":"https:\/\/webs.uab.cat\/saramartinalegre\/research\/research-projects-and-groups\/","title":{"rendered":"Research Projects and Groups"},"content":{"rendered":"\n<p>I am currently focused on doing research in the field of Science Fiction, with a focus mainly on gender (specially Masculinity Studies), post-humanism and (post-)cyberpunk. I am now working on diverse books about the evolution of masculinity in 21st century print science fiction, non-fiction, and the construction of secondary characters.<\/p>\n\n\n\n<div class=\"wp-block-media-text is-stacked-on-mobile\" style=\"grid-template-columns:32% auto\"><figure class=\"wp-block-media-text__media\"><img loading=\"lazy\" decoding=\"async\" width=\"350\" height=\"528\" src=\"https:\/\/webs.uab.cat\/saramartinalegre\/wp-content\/uploads\/sites\/189\/2024\/07\/9781032663661.jpg\" alt=\"\" class=\"wp-image-3403 size-full\" srcset=\"https:\/\/webs.uab.cat\/saramartinalegre\/wp-content\/uploads\/sites\/189\/2024\/07\/9781032663661.jpg 350w, https:\/\/webs.uab.cat\/saramartinalegre\/wp-content\/uploads\/sites\/189\/2024\/07\/9781032663661-199x300.jpg 199w\" sizes=\"auto, (max-width: 350px) 100vw, 350px\" \/><\/figure><div class=\"wp-block-media-text__content\">\n<p>I am currently (2024-2027) a member of the research project <a href=\"https:\/\/webs.uab.cat\/beyond-postmemory\/\" data-type=\"link\" data-id=\"https:\/\/webs.uab.cat\/beyond-postmemory\/\">Beyond Postmemory: English Literary Perspectives on War and Memory in the (Post)Postmodern Era (POSTLIT)<\/a>, PID2023-147481NB-I00, IPs Cristina Pividori and David Owen, UAB<\/p>\n<\/div><\/div>\n\n\n\n<h2 class=\"wp-block-heading\"><strong>Previous research groups and projects:<\/strong><\/h2>\n\n\n\n<p>Research <a href=\"https:\/\/webs.uab.cat\/g4roc\/\">Group for the Representation of Conflict<\/a> (G4RoC), SGR 2021 00069, PI Andrew Monnickendam, Universitat Aut\u00f2noma de Barcelona. (2021-2024)<\/p>\n\n\n\n<p>Project: &#8216;<a href=\"https:\/\/www.ub.edu\/adhuc\/es\/proyectos-investigacion\/transfugas-y-parias-modernas-genero-y-exclusion-cultura-popular-del-s-xxi\" data-type=\"link\" data-id=\"https:\/\/www.ub.edu\/adhuc\/es\/proyectos-investigacion\/transfugas-y-parias-modernas-genero-y-exclusion-cultura-popular-del-s-xxi\">Tr\u00e1nsfugas y parias modernas: G\u00e9nero y exclusi\u00f3n en la cultura popular del s. XXI<\/a>&#8216;, Ref. FEM2017-83974-P, PI Dra. Helena Gonz\u00e1lez, Universitat de Barcelona (2018-2021)<\/p>\n\n\n\n<p>Research group: Construyendo Nuevas Masculinidades (Constructing New Masculinities), PI Dr. \u00c0ngels Carab\u00ed, Universitat de Barcelona and Centre Dona i Literatura. 2012-2015: Research project &#8220;Hombres de ficci\u00f3n: hacia una historia de la masculinidad a trav\u00e9s de la literatura y el cine de los Estados Unidos, siglos XX y XXI&#8221; (FFI2011-23589, Ministerio de Econom\u00eda y Competitividad)<\/p>\n\n\n\n<p>Research group: <a href=\"https:\/\/cositextualitat.uab.cat\" data-type=\"link\" data-id=\"https:\/\/cositextualitat.uab.cat\">Cos i Textualitat<\/a> (Body and Textuality), PI Dr. Meri Torras, Universitat Aut\u00f2noma de Barcelona. 1) 2010-2012: Research project &#8216;Corpograf\u00edas de la Identidad: Estudio Cultural del Cuerpo como lugar de Representaci\u00f3n Gen\u00e9rico-sexual y \u00c9tnica del Sujeto&#8217; (FFI2009-09026). 2) 2008-2013: Consolidated research group \u2018Cos i Textualitat\u2019 (Body and Textuality), AGAUR SGR2009-651. 3) 2005-2008: 1) Emerging research group \u2018Cos i Textualitat\u2019 (Body and Textuality, AGAUR, CIT 01013; 2) Research project \u201cLos Textos del Cuerpo: An\u00e1lisis Cultural del Cuerpo como Construcci\u00f3n Gen\u00e9rico-Sexual del Sujeto (Fin de Siglo XX-XXI)\u201d (HUM2005-04159\/FILO, Ministerio de Educaci\u00f3n)<\/p>\n\n\n\n<h2 class=\"wp-block-heading\"><strong>Other projects:<\/strong><\/h2>\n\n\n\n<p>2015-2017: Red de Excelencia Tem\u00e1tica \u2018<a href=\"https:\/\/vins-network.org\/\" data-type=\"link\" data-id=\"https:\/\/vins-network.org\/\">Victorian and Neo-Victorian Studies in Spain Network<\/a>\u2019, Ref. FFI2015-71025-REDT, PI Dr. M\u00aa del Rosario Arias Doblas, Facultad de Filosof\u00eda y Letras, Universidad de M\u00e1laga.<\/p>\n\n\n\n<p>2006-2007: Research project \u201cPedagog\u00edas alternativas en la ense\u00f1anza de la literatura y el arte\u201d (HUM 2006-07836), PI Dr. Manuel Asensi, Universitat de Val\u00e8ncia<\/p>\n\n\n\n<p>2000-2003: Research project \u201cLa Lucha por la Palabra: G\u00e9nero y Narrativa de Guerra\u201d (BFF 2000-078), PI Dr. Ar\u00e1nzazu Usandizaga, Universitat Aut\u00f2noma de Barcelona<\/p>\n\n\n\n<p>1998- 2000: Research project &#8220;Modelos de Proyecci\u00f3n de la Autoridad Femenina Escrita en Ingl\u00e9s y en Espa\u00f1ol: Tensiones entre G\u00e9nero (Gender) y G\u00e9nero Literario (Genre)&#8221; (PB96-1159; 1997-2000), PI Dr. Ar\u00e1nzazu Usandizaga, Universitat Aut\u00f2noma de Barcelona<\/p>\n","protected":false},"excerpt":{"rendered":"<p>I am currently focused on doing research in the field of Science Fiction, with a focus mainly on gender (specially Masculinity Studies), post-humanism and (post-)cyberpunk. I am now working on diverse books about the evolution of masculinity in 21st century print science fiction, non-fiction, and the construction of secondary characters. I am currently (2024-2027) a [&hellip;]<\/p>\n","protected":false},"author":20,"featured_media":0,"parent":20,"menu_order":0,"comment_status":"closed","ping_status":"closed","template":"","meta":{"footnotes":""},"class_list":["post-29","page","type-page","status-publish","hentry"],"_links":{"self":[{"href":"https:\/\/webs.uab.cat\/saramartinalegre\/wp-json\/wp\/v2\/pages\/29","targetHints":{"allow":["GET"]}}],"collection":[{"href":"https:\/\/webs.uab.cat\/saramartinalegre\/wp-json\/wp\/v2\/pages"}],"about":[{"href":"https:\/\/webs.uab.cat\/saramartinalegre\/wp-json\/wp\/v2\/types\/page"}],"author":[{"embeddable":true,"href":"https:\/\/webs.uab.cat\/saramartinalegre\/wp-json\/wp\/v2\/users\/20"}],"replies":[{"embeddable":true,"href":"https:\/\/webs.uab.cat\/saramartinalegre\/wp-json\/wp\/v2\/comments?post=29"}],"version-history":[{"count":13,"href":"https:\/\/webs.uab.cat\/saramartinalegre\/wp-json\/wp\/v2\/pages\/29\/revisions"}],"predecessor-version":[{"id":3632,"href":"https:\/\/webs.uab.cat\/saramartinalegre\/wp-json\/wp\/v2\/pages\/29\/revisions\/3632"}],"up":[{"embeddable":true,"href":"https:\/\/webs.uab.cat\/saramartinalegre\/wp-json\/wp\/v2\/pages\/20"}],"wp:attachment":[{"href":"https:\/\/webs.uab.cat\/saramartinalegre\/wp-json\/wp\/v2\/media?parent=29"}],"curies":[{"name":"wp","href":"https:\/\/api.w.org\/{rel}","templated":true}]}}