{"id":31,"date":"2013-03-13T18:21:47","date_gmt":"2013-03-13T18:21:47","guid":{"rendered":"https:\/\/webs.uab.cat\/saramartinalegre\/ma-supervision\/"},"modified":"2025-12-11T10:23:40","modified_gmt":"2025-12-11T10:23:40","slug":"ma-supervision","status":"publish","type":"page","link":"https:\/\/webs.uab.cat\/saramartinalegre\/ma-supervision\/","title":{"rendered":"MA\/TFM Dissertation Supervision"},"content":{"rendered":"\n<p>If you want to know how to write an MA\/TFM dissertation, read the document &#8220;<a href=\"https:\/\/webs.uab.cat\/saramartinalegre\/wp-content\/uploads\/sites\/189\/2025\/07\/WORKING-ON-A-DISSERTATION-Sara-Martin-1.pdf\" data-type=\"link\" data-id=\"https:\/\/webs.uab.cat\/saramartinalegre\/wp-content\/uploads\/sites\/189\/2025\/07\/WORKING-ON-A-DISSERTATION-Sara-Martin-1.pdf\">Working on a Dissertation (and beyond)<\/a>&#8220;.<\/p>\n\n\n\n<p>I have supervised so far the following MA\/TFM dissertations in 5 programmes, English Studies: Linguistic, Literary and Sociocultural Perspectives, Advanced English Studies, Advanced English Studies: Literature and Culture (the ones in English), Literatura Comparada: Estudios Literarios y Culturales (in Spanish and Catalan), and Estudis Teatrals (in Catalan).<\/p>\n\n\n\n<h2 class=\"wp-block-heading\"><strong>MA\/TFM Dissertations<\/strong><\/h2>\n\n\n\n<p>Jules Otero Besol\u00ed, A Last Twinge of Humanity Too Thin to Be Called Pain: Bio\/Cyber\/Post\/Transhumanism in Bruce Sterling\u2019s <em>Schismatrix Plus<\/em>. 2025.<\/p>\n\n\n\n<p>Karina Mercedes Mart\u00ednez, <a href=\"https:\/\/ddd.uab.cat\/record\/292467\" data-type=\"link\" data-id=\"https:\/\/ddd.uab.cat\/record\/292467\">Trouble on Tralfamadore: Sex and Gender in <em>Slaughterhouse-Five<\/em> from the Second World War to Second Wave Feminism<\/a>. 2024.<\/p>\n\n\n\n<p>Sara Arenas Contreras, <a href=\"https:\/\/ddd.uab.cat\/record\/264471\">Painfully Normal: Connell\u2019s Brittle Masculinity in Sally Rooney\u2019s <em>Normal People<\/em><\/a>. 2022.<\/p>\n\n\n\n<p>Cristina Espejo Navas, <a href=\"https:\/\/ddd.uab.cat\/record\/255182\">The New Fairy Tale: Subverting Genre and Characterization in Diana Wynne-Jones <em>Howl\u2019s Moving Castle<\/em> and its Film Adaptation<\/a>. 2021.<\/p>\n\n\n\n<p>Alyce Corbett, <a href=\"https:\/\/ddd.uab.cat\/record\/231956\">The Modernist Crisis of Meaning: Parallels in Stream of Consciousness Writing and Avant-garde Cinema across Europe, the United Kingdom and the United States<\/a>. 2020.<\/p>\n\n\n\n<p>Alexandra Camp Mart\u00ednez, Far Above the World: Representations of Masculinity in 21st Century SF Cinema. 2020.<\/p>\n\n\n\n<p>Alvin\/Ng Chung Fung, &#8220;You\u2019re just Out of Practice\u201d: James Bond, the Incompetent Womaniser in <em>Thunderball<\/em> (1965), <em>Moonraker<\/em> (1979), <em>Golden Eye<\/em> (1995) and <em>Casino Royale<\/em> (2006). 2019.<\/p>\n\n\n\n<p>Montserrat Pons Nusa, <a href=\"https:\/\/ddd.uab.cat\/record\/196821\">Queer and Crippled: Intersectional Feminism in Nicola Griffith&#8217;s <em>So Lucky<\/em><\/a>. 2018.<\/p>\n\n\n\n<p>Ana S\u00e1ez Garrido, <a href=\"https:\/\/ddd.uab.cat\/record\/196030\">Temporary Transgenderism in Charles Stross&#8217;s<em> Glasshouse<\/em>: Patriachal Suburbia and the Limits of the Post-human<\/a>. 2018.<\/p>\n\n\n\n<p>Laura Luque i Brugu\u00e9, <a href=\"https:\/\/ddd.uab.cat\/record\/186513\">Disempowering the Witch: A Patriarchal Portrait of the Witch in Anne Rice\u2019s <\/a><em><a href=\"https:\/\/ddd.uab.cat\/record\/186513\">The Lives of the Mayfair Witches<\/a>.<\/em> 2017.<\/p>\n\n\n\n<p>Albert M\u00e9ndez Panad\u00e9s, <a href=\"https:\/\/ddd.uab.cat\/record\/186515\"><em>In the Republic of Happiness<\/em>, o la hipertr\u00f2fia del jo: Una par\u00f2dia del narcissisme en la societat tardo-capitalista segons Martin Crimp<\/a>. 2017.<\/p>\n\n\n\n<p>Salvador Bas Folch, Post-apocalyptic Steampunk in Young Adult\u2019s Literature: Discussing Genre in Philip Reeve\u2019s<em> Mortal Engines Quartet<\/em>, 2016.<\/p>\n\n\n\n<p>Antonio Alberto G\u00f3mez P\u00e9rez, <a href=\"https:\/\/ddd.uab.cat\/record\/164017\">La digitalitat en la dansa: Una valoraci\u00f3 de les eines pel proc\u00e9s de creaci\u00f3 i el seu aprenentatge en un centre superior de dansa<\/a>. 2016.<\/p>\n\n\n\n<p>Jordana Lopez-da Silva, <a href=\"https:\/\/ddd.uab.cat\/record\/155755\">Convention and Defiance: The Female Hero\u2019s Performance of Gender Roles in<em> The Hunger Games <\/em>and the<em> Divergent Series<\/em><\/a>, 2016.<\/p>\n\n\n\n<p>Eduardo Gonz\u00e1lez de la Fuente, <a href=\"https:\/\/hdl.handle.net\/2072\/257174\">De pu\u00f1o y letra: Boxeo y cultura de masas en tres relatos de Jack London<\/a>, 2015. See also the <a href=\"https:\/\/www.452f.com\/index.php\/eduardo-gonzalez.html\">article<\/a> in the journal <em>452\u00ba Farenheit.<\/em><\/p>\n\n\n\n<p>Jos\u00e9 Esteban Viera Betancor, <a href=\"https:\/\/hdl.handle.net\/2072\/254522\">Striving for Visibility: Representations of Elderly Gay Men in Christopher Bram\u2019s <em>Father of Frankenstein<\/em> and ITV\u2019s<em> Vicious<\/em><\/a>. 2015.<\/p>\n\n\n\n<p>Melissa Caro Lancho, <a href=\"https:\/\/ddd.uab.cat\/record\/138588\" data-type=\"link\" data-id=\"https:\/\/ddd.uab.cat\/record\/138588\">Contributions to Bisexual Erasure: The (Mis)Representations of Bisexuality in Netflix\u2019s<em> Orange Is the New Black <\/em>and BBC\u2019S <em>Torchwood<\/em><\/a><em>.<\/em> 2015.<\/p>\n\n\n\n<p>Camila Rojas, <a href=\"https:\/\/www.academia.edu\/11772232\/Confronting_Traditional_Love_The_Evolution_of_the_Representation_of_True_Love_in_Disney_Princess_Movies_1990s_to_the_Present_\">Confronting Traditional Love: the Evolution of the Representation of \u2018True Love\u2019 in Disney\u2019s Princess Movies (1990s to the Present)<\/a>. 2015.<\/p>\n\n\n\n<p>Francesca Pol, La construcci\u00f3 del personatge secundari i la masculinitat a la novel\u00b7la meravellosa: el cas de Severus Snape a la S\u00e8rie<em> Harry Potter.<\/em> 2014.<\/p>\n\n\n\n<p>Laia Casta\u00f1\u00f3n Abad, <a href=\"https:\/\/ddd.uab.cat\/record\/138589\" data-type=\"link\" data-id=\"https:\/\/ddd.uab.cat\/record\/138589\">A Scandal on Screen: A Gendered Reading of Arthur Conan Doyle&#8217;s Characters in BBC&#8217;s <em>Sherlock <\/em>and <em>Elementary<\/em><\/a><em>.<\/em> 2014.<\/p>\n\n\n\n<p>Rub\u00e9n Cenamor Pons, <a href=\"https:\/\/ddd.uab.cat\/record\/144982\" data-type=\"link\" data-id=\"https:\/\/ddd.uab.cat\/record\/144982\">Son of Depression, Man of Anxiety: Frank Wheeler\u2019s Patriarchal American Masculinity in Richard Yates\u2019s <em>Revolutionary Road<\/em><\/a><em>.<\/em> 2013.<\/p>\n\n\n\n<p>Montse Esta\u00f1ol, <a href=\"https:\/\/ddd.uab.cat\/record\/132000\" data-type=\"link\" data-id=\"https:\/\/ddd.uab.cat\/record\/132000\">The Love Marriage: Challenging Victorian Myths in Anne Bront\u00eb\u2019s <em>The Tenant of Wildfell Hall<\/em><\/a><em>. <\/em>2012.<\/p>\n\n\n\n<p>Jon Goenaga Aldai, From Black Humour to Gothic Fiction:The Different Representations of Sweeney Todd, the Demon Barber of Fleet Street. 2011.<\/p>\n\n\n\n<p>Jaume Llorens, <a href=\"https:\/\/https:\/\/ddd.uab.cat\/record\/132004\">La invasi\u00f3n en la ciencia ficci\u00f3n y la construcci\u00f3n de la identidad americana<\/a><em>. <\/em>2010.<\/p>\n\n\n\n<p>Maria Gener, Patriarchy and Gay Male Identity: Richard\u2019s Silenced Trauma in Michael Cunningham\u2019s <em>The Hours<\/em> (1998)<em>.<\/em> 2009.<\/p>\n\n\n\n<p>Auba Llompart, <a href=\"https:\/\/ddd.uab.cat\/record\/132001\" data-type=\"link\" data-id=\"https:\/\/ddd.uab.cat\/record\/132001\">Patriarchal Hauntings: Re-reading Villainy and Gender in Daphne du Maurier\u2019s <em>Rebecca<\/em><\/a><em>.<\/em> 2008.<\/p>\n\n\n\n<p>Dolors Bosch, <a href=\"https:\/\/ddd.uab.cat\/record\/132003\">De More a Moore: De la utopia al cos, i a l&#8217;inrev\u00e9s<\/a>. 2007.<\/p>\n\n\n\n<h2 class=\"wp-block-heading\"><strong>DOCTORAL THESES\/TESINAS<\/strong><\/h2>\n\n\n\n<p>Diego Falcon\u00ed Tr\u00e9velez, <a href=\"https:\/\/ddd.uab.cat\/record\/47979\">Subversi\u00f3n de las identidades narrativas mestizas y queers (cursiva) en la narrativa de los Andes contempor\u00e1neos<\/a>. 2009. Co-supervised with Dr. Meri Torras.<\/p>\n\n\n\n<p>Rafael Miranda Huereca, The Quest for Cyberpunk: Gender and Patriarchy in Neale Stephenson\u2019s <em>The Diamond Age<\/em>. 2008.<\/p>\n\n\n\n<p>Javier Alacio, Displacement in Gay Literature. 2002.<\/p>\n","protected":false},"excerpt":{"rendered":"<p>If you want to know how to write an MA\/TFM dissertation, read the document &#8220;Working on a Dissertation (and beyond)&#8220;. I have supervised so far the following MA\/TFM dissertations in 5 programmes, English Studies: Linguistic, Literary and Sociocultural Perspectives, Advanced English Studies, Advanced English Studies: Literature and Culture (the ones in English), Literatura Comparada: Estudios [&hellip;]<\/p>\n","protected":false},"author":20,"featured_media":0,"parent":0,"menu_order":0,"comment_status":"closed","ping_status":"closed","template":"","meta":{"footnotes":""},"class_list":["post-31","page","type-page","status-publish","hentry"],"_links":{"self":[{"href":"https:\/\/webs.uab.cat\/saramartinalegre\/wp-json\/wp\/v2\/pages\/31","targetHints":{"allow":["GET"]}}],"collection":[{"href":"https:\/\/webs.uab.cat\/saramartinalegre\/wp-json\/wp\/v2\/pages"}],"about":[{"href":"https:\/\/webs.uab.cat\/saramartinalegre\/wp-json\/wp\/v2\/types\/page"}],"author":[{"embeddable":true,"href":"https:\/\/webs.uab.cat\/saramartinalegre\/wp-json\/wp\/v2\/users\/20"}],"replies":[{"embeddable":true,"href":"https:\/\/webs.uab.cat\/saramartinalegre\/wp-json\/wp\/v2\/comments?post=31"}],"version-history":[{"count":19,"href":"https:\/\/webs.uab.cat\/saramartinalegre\/wp-json\/wp\/v2\/pages\/31\/revisions"}],"predecessor-version":[{"id":4295,"href":"https:\/\/webs.uab.cat\/saramartinalegre\/wp-json\/wp\/v2\/pages\/31\/revisions\/4295"}],"wp:attachment":[{"href":"https:\/\/webs.uab.cat\/saramartinalegre\/wp-json\/wp\/v2\/media?parent=31"}],"curies":[{"name":"wp","href":"https:\/\/api.w.org\/{rel}","templated":true}]}}