{"id":14,"date":"2025-06-12T12:38:59","date_gmt":"2025-06-12T10:38:59","guid":{"rendered":"https:\/\/webs.uab.cat\/satnexschool\/?page_id=14"},"modified":"2025-07-09T13:02:34","modified_gmt":"2025-07-09T11:02:34","slug":"venue-travel","status":"publish","type":"page","link":"https:\/\/webs.uab.cat\/satnexschool\/venue-travel\/","title":{"rendered":"Venue &amp; Travel"},"content":{"rendered":"\n<h3 class=\"wp-block-heading has-small-font-size\">The event will take place from\u00a0<strong>September 22nd to 23rd, 2025<\/strong>, at the\u00a0<strong>UAB UNESCO campus facilities<\/strong>, in the centre of Barcelona (<strong><a href=\"https:\/\/www.uab.cat\/web\/history-1345876239311.html\">Casa Convalesc\u00e8ncia<\/a><\/strong>) and\u00a0<strong>will be co-located with the AIAA<a href=\"https:\/\/2025.icssc.space\/\">\u00a0International Conference of Satellite Systems Communications (ICSSC 2025<\/a>)<\/strong>.<\/h3>\n\n\n\n<p><strong>Top attractions in Barcelona:<\/strong><\/p>\n\n\n\n<figure class=\"wp-block-image\"><img decoding=\"async\" src=\"https:\/\/icton2025.upc.edu\/wp-content\/uploads\/2024\/06\/sagrada-familia-1024x857.jpg\" alt=\"\" title=\"sagrada-familia\" \/><\/figure>\n\n\n\n<p><strong>Basilica of La Sagrada Familia<\/strong><\/p>\n\n\n\n<p>An unfinished minor basillica which is a UNESCO World Heritage Site. In 1883, the brilliant architect Gaudi agreed to take on this project, succeeding Francisco de Paula, and worked on it until his death.<\/p>\n\n\n\n<p>[<a href=\"https:\/\/sagradafamilia.org\/en\/home\">More information<\/a>]<\/p>\n\n\n\n<figure class=\"wp-block-image\"><img decoding=\"async\" src=\"https:\/\/icton2025.upc.edu\/wp-content\/uploads\/2024\/05\/batllo-window.jpg\" alt=\"\" class=\"wp-image-75\" \/><\/figure>\n\n\n\n<p><strong>Casa Batll\u00f3<\/strong><\/p>\n\n\n\n<p>One of the jewels of Art Nouveau, created when the Batll\u00f3 family commissioned Gaud\u00ed to remodel an existing house. It was completely transformed, from the fa\u00e7ade to the internal structure. It is also a UNESCO World Heritage Site.<\/p>\n\n\n\n<p>[<a href=\"https:\/\/www.casabatllo.es\/en\/\">More information<\/a>]<\/p>\n\n\n\n<figure class=\"wp-block-image\"><img decoding=\"async\" src=\"https:\/\/icton2025.upc.edu\/wp-content\/uploads\/2024\/06\/FC_Barcelona-1024x640.jpg\" alt=\"\" title=\"FC_Barcelona\" \/><\/figure>\n\n\n\n<p><strong>Camp Nou stadium<\/strong><\/p>\n\n\n\n<p>The home ground of FC Barcelona since 1957, this football stadium has the largest capacity of any stadium in Europe.<\/p>\n\n\n\n<p>[<a href=\"https:\/\/www.fcbarcelona.com\/en\/club\/contact\">More information<\/a>]<\/p>\n\n\n\n<figure class=\"wp-block-image\"><img decoding=\"async\" src=\"https:\/\/icton2025.upc.edu\/wp-content\/uploads\/2024\/06\/Palau_Musica_sq.jpg\" alt=\"\" title=\"Palau_Musica_sq\" \/><\/figure>\n\n\n\n<p><strong>Palau de la M\u00fasica Catalana Auditorium<\/strong><\/p>\n\n\n\n<p>A modernist building that is one of the city\u2019s most emblematic edifices and a UNESCO World Heritage Site. Built by the famous architect Llu\u00eds Dom\u00e8nech i Montaner, the interior is decorated with ceramic mosaics and polychrome glass with floral motifs.<\/p>\n\n\n\n<p>[<a href=\"https:\/\/www.palaumusica.cat\/en\">More information<\/a>]<\/p>\n\n\n\n<figure class=\"wp-block-image\"><img decoding=\"async\" src=\"https:\/\/icton2025.upc.edu\/wp-content\/uploads\/2024\/05\/parc-guell-332390_1280-1024x682.jpg\" alt=\"\" title=\"parc-guell-332390_1280\" \/><\/figure>\n\n\n\n<p><strong>Park G\u00fcell<\/strong><\/p>\n\n\n\n<p>It is a privatized park system composed of gardens and architectural elements located on Carmel Hill. In 1984, UNESCO declared the park a World Heritage Site under \u201cWorks of Antoni Gaud\u00ed\u201d<\/p>\n\n\n\n<p>[<a href=\"https:\/\/parkguell.barcelona\/\">More information<\/a>]<\/p>\n\n\n\n<figure class=\"wp-block-image\"><img decoding=\"async\" src=\"https:\/\/icton2025.upc.edu\/wp-content\/uploads\/2024\/06\/Bcn_view.jpg\" alt=\"\" title=\"Bcn_view\" \/><\/figure>\n\n\n\n<p><strong>Science Trails<\/strong><\/p>\n\n\n\n<p>Did you know that Albert Einstein spent six days in Barcelona to present his theory of relativity? Or that the first photograph in Spain was taken in Barcelona and was a major event that received a lot of coverage in the papers? Find out more about Barcelona\u2019s links with science and technology with our selection of city walking trails.<\/p>\n\n\n\n<p>[<a href=\"https:\/\/www.barcelonaturisme.com\/wv3\/en\/page\/4219\/science-trails.html\">More information<\/a>]<\/p>\n\n\n\n<figure class=\"wp-block-image\"><img decoding=\"async\" src=\"https:\/\/icton2025.upc.edu\/wp-content\/uploads\/2024\/06\/loc9.jpg\" alt=\"\" title=\"loc9\" \/><\/figure>\n\n\n\n<p><strong>Themed Routes<\/strong><\/p>\n\n\n\n<p>How many Barcelonas are you ready to get to know? With our themed trails you can trace the evolution of the city, from the time when it was a Roman colony to its present-day modern character, without overlooking the imprints left on the city by some of the foremost geniuses from the world of art and culture. All the Barcelonas that have shaped, and continue to shape the city, are waiting for you.<\/p>\n\n\n\n<p>[<a href=\"https:\/\/www.barcelonaturisme.com\/wv3\/en\/page\/13\/themed-routes.html\">More information<\/a>]<\/p>\n","protected":false},"excerpt":{"rendered":"<p>The event will take place from\u00a0September 22nd to 23rd, 2025, at the\u00a0UAB UNESCO campus facilities, in the centre of Barcelona (Casa Convalesc\u00e8ncia) and\u00a0will be co-located with the AIAA\u00a0International Conference of Satellite Systems Communications (ICSSC 2025). Top attractions in Barcelona: Basilica of La Sagrada Familia An unfinished minor basillica which is a UNESCO World Heritage Site. [&hellip;]<\/p>\n","protected":false},"author":2599,"featured_media":0,"parent":0,"menu_order":0,"comment_status":"closed","ping_status":"closed","template":"","meta":{"footnotes":""},"class_list":["post-14","page","type-page","status-publish","hentry"],"_links":{"self":[{"href":"https:\/\/webs.uab.cat\/satnexschool\/wp-json\/wp\/v2\/pages\/14","targetHints":{"allow":["GET"]}}],"collection":[{"href":"https:\/\/webs.uab.cat\/satnexschool\/wp-json\/wp\/v2\/pages"}],"about":[{"href":"https:\/\/webs.uab.cat\/satnexschool\/wp-json\/wp\/v2\/types\/page"}],"author":[{"embeddable":true,"href":"https:\/\/webs.uab.cat\/satnexschool\/wp-json\/wp\/v2\/users\/2599"}],"replies":[{"embeddable":true,"href":"https:\/\/webs.uab.cat\/satnexschool\/wp-json\/wp\/v2\/comments?post=14"}],"version-history":[{"count":4,"href":"https:\/\/webs.uab.cat\/satnexschool\/wp-json\/wp\/v2\/pages\/14\/revisions"}],"predecessor-version":[{"id":158,"href":"https:\/\/webs.uab.cat\/satnexschool\/wp-json\/wp\/v2\/pages\/14\/revisions\/158"}],"wp:attachment":[{"href":"https:\/\/webs.uab.cat\/satnexschool\/wp-json\/wp\/v2\/media?parent=14"}],"curies":[{"name":"wp","href":"https:\/\/api.w.org\/{rel}","templated":true}]}}