{"id":159,"date":"2010-06-22T16:15:38","date_gmt":"2010-06-22T16:15:38","guid":{"rendered":"https:\/\/webs.uab.cat\/sbcv\/users\/"},"modified":"2010-07-06T14:34:12","modified_gmt":"2010-07-06T14:34:12","slug":"users","status":"publish","type":"page","link":"https:\/\/webs.uab.cat\/sbcv\/en\/users\/","title":{"rendered":"Users"},"content":{"rendered":"<p>The Servei de Bioqu\u00edmica Cl\u00ednica Veterin\u00e0ria has got different kinds of users:<\/p>\n<p><strong>a) Internal clients from the Universitat Aut\u00f2noma de Barcelona (UAB)<\/strong><\/p>\n<p>&nbsp;&nbsp;&nbsp; &#8211; Hospital Cl\u00ednic Veterinari (HCV)<\/p>\n<p>&nbsp;&nbsp;&nbsp; &#8211; UAB\u2019s departments.<\/p>\n<p><strong>b) External clients<\/strong><\/p>\n<p>&nbsp;&nbsp;&nbsp; &#8211; Pharmaceutical laboratories<\/p>\n<p>&nbsp;&nbsp;&nbsp; &#8211; R&amp;D centres<\/p>\n<p>&nbsp;&nbsp;&nbsp; &#8211; Other universities\u2019 departments<\/p>\n<p>&nbsp;&nbsp;&nbsp; &#8211; Non UAB veterinarians<\/p>\n<p>&nbsp;&nbsp;&nbsp; &#8211; Other private companies related to the veterinarian world<\/p>\n","protected":false},"excerpt":{"rendered":"<p>The Servei de Bioqu\u00edmica Cl\u00ednica Veterin\u00e0ria has got different kinds of users: a) Internal clients from the Universitat Aut\u00f2noma de Barcelona (UAB) &nbsp;&nbsp;&nbsp; &#8211; Hospital Cl\u00ednic Veterinari (HCV) &nbsp;&nbsp;&nbsp; &#8211; UAB\u2019s departments. b) External clients &nbsp;&nbsp;&nbsp; &#8211; Pharmaceutical laboratories &nbsp;&nbsp;&nbsp; &#8211; R&amp;D centres &nbsp;&nbsp;&nbsp; &#8211; Other universities\u2019 departments &nbsp;&nbsp;&nbsp; &#8211; Non UAB veterinarians &nbsp;&nbsp;&nbsp; &#8211; [&hellip;]<\/p>\n","protected":false},"author":20,"featured_media":0,"parent":0,"menu_order":0,"comment_status":"closed","ping_status":"closed","template":"","meta":{"footnotes":""},"class_list":["post-159","page","type-page","status-publish","hentry"],"_links":{"self":[{"href":"https:\/\/webs.uab.cat\/sbcv\/en\/wp-json\/wp\/v2\/pages\/159","targetHints":{"allow":["GET"]}}],"collection":[{"href":"https:\/\/webs.uab.cat\/sbcv\/en\/wp-json\/wp\/v2\/pages"}],"about":[{"href":"https:\/\/webs.uab.cat\/sbcv\/en\/wp-json\/wp\/v2\/types\/page"}],"author":[{"embeddable":true,"href":"https:\/\/webs.uab.cat\/sbcv\/en\/wp-json\/wp\/v2\/users\/20"}],"replies":[{"embeddable":true,"href":"https:\/\/webs.uab.cat\/sbcv\/en\/wp-json\/wp\/v2\/comments?post=159"}],"version-history":[{"count":0,"href":"https:\/\/webs.uab.cat\/sbcv\/en\/wp-json\/wp\/v2\/pages\/159\/revisions"}],"wp:attachment":[{"href":"https:\/\/webs.uab.cat\/sbcv\/en\/wp-json\/wp\/v2\/media?parent=159"}],"curies":[{"name":"wp","href":"https:\/\/api.w.org\/{rel}","templated":true}]}}