{"id":160,"date":"2010-06-22T16:16:08","date_gmt":"2010-06-22T16:16:08","guid":{"rendered":"https:\/\/webs.uab.cat\/sbcv\/delivery-samples\/"},"modified":"2010-07-06T14:34:53","modified_gmt":"2010-07-06T14:34:53","slug":"delivery-samples","status":"publish","type":"page","link":"https:\/\/webs.uab.cat\/sbcv\/en\/delivery-samples\/","title":{"rendered":"Delivery of samples"},"content":{"rendered":"<p>Before delivering samples, clients may look up <strong>BCV002<\/strong> document and fill <strong>BCV001<\/strong> document in and send it properly filled in and signed to the Servei de Bioqu\u00edmica Cl\u00ednica Veterin\u00e0ria.<\/p>\n<p>In  order to specify both samples\u2019 and results\u2019 delivery dates, clients  should speak to Servei\u2019s members in person. Both BCV001 and BCV002  documents can be acquired at the Servei de Bioqu\u00edmica Cl\u00ednica  Veterin\u00e0ria or directly from this web site.<\/p>\n<p><img decoding=\"async\" alt=\"\" src=\"\/sbcv\/sites\/sct.uab.cat.sbcv\/files\/images\/bcv001engdoc-on.thumbnail.jpg\" style=\"width: 193px; height: 153px;\"><img decoding=\"async\" alt=\"\" src=\"\/sbcv\/sites\/sct.uab.cat.sbcv\/files\/images\/bcv001engpdf-on.thumbnail.jpg\" style=\"width: 193px; height: 153px;\"><a href=\"http:\/\/sct.uab.cat\/sbcv\/sites\/sct.uab.cat.sbcv\/files\/BCV002eng.doc\"><img decoding=\"async\" alt=\"\" src=\"\/sbcv\/sites\/sct.uab.cat.sbcv\/files\/images\/bcv002engdoc-on.thumbnail.jpg\" style=\"width: 193px; height: 153px;\"><\/a><a href=\"http:\/\/sct.uab.cat\/sbcv\/sites\/sct.uab.cat.sbcv\/files\/BCV002eng.pdf\"><img decoding=\"async\" alt=\"\" src=\"\/sbcv\/sites\/sct.uab.cat.sbcv\/files\/images\/bcv002engpdf-on.thumbnail.jpg\" style=\"width: 193px; height: 153px;\"><\/a><\/p>\n","protected":false},"excerpt":{"rendered":"<p>Before delivering samples, clients may look up BCV002 document and fill BCV001 document in and send it properly filled in and signed to the Servei de Bioqu\u00edmica Cl\u00ednica Veterin\u00e0ria. In order to specify both samples\u2019 and results\u2019 delivery dates, clients should speak to Servei\u2019s members in person. Both BCV001 and BCV002 documents can be acquired [&hellip;]<\/p>\n","protected":false},"author":20,"featured_media":0,"parent":0,"menu_order":0,"comment_status":"closed","ping_status":"closed","template":"","meta":{"footnotes":""},"class_list":["post-160","page","type-page","status-publish","hentry"],"_links":{"self":[{"href":"https:\/\/webs.uab.cat\/sbcv\/en\/wp-json\/wp\/v2\/pages\/160","targetHints":{"allow":["GET"]}}],"collection":[{"href":"https:\/\/webs.uab.cat\/sbcv\/en\/wp-json\/wp\/v2\/pages"}],"about":[{"href":"https:\/\/webs.uab.cat\/sbcv\/en\/wp-json\/wp\/v2\/types\/page"}],"author":[{"embeddable":true,"href":"https:\/\/webs.uab.cat\/sbcv\/en\/wp-json\/wp\/v2\/users\/20"}],"replies":[{"embeddable":true,"href":"https:\/\/webs.uab.cat\/sbcv\/en\/wp-json\/wp\/v2\/comments?post=160"}],"version-history":[{"count":0,"href":"https:\/\/webs.uab.cat\/sbcv\/en\/wp-json\/wp\/v2\/pages\/160\/revisions"}],"wp:attachment":[{"href":"https:\/\/webs.uab.cat\/sbcv\/en\/wp-json\/wp\/v2\/media?parent=160"}],"curies":[{"name":"wp","href":"https:\/\/api.w.org\/{rel}","templated":true}]}}