{"id":268,"date":"2011-06-21T12:02:13","date_gmt":"2011-06-21T12:02:13","guid":{"rendered":"https:\/\/webs.uab.cat\/sbcv\/presentation\/"},"modified":"2011-06-27T09:26:38","modified_gmt":"2011-06-27T09:26:38","slug":"presentation","status":"publish","type":"page","link":"https:\/\/webs.uab.cat\/sbcv\/en\/","title":{"rendered":"Presentation"},"content":{"rendered":"<p>The Servei de Bioqu\u00edmica Cl\u00ednica Veterin\u00e0ria located at the Facultat de Veterin\u00e0ria at the Universitat Aut\u00f2noma de Barcelona is a clinical analysis laboratory specialized in the determination of biochemical parameters from animal samples.<\/p>\n<p>Several determinations are performed from a wide range of parameters and from different animal species: metabolites, enzymes, hormones, specific proteins\u2026<\/p>\n<p>Standard techniques are developed as a daily basis, as well as more specified techniques. New techniques are also getting validated and ready to be used by those clients interested in them.<\/p>\n<p><img loading=\"lazy\" decoding=\"async\" alt=\"cartell_retos.jpg\" height=\"217\" src=\"http:\/\/sct.uab.cat\/lrec\/sites\/sct.uab.cat.lrec\/files\/u3\/cartell_retos.jpg\" width=\"385\" \/><\/p>\n","protected":false},"excerpt":{"rendered":"<p>The Servei de Bioqu\u00edmica Cl\u00ednica Veterin\u00e0ria located at the Facultat de Veterin\u00e0ria at the Universitat Aut\u00f2noma de Barcelona is a clinical analysis laboratory specialized in the determination of biochemical parameters from animal samples. Several determinations are performed from a wide range of parameters and from different animal species: metabolites, enzymes, hormones, specific proteins\u2026 Standard techniques [&hellip;]<\/p>\n","protected":false},"author":20,"featured_media":0,"parent":0,"menu_order":0,"comment_status":"closed","ping_status":"closed","template":"","meta":{"footnotes":""},"class_list":["post-268","page","type-page","status-publish","hentry"],"_links":{"self":[{"href":"https:\/\/webs.uab.cat\/sbcv\/en\/wp-json\/wp\/v2\/pages\/268","targetHints":{"allow":["GET"]}}],"collection":[{"href":"https:\/\/webs.uab.cat\/sbcv\/en\/wp-json\/wp\/v2\/pages"}],"about":[{"href":"https:\/\/webs.uab.cat\/sbcv\/en\/wp-json\/wp\/v2\/types\/page"}],"author":[{"embeddable":true,"href":"https:\/\/webs.uab.cat\/sbcv\/en\/wp-json\/wp\/v2\/users\/20"}],"replies":[{"embeddable":true,"href":"https:\/\/webs.uab.cat\/sbcv\/en\/wp-json\/wp\/v2\/comments?post=268"}],"version-history":[{"count":0,"href":"https:\/\/webs.uab.cat\/sbcv\/en\/wp-json\/wp\/v2\/pages\/268\/revisions"}],"wp:attachment":[{"href":"https:\/\/webs.uab.cat\/sbcv\/en\/wp-json\/wp\/v2\/media?parent=268"}],"curies":[{"name":"wp","href":"https:\/\/api.w.org\/{rel}","templated":true}]}}