{"id":312,"date":"2019-07-12T12:41:20","date_gmt":"2019-07-12T12:41:20","guid":{"rendered":"https:\/\/webs.uab.cat\/sbcv\/location\/"},"modified":"2019-07-12T12:41:20","modified_gmt":"2019-07-12T12:41:20","slug":"location","status":"publish","type":"page","link":"https:\/\/webs.uab.cat\/sbcv\/en\/location\/","title":{"rendered":"Location"},"content":{"rendered":"<p>The Servei de Bioqu\u00edmica Cl\u00ednica Veterin\u00e0ria is located at the Facultat de Veterin\u00e0ria at UAB, laboratory V0-365.<\/p>\n","protected":false},"excerpt":{"rendered":"<p>The Servei de Bioqu\u00edmica Cl\u00ednica Veterin\u00e0ria is located at the Facultat de Veterin\u00e0ria at UAB, laboratory V0-365.<\/p>\n","protected":false},"author":20,"featured_media":0,"parent":0,"menu_order":0,"comment_status":"closed","ping_status":"closed","template":"","meta":{"footnotes":""},"class_list":["post-312","page","type-page","status-publish","hentry"],"_links":{"self":[{"href":"https:\/\/webs.uab.cat\/sbcv\/en\/wp-json\/wp\/v2\/pages\/312","targetHints":{"allow":["GET"]}}],"collection":[{"href":"https:\/\/webs.uab.cat\/sbcv\/en\/wp-json\/wp\/v2\/pages"}],"about":[{"href":"https:\/\/webs.uab.cat\/sbcv\/en\/wp-json\/wp\/v2\/types\/page"}],"author":[{"embeddable":true,"href":"https:\/\/webs.uab.cat\/sbcv\/en\/wp-json\/wp\/v2\/users\/20"}],"replies":[{"embeddable":true,"href":"https:\/\/webs.uab.cat\/sbcv\/en\/wp-json\/wp\/v2\/comments?post=312"}],"version-history":[{"count":0,"href":"https:\/\/webs.uab.cat\/sbcv\/en\/wp-json\/wp\/v2\/pages\/312\/revisions"}],"wp:attachment":[{"href":"https:\/\/webs.uab.cat\/sbcv\/en\/wp-json\/wp\/v2\/media?parent=312"}],"curies":[{"name":"wp","href":"https:\/\/api.w.org\/{rel}","templated":true}]}}