{"id":127,"date":"2010-06-22T16:23:46","date_gmt":"2010-06-22T16:23:46","guid":{"rendered":"https:\/\/webs.uab.cat\/sbcv\/perfiles-para-caballos\/"},"modified":"2010-06-22T16:23:46","modified_gmt":"2010-06-22T16:23:46","slug":"perfiles-para-caballos","status":"publish","type":"page","link":"https:\/\/webs.uab.cat\/sbcv\/es\/perfiles-para-caballos\/","title":{"rendered":"Perfiles para caballos"},"content":{"rendered":"<p><h3>Perfiles para caballos:<\/h3>\n<p>&nbsp;&nbsp;&nbsp; 1.<strong>IONOGRAMA:<\/strong> Na, K, Cl y Calcio.<\/p>\n<p>&nbsp;&nbsp;&nbsp; 2.<strong>PERFIL C\u00d3LICO:<\/strong> Na, K, Cl, Calcio, Creatinina y Alb\u00famina.<\/p>\n<p>&nbsp;&nbsp;&nbsp; 3.<strong>PERFIL RENAL B\u00c1SICO:<\/strong> Urea y Creatinina.<\/p>\n<p>&nbsp;&nbsp;&nbsp; 4.<strong>PERFIL MUSCULAR:<\/strong> CK y AST.<\/p>\n<p>&nbsp;&nbsp;&nbsp; 5.<strong>PERFIL HEP\u00c1TICO B\u00c1SICO:<\/strong> Bilirrubina total y directa, ALP y GGT.<\/p>\n<p>&nbsp;&nbsp;&nbsp; 6.<strong>PERFIL HEP\u00c1TICO COMPLETO:<\/strong> Perfil b\u00e1sico, \u00e1c. biliares, ALP, AST y alb\u00famina.<\/p>\n<p>&nbsp;&nbsp;&nbsp; 7.<strong>PERFIL COMPLETO:<\/strong> Glucosa, urea, creatinina, bil.total y directa, ALP, GGT, CK, AST, PT y proteinograma.<\/p>\n<p>&nbsp;&nbsp;&nbsp; 8.<strong>PERFIL RENAL COMPLETO:<\/strong> Perfil b\u00e1sico + (electrolitos o GGT) + Creatinina y electrolitos en orina.<\/p>\n","protected":false},"excerpt":{"rendered":"<p>Perfiles para caballos: &nbsp;&nbsp;&nbsp; 1.IONOGRAMA: Na, K, Cl y Calcio. &nbsp;&nbsp;&nbsp; 2.PERFIL C\u00d3LICO: Na, K, Cl, Calcio, Creatinina y Alb\u00famina. &nbsp;&nbsp;&nbsp; 3.PERFIL RENAL B\u00c1SICO: Urea y Creatinina. &nbsp;&nbsp;&nbsp; 4.PERFIL MUSCULAR: CK y AST. &nbsp;&nbsp;&nbsp; 5.PERFIL HEP\u00c1TICO B\u00c1SICO: Bilirrubina total y directa, ALP y GGT. &nbsp;&nbsp;&nbsp; 6.PERFIL HEP\u00c1TICO COMPLETO: Perfil b\u00e1sico, \u00e1c. biliares, ALP, AST y [&hellip;]<\/p>\n","protected":false},"author":20,"featured_media":0,"parent":0,"menu_order":0,"comment_status":"closed","ping_status":"closed","template":"","meta":{"footnotes":""},"class_list":["post-127","page","type-page","status-publish","hentry"],"_links":{"self":[{"href":"https:\/\/webs.uab.cat\/sbcv\/es\/wp-json\/wp\/v2\/pages\/127","targetHints":{"allow":["GET"]}}],"collection":[{"href":"https:\/\/webs.uab.cat\/sbcv\/es\/wp-json\/wp\/v2\/pages"}],"about":[{"href":"https:\/\/webs.uab.cat\/sbcv\/es\/wp-json\/wp\/v2\/types\/page"}],"author":[{"embeddable":true,"href":"https:\/\/webs.uab.cat\/sbcv\/es\/wp-json\/wp\/v2\/users\/20"}],"replies":[{"embeddable":true,"href":"https:\/\/webs.uab.cat\/sbcv\/es\/wp-json\/wp\/v2\/comments?post=127"}],"version-history":[{"count":0,"href":"https:\/\/webs.uab.cat\/sbcv\/es\/wp-json\/wp\/v2\/pages\/127\/revisions"}],"wp:attachment":[{"href":"https:\/\/webs.uab.cat\/sbcv\/es\/wp-json\/wp\/v2\/media?parent=127"}],"curies":[{"name":"wp","href":"https:\/\/api.w.org\/{rel}","templated":true}]}}