{"id":146,"date":"2010-07-06T11:51:45","date_gmt":"2010-07-06T11:51:45","guid":{"rendered":"https:\/\/webs.uab.cat\/sbcv\/perfiles-para-animales-pequenos\/"},"modified":"2010-07-06T11:51:45","modified_gmt":"2010-07-06T11:51:45","slug":"perfiles-para-animales-pequenos","status":"publish","type":"page","link":"https:\/\/webs.uab.cat\/sbcv\/es\/perfiles-para-animales-pequenos\/","title":{"rendered":"Perfiles para animales peque\u00f1os"},"content":{"rendered":"<h3>Perfiles para animales peque\u00f1os (perros y gatos):<\/h3>\n<p>&nbsp;&nbsp;&nbsp; 1.<strong>BIOQU\u00cdMICA COMPLETA:<\/strong> Na, K, Cl, Calcio, F\u00f3sforo, Glucosa, Prote\u00ednas totales, ALT, ALP, GGT, Bilirrubina total, Colesterol, CK, Proteinograma, Urea y Creatinina.<\/p>\n<p>&nbsp;&nbsp;&nbsp; 2.<strong>PERFIL GERI\u00c1TRICO:<\/strong> Calcio, F\u00f3sforo, K, Glucosa, Prote\u00ednas totales, ALT, ALP (perro)\/GGT (gato), Colesterol, Urea y Creatinina.<\/p>\n<p>&nbsp;&nbsp;&nbsp; 3.<strong>PERFIL RENAL:<\/strong> K, Calcio, F\u00f3sforo, Prote\u00ednas totales, Proteinograma, Colesterol, Urea y Creatinina.<\/p>\n<p>&nbsp;&nbsp;&nbsp; 4.<strong>PERFIL HEP\u00c1TICO:<\/strong> Glucosa, K, Prote\u00ednas totales, ALT, ALP (perro)\/GGT(gato), Bilirrubina, Urea, Colesterol.<\/p>\n<p>&nbsp;&nbsp;&nbsp; 5.<strong>PERFIL PREOPERATORIO:<\/strong> Glucosa, Alb\u00famina, Prote\u00ednas totales, Colesterol, ALT y Urea.<\/p>\n<p>&nbsp;&nbsp;&nbsp; 6.<strong>PERFIL LEISHMANIA I:<\/strong>&nbsp; Prote\u00ednas totales, Colesterol, ALT, Urea, Creatinina, Alb\u00famina, Proteinograma y Ratio P\/C.<\/p>\n<p>&nbsp;&nbsp;&nbsp; 7.<strong>PERFIL LEISHMANIA II:<\/strong>&nbsp; Prote\u00ednas totales, Colesterol, ALT,Urea, Creatinina y Alb\u00famina.<\/p>\n<p>&nbsp;&nbsp;&nbsp; 8.<strong>PERFIL DERMATOL\u00d3GICO:<\/strong>&nbsp; Prote\u00ednas totales, Proteinograma, ALT, ALP, GGT, Colesterol, Urea, Creatinina y Glucosa.<\/p>\n<p>&nbsp;&nbsp;&nbsp; 9.<strong>PERFIL UCI:<\/strong> K, Colesterol y Glucosa.<\/p>\n<p>&nbsp;&nbsp;&nbsp; 10.<strong>IONOGRAMA:<\/strong> Na, K y Cl.<\/p>\n<p>&nbsp;<\/p>\n","protected":false},"excerpt":{"rendered":"<p>Perfiles para animales peque\u00f1os (perros y gatos): &nbsp;&nbsp;&nbsp; 1.BIOQU\u00cdMICA COMPLETA: Na, K, Cl, Calcio, F\u00f3sforo, Glucosa, Prote\u00ednas totales, ALT, ALP, GGT, Bilirrubina total, Colesterol, CK, Proteinograma, Urea y Creatinina. &nbsp;&nbsp;&nbsp; 2.PERFIL GERI\u00c1TRICO: Calcio, F\u00f3sforo, K, Glucosa, Prote\u00ednas totales, ALT, ALP (perro)\/GGT (gato), Colesterol, Urea y Creatinina. &nbsp;&nbsp;&nbsp; 3.PERFIL RENAL: K, Calcio, F\u00f3sforo, Prote\u00ednas totales, Proteinograma, [&hellip;]<\/p>\n","protected":false},"author":20,"featured_media":0,"parent":0,"menu_order":0,"comment_status":"closed","ping_status":"closed","template":"","meta":{"footnotes":""},"class_list":["post-146","page","type-page","status-publish","hentry"],"_links":{"self":[{"href":"https:\/\/webs.uab.cat\/sbcv\/es\/wp-json\/wp\/v2\/pages\/146","targetHints":{"allow":["GET"]}}],"collection":[{"href":"https:\/\/webs.uab.cat\/sbcv\/es\/wp-json\/wp\/v2\/pages"}],"about":[{"href":"https:\/\/webs.uab.cat\/sbcv\/es\/wp-json\/wp\/v2\/types\/page"}],"author":[{"embeddable":true,"href":"https:\/\/webs.uab.cat\/sbcv\/es\/wp-json\/wp\/v2\/users\/20"}],"replies":[{"embeddable":true,"href":"https:\/\/webs.uab.cat\/sbcv\/es\/wp-json\/wp\/v2\/comments?post=146"}],"version-history":[{"count":0,"href":"https:\/\/webs.uab.cat\/sbcv\/es\/wp-json\/wp\/v2\/pages\/146\/revisions"}],"wp:attachment":[{"href":"https:\/\/webs.uab.cat\/sbcv\/es\/wp-json\/wp\/v2\/media?parent=146"}],"curies":[{"name":"wp","href":"https:\/\/api.w.org\/{rel}","templated":true}]}}