{"id":147,"date":"2010-06-22T16:19:20","date_gmt":"2010-06-22T16:19:20","guid":{"rendered":"https:\/\/webs.uab.cat\/sbcv\/perfiles-para-animales-exoticos\/"},"modified":"2010-07-06T11:52:52","modified_gmt":"2010-07-06T11:52:52","slug":"perfiles-para-animales-exoticos","status":"publish","type":"page","link":"https:\/\/webs.uab.cat\/sbcv\/es\/perfiles-para-animales-exoticos\/","title":{"rendered":"Perfiles para animales ex\u00f3ticos"},"content":{"rendered":"<p><h3>Perfiles para animales ex\u00f3ticos:<\/h3>\n<p>&nbsp;&nbsp;&nbsp; 1.<strong>PERFIL HEP\u00c1TICO:<\/strong> AST, colesterol, glucosa, Prote\u00ednas totales, Proteinograma y \u00e1cidos biliares.<\/p>\n<p>&nbsp;&nbsp;&nbsp; 2.<strong>PERFIL RENAL:<\/strong> \u00c1cido \u00farico, Ca, P, CK y Proteinograma. <\/p>\n<p>&nbsp;&nbsp;&nbsp; 3.<strong>PERFIL GENERAL:<\/strong> AST, glucosa, \u00c1cido \u00farico, Ca Prote\u00ednas totales y Proteinograma.<\/p>\n","protected":false},"excerpt":{"rendered":"<p>Perfiles para animales ex\u00f3ticos: &nbsp;&nbsp;&nbsp; 1.PERFIL HEP\u00c1TICO: AST, colesterol, glucosa, Prote\u00ednas totales, Proteinograma y \u00e1cidos biliares. &nbsp;&nbsp;&nbsp; 2.PERFIL RENAL: \u00c1cido \u00farico, Ca, P, CK y Proteinograma. &nbsp;&nbsp;&nbsp; 3.PERFIL GENERAL: AST, glucosa, \u00c1cido \u00farico, Ca Prote\u00ednas totales y Proteinograma.<\/p>\n","protected":false},"author":20,"featured_media":0,"parent":0,"menu_order":0,"comment_status":"closed","ping_status":"closed","template":"","meta":{"footnotes":""},"class_list":["post-147","page","type-page","status-publish","hentry"],"_links":{"self":[{"href":"https:\/\/webs.uab.cat\/sbcv\/es\/wp-json\/wp\/v2\/pages\/147","targetHints":{"allow":["GET"]}}],"collection":[{"href":"https:\/\/webs.uab.cat\/sbcv\/es\/wp-json\/wp\/v2\/pages"}],"about":[{"href":"https:\/\/webs.uab.cat\/sbcv\/es\/wp-json\/wp\/v2\/types\/page"}],"author":[{"embeddable":true,"href":"https:\/\/webs.uab.cat\/sbcv\/es\/wp-json\/wp\/v2\/users\/20"}],"replies":[{"embeddable":true,"href":"https:\/\/webs.uab.cat\/sbcv\/es\/wp-json\/wp\/v2\/comments?post=147"}],"version-history":[{"count":0,"href":"https:\/\/webs.uab.cat\/sbcv\/es\/wp-json\/wp\/v2\/pages\/147\/revisions"}],"wp:attachment":[{"href":"https:\/\/webs.uab.cat\/sbcv\/es\/wp-json\/wp\/v2\/media?parent=147"}],"curies":[{"name":"wp","href":"https:\/\/api.w.org\/{rel}","templated":true}]}}