{"id":150,"date":"2010-06-22T16:19:43","date_gmt":"2010-06-22T16:19:43","guid":{"rendered":"https:\/\/webs.uab.cat\/sbcv\/listado-de-parametros\/"},"modified":"2010-07-06T11:55:12","modified_gmt":"2010-07-06T11:55:12","slug":"listado-de-parametros","status":"publish","type":"page","link":"https:\/\/webs.uab.cat\/sbcv\/es\/listado-de-parametros\/","title":{"rendered":"Listado de par\u00e1metros"},"content":{"rendered":"<p><a href=\"http:\/\/sct.uab.cat\/sbcv\/sites\/sct.uab.cat.sbcv\/files\/paramcast.pdf\">Listado de los principales par\u00e1metros que se determinan el Servei de Bioqu\u00edmica Cl\u00ednica Veterin\u00e0ria.<\/a><\/p>\n","protected":false},"excerpt":{"rendered":"<p>Listado de los principales par\u00e1metros que se determinan el Servei de Bioqu\u00edmica Cl\u00ednica Veterin\u00e0ria.<\/p>\n","protected":false},"author":20,"featured_media":0,"parent":0,"menu_order":0,"comment_status":"closed","ping_status":"closed","template":"","meta":{"footnotes":""},"class_list":["post-150","page","type-page","status-publish","hentry"],"_links":{"self":[{"href":"https:\/\/webs.uab.cat\/sbcv\/es\/wp-json\/wp\/v2\/pages\/150","targetHints":{"allow":["GET"]}}],"collection":[{"href":"https:\/\/webs.uab.cat\/sbcv\/es\/wp-json\/wp\/v2\/pages"}],"about":[{"href":"https:\/\/webs.uab.cat\/sbcv\/es\/wp-json\/wp\/v2\/types\/page"}],"author":[{"embeddable":true,"href":"https:\/\/webs.uab.cat\/sbcv\/es\/wp-json\/wp\/v2\/users\/20"}],"replies":[{"embeddable":true,"href":"https:\/\/webs.uab.cat\/sbcv\/es\/wp-json\/wp\/v2\/comments?post=150"}],"version-history":[{"count":0,"href":"https:\/\/webs.uab.cat\/sbcv\/es\/wp-json\/wp\/v2\/pages\/150\/revisions"}],"wp:attachment":[{"href":"https:\/\/webs.uab.cat\/sbcv\/es\/wp-json\/wp\/v2\/media?parent=150"}],"curies":[{"name":"wp","href":"https:\/\/api.w.org\/{rel}","templated":true}]}}