{"id":157,"date":"2010-06-22T15:31:41","date_gmt":"2010-06-22T15:31:41","guid":{"rendered":"https:\/\/webs.uab.cat\/sbcv\/funcionamiento\/"},"modified":"2010-07-06T14:33:12","modified_gmt":"2010-07-06T14:33:12","slug":"funcionamiento","status":"publish","type":"page","link":"https:\/\/webs.uab.cat\/sbcv\/es\/funcionamiento\/","title":{"rendered":"Funcionamiento"},"content":{"rendered":"<p>Funcionamiento del Servei de Bioqu\u00edmica Cl\u00ednica Veterin\u00e0ria.<\/p>\n","protected":false},"excerpt":{"rendered":"<p>Funcionamiento del Servei de Bioqu\u00edmica Cl\u00ednica Veterin\u00e0ria.<\/p>\n","protected":false},"author":20,"featured_media":0,"parent":0,"menu_order":0,"comment_status":"closed","ping_status":"closed","template":"","meta":{"footnotes":""},"class_list":["post-157","page","type-page","status-publish","hentry"],"_links":{"self":[{"href":"https:\/\/webs.uab.cat\/sbcv\/es\/wp-json\/wp\/v2\/pages\/157","targetHints":{"allow":["GET"]}}],"collection":[{"href":"https:\/\/webs.uab.cat\/sbcv\/es\/wp-json\/wp\/v2\/pages"}],"about":[{"href":"https:\/\/webs.uab.cat\/sbcv\/es\/wp-json\/wp\/v2\/types\/page"}],"author":[{"embeddable":true,"href":"https:\/\/webs.uab.cat\/sbcv\/es\/wp-json\/wp\/v2\/users\/20"}],"replies":[{"embeddable":true,"href":"https:\/\/webs.uab.cat\/sbcv\/es\/wp-json\/wp\/v2\/comments?post=157"}],"version-history":[{"count":0,"href":"https:\/\/webs.uab.cat\/sbcv\/es\/wp-json\/wp\/v2\/pages\/157\/revisions"}],"wp:attachment":[{"href":"https:\/\/webs.uab.cat\/sbcv\/es\/wp-json\/wp\/v2\/media?parent=157"}],"curies":[{"name":"wp","href":"https:\/\/api.w.org\/{rel}","templated":true}]}}