{"id":158,"date":"2010-06-22T16:15:38","date_gmt":"2010-06-22T16:15:38","guid":{"rendered":"https:\/\/webs.uab.cat\/sbcv\/tipos-de-usuarios\/"},"modified":"2010-07-06T14:33:53","modified_gmt":"2010-07-06T14:33:53","slug":"tipos-de-usuarios","status":"publish","type":"page","link":"https:\/\/webs.uab.cat\/sbcv\/es\/tipos-de-usuarios\/","title":{"rendered":"Tipos de usuarios"},"content":{"rendered":"<p>El Servei de Bioqu\u00edmica Cl\u00ednica Veterin\u00e0ria presenta los siguentes tipos de usuario:<\/p>\n<p><strong>a) Clientes internos de la Universitat Aut\u00f2noma de Barcelona (UAB)<\/strong><\/p>\n<p>&nbsp;&nbsp;&nbsp; &#8211; Hospital Cl\u00ednic Veterinari (HCV)<\/p>\n<p>&nbsp;&nbsp;&nbsp; &#8211; Departamentos de la UAB<\/p>\n<p><strong>b) Clientes externos<\/strong><\/p>\n<p>&nbsp;&nbsp;&nbsp; &#8211; Laboratorios farmac\u00e9uticos<\/p>\n<p>&nbsp;&nbsp;&nbsp; &#8211; Centros de investigaci\u00f3n<\/p>\n<p>&nbsp;&nbsp;&nbsp; &#8211; Departamentos de otras universidades<\/p>\n<p>&nbsp;&nbsp;&nbsp; &#8211; Veterinarios externos a la UAB<\/p>\n<p>&nbsp;&nbsp;&nbsp; &#8211; Otras empresas privadas relacionadas con el \u00e1mbito de la Veterinaria<\/p>\n","protected":false},"excerpt":{"rendered":"<p>El Servei de Bioqu\u00edmica Cl\u00ednica Veterin\u00e0ria presenta los siguentes tipos de usuario: a) Clientes internos de la Universitat Aut\u00f2noma de Barcelona (UAB) &nbsp;&nbsp;&nbsp; &#8211; Hospital Cl\u00ednic Veterinari (HCV) &nbsp;&nbsp;&nbsp; &#8211; Departamentos de la UAB b) Clientes externos &nbsp;&nbsp;&nbsp; &#8211; Laboratorios farmac\u00e9uticos &nbsp;&nbsp;&nbsp; &#8211; Centros de investigaci\u00f3n &nbsp;&nbsp;&nbsp; &#8211; Departamentos de otras universidades &nbsp;&nbsp;&nbsp; &#8211; Veterinarios [&hellip;]<\/p>\n","protected":false},"author":20,"featured_media":0,"parent":0,"menu_order":0,"comment_status":"closed","ping_status":"closed","template":"","meta":{"footnotes":""},"class_list":["post-158","page","type-page","status-publish","hentry"],"_links":{"self":[{"href":"https:\/\/webs.uab.cat\/sbcv\/es\/wp-json\/wp\/v2\/pages\/158","targetHints":{"allow":["GET"]}}],"collection":[{"href":"https:\/\/webs.uab.cat\/sbcv\/es\/wp-json\/wp\/v2\/pages"}],"about":[{"href":"https:\/\/webs.uab.cat\/sbcv\/es\/wp-json\/wp\/v2\/types\/page"}],"author":[{"embeddable":true,"href":"https:\/\/webs.uab.cat\/sbcv\/es\/wp-json\/wp\/v2\/users\/20"}],"replies":[{"embeddable":true,"href":"https:\/\/webs.uab.cat\/sbcv\/es\/wp-json\/wp\/v2\/comments?post=158"}],"version-history":[{"count":0,"href":"https:\/\/webs.uab.cat\/sbcv\/es\/wp-json\/wp\/v2\/pages\/158\/revisions"}],"wp:attachment":[{"href":"https:\/\/webs.uab.cat\/sbcv\/es\/wp-json\/wp\/v2\/media?parent=158"}],"curies":[{"name":"wp","href":"https:\/\/api.w.org\/{rel}","templated":true}]}}