{"id":167,"date":"2010-06-22T16:16:08","date_gmt":"2010-06-22T16:16:08","guid":{"rendered":"https:\/\/webs.uab.cat\/sbcv\/recogida-de-muestras\/"},"modified":"2010-07-06T14:35:14","modified_gmt":"2010-07-06T14:35:14","slug":"recogida-de-muestras","status":"publish","type":"page","link":"https:\/\/webs.uab.cat\/sbcv\/es\/recogida-de-muestras\/","title":{"rendered":"Recogida de muestras"},"content":{"rendered":"<p>Antes de recoger las muestras, los clientes deber\u00e1n consultar el documento <strong>BCV002<\/strong> y rellenar la solicitud de an\u00e1lisis <strong>BCV001<\/strong> que se deber\u00e1 de entregar debidamente cumplimentada y firmada al Servei de Bioqu\u00edmica Cl\u00ednica Veterin\u00e0ria.<\/p>\n<p>A fin de especificar la fecha de entrega de muestras y la fecha aproximada de entrega de resultados, se tendr\u00e1 que consultar directamente a los responsables del Servei. Los dos documentos (<strong>BCV001<\/strong> y <strong>BCV002<\/strong>) se facilitar\u00e1n en el Servei de Bioqu\u00edmica Cl\u00ednica Veterin\u00e0ria o directamente desde esta p\u00e1gina web.<\/p>\n<p><a href=\"http:\/\/sct.uab.cat\/sbcv\/sites\/sct.uab.cat.sbcv\/files\/BCV001cast.doc\"><img decoding=\"async\" alt=\"\" src=\"\/sbcv\/sites\/sct.uab.cat.sbcv\/files\/images\/bcv001castdoc-on.thumbnail.jpg\" style=\"width: 193px; height: 153px;\"><\/a><a href=\"http:\/\/sct.uab.cat\/sbcv\/sites\/sct.uab.cat.sbcv\/files\/BCV001cast.pdf\"><img decoding=\"async\" alt=\"\" src=\"\/sbcv\/sites\/sct.uab.cat.sbcv\/files\/images\/bcv001castpdf-on.thumbnail.jpg\" style=\"width: 193px; height: 153px;\"><\/a><a href=\"http:\/\/sct.uab.cat\/sbcv\/sites\/sct.uab.cat.sbcv\/files\/BCV002cast.doc\"><img decoding=\"async\" alt=\"\" src=\"\/sbcv\/sites\/sct.uab.cat.sbcv\/files\/images\/bcv002castdoc-on.thumbnail.jpg\" style=\"width: 193px; height: 153px;\"><\/a><a href=\"http:\/\/sct.uab.cat\/sbcv\/sites\/sct.uab.cat.sbcv\/files\/BCV002cast.pdf\"><img decoding=\"async\" alt=\"\" src=\"\/sbcv\/sites\/sct.uab.cat.sbcv\/files\/images\/bcv002castpdf-on.thumbnail.jpg\" style=\"width: 193px; height: 153px;\"><\/a><\/p>\n","protected":false},"excerpt":{"rendered":"<p>Antes de recoger las muestras, los clientes deber\u00e1n consultar el documento BCV002 y rellenar la solicitud de an\u00e1lisis BCV001 que se deber\u00e1 de entregar debidamente cumplimentada y firmada al Servei de Bioqu\u00edmica Cl\u00ednica Veterin\u00e0ria. A fin de especificar la fecha de entrega de muestras y la fecha aproximada de entrega de resultados, se tendr\u00e1 que [&hellip;]<\/p>\n","protected":false},"author":20,"featured_media":0,"parent":0,"menu_order":0,"comment_status":"closed","ping_status":"closed","template":"","meta":{"footnotes":""},"class_list":["post-167","page","type-page","status-publish","hentry"],"_links":{"self":[{"href":"https:\/\/webs.uab.cat\/sbcv\/es\/wp-json\/wp\/v2\/pages\/167","targetHints":{"allow":["GET"]}}],"collection":[{"href":"https:\/\/webs.uab.cat\/sbcv\/es\/wp-json\/wp\/v2\/pages"}],"about":[{"href":"https:\/\/webs.uab.cat\/sbcv\/es\/wp-json\/wp\/v2\/types\/page"}],"author":[{"embeddable":true,"href":"https:\/\/webs.uab.cat\/sbcv\/es\/wp-json\/wp\/v2\/users\/20"}],"replies":[{"embeddable":true,"href":"https:\/\/webs.uab.cat\/sbcv\/es\/wp-json\/wp\/v2\/comments?post=167"}],"version-history":[{"count":0,"href":"https:\/\/webs.uab.cat\/sbcv\/es\/wp-json\/wp\/v2\/pages\/167\/revisions"}],"wp:attachment":[{"href":"https:\/\/webs.uab.cat\/sbcv\/es\/wp-json\/wp\/v2\/media?parent=167"}],"curies":[{"name":"wp","href":"https:\/\/api.w.org\/{rel}","templated":true}]}}