{"id":181,"date":"2010-06-22T16:25:38","date_gmt":"2010-06-22T16:25:38","guid":{"rendered":"https:\/\/webs.uab.cat\/sbcv\/entrega-de-resultados\/"},"modified":"2010-07-06T14:35:59","modified_gmt":"2010-07-06T14:35:59","slug":"entrega-de-resultados","status":"publish","type":"page","link":"https:\/\/webs.uab.cat\/sbcv\/es\/entrega-de-resultados\/","title":{"rendered":"Entrega de resultados"},"content":{"rendered":"<p>Los resultados se entregar\u00e1n al cliente seg\u00fan las especificaciones del BCV001 junto a un informe detallado y con la documentaci\u00f3n que el cliente considere necesaria.<\/p>\n","protected":false},"excerpt":{"rendered":"<p>Los resultados se entregar\u00e1n al cliente seg\u00fan las especificaciones del BCV001 junto a un informe detallado y con la documentaci\u00f3n que el cliente considere necesaria.<\/p>\n","protected":false},"author":20,"featured_media":0,"parent":0,"menu_order":0,"comment_status":"closed","ping_status":"closed","template":"","meta":{"footnotes":""},"class_list":["post-181","page","type-page","status-publish","hentry"],"_links":{"self":[{"href":"https:\/\/webs.uab.cat\/sbcv\/es\/wp-json\/wp\/v2\/pages\/181","targetHints":{"allow":["GET"]}}],"collection":[{"href":"https:\/\/webs.uab.cat\/sbcv\/es\/wp-json\/wp\/v2\/pages"}],"about":[{"href":"https:\/\/webs.uab.cat\/sbcv\/es\/wp-json\/wp\/v2\/types\/page"}],"author":[{"embeddable":true,"href":"https:\/\/webs.uab.cat\/sbcv\/es\/wp-json\/wp\/v2\/users\/20"}],"replies":[{"embeddable":true,"href":"https:\/\/webs.uab.cat\/sbcv\/es\/wp-json\/wp\/v2\/comments?post=181"}],"version-history":[{"count":0,"href":"https:\/\/webs.uab.cat\/sbcv\/es\/wp-json\/wp\/v2\/pages\/181\/revisions"}],"wp:attachment":[{"href":"https:\/\/webs.uab.cat\/sbcv\/es\/wp-json\/wp\/v2\/media?parent=181"}],"curies":[{"name":"wp","href":"https:\/\/api.w.org\/{rel}","templated":true}]}}