{"id":183,"date":"2010-06-22T15:31:57","date_gmt":"2010-06-22T15:31:57","guid":{"rendered":"https:\/\/webs.uab.cat\/sbcv\/investigacion\/"},"modified":"2010-07-06T14:41:45","modified_gmt":"2010-07-06T14:41:45","slug":"investigacion","status":"publish","type":"page","link":"https:\/\/webs.uab.cat\/sbcv\/es\/investigacion\/","title":{"rendered":"Investigaci\u00f3n"},"content":{"rendered":"<p>El Servicio de Bioqu\u00edmica Cl\u00ednica Veterinaria tiene como objetivos cient\u00edficos los siguientes:<strong><\/strong><\/p>\n<p><strong>A) Establecer indicadores bioqu\u00edmicos de estr\u00e9s que sean espec\u00edficos, cuantitativos y sirvan para evaluar el bienestar animal durante las distintas etapas del proceso productivo:<\/strong> La evaluaci\u00f3n e identificaci\u00f3n de marcadores bioqu\u00edmicos en suero u otros especimenes f\u00e1cilmente accesibles en animales de renta y animales salvajes constituye el \u00e1mbito de investigaci\u00f3n m\u00e1s propiamente dicho del SBCV, que hemos iniciado recientemente. Entre nuestros usuarios hay diversos grupos de investigaci\u00f3n que trabajan en temas relacionados con el estr\u00e9s y el bienestar de animales de producci\u00f3n y animales salvajes. Es en este marco de colaboraci\u00f3n donde nos hemos planteado como l\u00ednea de investigaci\u00f3n propia pero de gran inter\u00e9s para nuestros usuarios la identificaci\u00f3n y puesta a punto y validaci\u00f3n de t\u00e9cnicas para la determinaci\u00f3n de diferentes prote\u00ednas de fase aguda, esteroides en heces y otros tipos de muestras, etc. (par\u00e1metros que se proponen como indicadores de bienestar animal) en diferentes especies animales Dentro de este \u00e1mbito el SBCV ha participado en el Proyecto europeo: \u201cCo-ordination, harmonisation and standardisation of measurement of bovine and porcine acute phase protein in blood; reference preparations for animal protein assays\u201d. EU Concerted Action, number QLK5-CT-1999-0153. Coordinador principal: Dr. P. D. Eckersall, Universitat de Glasgow. 1999-2003.<\/p>\n<p><a href=\"http:\/\/sct.uab.cat\/sbcv\/es\/content\/publicaciones-relacionadas\">Publicaciones Relacionadas<\/a><\/p>\n<p><strong>B) Puesta a punto y validaci\u00f3n de nuevas t\u00e9cnicas<\/strong> para la determinaci\u00f3n de par\u00e1metros bioqu\u00edmicos de inter\u00e9s para la medicina veterinaria, la producci\u00f3n animal y la seguridad alimentaria.<\/p>\n<p><a href=\"http:\/\/sct.uab.cat\/sbcv\/es\/content\/publicaciones-relacionadas\">Publicaciones Relacionadas<\/a><\/p>\n","protected":false},"excerpt":{"rendered":"<p>El Servicio de Bioqu\u00edmica Cl\u00ednica Veterinaria tiene como objetivos cient\u00edficos los siguientes: A) Establecer indicadores bioqu\u00edmicos de estr\u00e9s que sean espec\u00edficos, cuantitativos y sirvan para evaluar el bienestar animal durante las distintas etapas del proceso productivo: La evaluaci\u00f3n e identificaci\u00f3n de marcadores bioqu\u00edmicos en suero u otros especimenes f\u00e1cilmente accesibles en animales de renta y [&hellip;]<\/p>\n","protected":false},"author":20,"featured_media":0,"parent":0,"menu_order":0,"comment_status":"closed","ping_status":"closed","template":"","meta":{"footnotes":""},"class_list":["post-183","page","type-page","status-publish","hentry"],"_links":{"self":[{"href":"https:\/\/webs.uab.cat\/sbcv\/es\/wp-json\/wp\/v2\/pages\/183","targetHints":{"allow":["GET"]}}],"collection":[{"href":"https:\/\/webs.uab.cat\/sbcv\/es\/wp-json\/wp\/v2\/pages"}],"about":[{"href":"https:\/\/webs.uab.cat\/sbcv\/es\/wp-json\/wp\/v2\/types\/page"}],"author":[{"embeddable":true,"href":"https:\/\/webs.uab.cat\/sbcv\/es\/wp-json\/wp\/v2\/users\/20"}],"replies":[{"embeddable":true,"href":"https:\/\/webs.uab.cat\/sbcv\/es\/wp-json\/wp\/v2\/comments?post=183"}],"version-history":[{"count":0,"href":"https:\/\/webs.uab.cat\/sbcv\/es\/wp-json\/wp\/v2\/pages\/183\/revisions"}],"wp:attachment":[{"href":"https:\/\/webs.uab.cat\/sbcv\/es\/wp-json\/wp\/v2\/media?parent=183"}],"curies":[{"name":"wp","href":"https:\/\/api.w.org\/{rel}","templated":true}]}}