{"id":185,"date":"2010-06-22T16:24:51","date_gmt":"2010-06-22T16:24:51","guid":{"rendered":"https:\/\/webs.uab.cat\/sbcv\/publicaciones-relacionadas\/"},"modified":"2010-07-06T14:43:47","modified_gmt":"2010-07-06T14:43:47","slug":"publicaciones-relacionadas","status":"publish","type":"page","link":"https:\/\/webs.uab.cat\/sbcv\/es\/publicaciones-relacionadas\/","title":{"rendered":"Publicaciones relacionadas"},"content":{"rendered":"<p><strong>Publicaciones relacionadas con el apartado A:<\/strong><\/p>\n<p>\u201cEvaluation of Acute Phase Proteins as Potential Indicators of Social Stress in Dairy Cattle\u201d. 5th International Colloquium on Animal Acute Phase Proteins.Dublin, Ireland March 14th-15th 2005. Bach A, Iglesias C, Devant M, Manteca X, Calsamiglia S, Ferret A, Gim\u00e9nez M, Saco Y, Bassols A.<\/p>\n<p>\u201cPreliminary results comparing physiological markers of stress in different housing systems for pregnant sows\u201d. FourthEuropean Colloquium on Acute Phase Proteins. Segovia, Spain. 25-26 September 2003. Nuria Chapinal, Jos\u00e9 Luis Ruiz-de-la-Torre, Yolanda Saco, Anna Bassols, Jaume Coma, M\u00aa Dolores Baucells, Joseph Gasa, Xavier Manteca.<\/p>\n<p>\u201cEffect of transport stress on serum haptoglobin and Pig-MAP in p\u00ecgs\u201d. Animal Welfare 2003,12: 403-409.<\/p>\n<p>\u201cSerum haptoglobin as a marker of stress in pigs\u201d. 10thCongress of the International Society of Animal Clinical Biochemistry. Florida, USA. June 18-22, 2002. Y Saco, MJ Docampo, E F\u00e0fregas, JP Dami\u00e1n, JL Ruiz de la Torre, X Manteca, and A Bassols.<strong><\/strong><\/p>\n<p><strong>Publicaciones relacionadas con el apartado B:<\/strong><\/p>\n<p>\u201cElectroforesis de proteinas plasm\u00e1ticas en Trachemys Scripta\u201d. 40 Congreso Nacional Avepa. Barcelona, 21-23 octubre de 2005. Merc\u00e8 Gim\u00e9nez , Jaime Martorell, N\u00faria Fandos<\/p>\n<p>\u201cComparison of two methods for measurement of total protein in canine urine samples\u201d. European Congress on Comparative and Veterinary Clinical Pathology. Utrecht, The Netherlands. 21-24 June 2005. Y. Saco, M. Jim\u00e9nez, L. Cortel, A. Bassols.<\/p>\n<p>\u201cEvaluaci\u00f3n del analizador bioqu\u00edmico Olympus AU400 en veterinaria\u201d. XXIII Congreso de la Sociedad Espa\u00f1ola de Qu\u00edmica Cl\u00ednica. C\u00e1diz, 20-22. Octubre 2004. Gim\u00e9nez Genov\u00e8s M, Saco Rodr\u00edguez Y y Bassols Teixid\u00f3 A.<\/p>\n<p>\u201cCanine and Equine Protein Patterns using Agarose Gel Electrophoresis on an HydrasysTM(Sebia) Automatic Electrophoresis Gel Processor\u201d. XI Congress International Society of Animal Clinical Biochemistry. Valdivia , Chile.April 4th \u2013 8th 2004. Saco, Y., Jim\u00e9nez, M. and Bassols, A.<\/p>\n<p>\u201cSobreestimaci\u00f3n de la concentraci\u00f3n de alb\u00famina con el m\u00e9todo del verde de bromocresol en muestras de suero canino\u201d. Revista electr\u00f3nica: Diagn\u00f3stico in Vitro&gt;2003; Vol 1&gt;Saco. EUROMEDLAB. 15th IFCC-FESCC European Congress of the Spanisch Society of Clinical Biochemistry and Molecular Pathology. Barcelona, 1-5 June 2003. Yolanda Saco, Ester Bach-Raich, Merc\u00e8 Jim\u00e9nez and Anna Bassols.<\/p>\n","protected":false},"excerpt":{"rendered":"<p>Publicaciones relacionadas con el apartado A: \u201cEvaluation of Acute Phase Proteins as Potential Indicators of Social Stress in Dairy Cattle\u201d. 5th International Colloquium on Animal Acute Phase Proteins.Dublin, Ireland March 14th-15th 2005. Bach A, Iglesias C, Devant M, Manteca X, Calsamiglia S, Ferret A, Gim\u00e9nez M, Saco Y, Bassols A. \u201cPreliminary results comparing physiological markers [&hellip;]<\/p>\n","protected":false},"author":20,"featured_media":0,"parent":0,"menu_order":0,"comment_status":"closed","ping_status":"closed","template":"","meta":{"footnotes":""},"class_list":["post-185","page","type-page","status-publish","hentry"],"_links":{"self":[{"href":"https:\/\/webs.uab.cat\/sbcv\/es\/wp-json\/wp\/v2\/pages\/185","targetHints":{"allow":["GET"]}}],"collection":[{"href":"https:\/\/webs.uab.cat\/sbcv\/es\/wp-json\/wp\/v2\/pages"}],"about":[{"href":"https:\/\/webs.uab.cat\/sbcv\/es\/wp-json\/wp\/v2\/types\/page"}],"author":[{"embeddable":true,"href":"https:\/\/webs.uab.cat\/sbcv\/es\/wp-json\/wp\/v2\/users\/20"}],"replies":[{"embeddable":true,"href":"https:\/\/webs.uab.cat\/sbcv\/es\/wp-json\/wp\/v2\/comments?post=185"}],"version-history":[{"count":0,"href":"https:\/\/webs.uab.cat\/sbcv\/es\/wp-json\/wp\/v2\/pages\/185\/revisions"}],"wp:attachment":[{"href":"https:\/\/webs.uab.cat\/sbcv\/es\/wp-json\/wp\/v2\/media?parent=185"}],"curies":[{"name":"wp","href":"https:\/\/api.w.org\/{rel}","templated":true}]}}