{"id":189,"date":"2010-06-22T15:32:22","date_gmt":"2010-06-22T15:32:22","guid":{"rendered":"https:\/\/webs.uab.cat\/sbcv\/infraestructura\/"},"modified":"2010-07-06T14:46:52","modified_gmt":"2010-07-06T14:46:52","slug":"infraestructura","status":"publish","type":"page","link":"https:\/\/webs.uab.cat\/sbcv\/es\/infraestructura\/","title":{"rendered":"Infraestructura"},"content":{"rendered":"<p class=\"rtejustify\">&#8211;<strong> Analizador de qu\u00edmica cl\u00ednica automatizado, Olympus AU480:<\/strong> realiza la determinaci\u00f3n fotom\u00e9trica i potenciom\u00e9trica de gran variedad de analitos (400 tests\/hora) en combinaci\u00f3n con reactivos, calibradores, materiales control y otros accesorios adecuados.<\/p>\n<table border=\"0\">\n<tbody>\n<tr>\n<td><img loading=\"lazy\" decoding=\"async\" class=\" size-full wp-image-66\" alt=\"\" height=\"375\" src=\"https:\/\/webs.uab.cat\/sbcv\/wp-content\/uploads\/sites\/198\/2010\/06\/au_480.jpg\" width=\"500\" srcset=\"https:\/\/webs.uab.cat\/sbcv\/wp-content\/uploads\/sites\/198\/2010\/06\/au_480.jpg 2080w, https:\/\/webs.uab.cat\/sbcv\/wp-content\/uploads\/sites\/198\/2010\/06\/au_480-300x225.jpg 300w, https:\/\/webs.uab.cat\/sbcv\/wp-content\/uploads\/sites\/198\/2010\/06\/au_480-1024x768.jpg 1024w, https:\/\/webs.uab.cat\/sbcv\/wp-content\/uploads\/sites\/198\/2010\/06\/au_480-768x576.jpg 768w, https:\/\/webs.uab.cat\/sbcv\/wp-content\/uploads\/sites\/198\/2010\/06\/au_480-1536x1152.jpg 1536w, https:\/\/webs.uab.cat\/sbcv\/wp-content\/uploads\/sites\/198\/2010\/06\/au_480-2048x1536.jpg 2048w, https:\/\/webs.uab.cat\/sbcv\/wp-content\/uploads\/sites\/198\/2010\/06\/au_480-1200x900.jpg 1200w, https:\/\/webs.uab.cat\/sbcv\/wp-content\/uploads\/sites\/198\/2010\/06\/au_480-1980x1485.jpg 1980w\" sizes=\"auto, (max-width: 500px) 100vw, 500px\" \/><\/td>\n<\/tr>\n<tr>\n<td>&nbsp;<\/td>\n<\/tr>\n<tr>\n<td>&nbsp;<\/td>\n<\/tr>\n<\/tbody>\n<\/table>\n<p class=\"rtejustify\">&#8211; <strong>Analizador autom\u00e1tico IMMULITE 1000 para la determinaci\u00f3n de hormonas: <\/strong>instrumento que realiza inmunoensayos quimioluminiscentes. Utiliza como fase s\u00f3lida perlas de pl\u00e1stico cubiertas con anticuerpos, reactivos marcados con fosfatasa alcalina y un sustrato quimioluminiscente.<\/p>\n<p><img loading=\"lazy\" decoding=\"async\" alt=\"\" height=\"300\" src=\"http:\/\/sct.uab.cat\/sbcv\/sites\/sct.uab.cat.sbcv\/files\/Immulite%201000.jpg\" width=\"550\" \/><\/p>\n<p>&#8211; <strong>MINICAP<\/strong>: equipo de electroforesis capilar automatitzado, provisto de 2 tubos capilares.&nbsp;<\/p>\n<p><img loading=\"lazy\" decoding=\"async\" alt=\"\" height=\"300\" src=\"data:image\/jpeg;base64,\/9j\/4AAQSkZJRgABAQAAAQABAAD\/2wCEAAkGBxITEhUSEhIVFhUVFxcVFhUXFxUVFRgXGBUWFhYVFhUYHSggGBolHRUVITEhJSkrLi4uFx8zODMtNygtLisBCgoKDg0OGhAQGy8lICUtLS0tLS0tLS0tLS0tLS0tLS0tLS0tLS0tLS0tLS0tLS0tLS0tLS0tLS0tLS0tLS0tLf\/AABEIAOAA4AMBEQACEQEDEQH\/xAAcAAABBQEBAQAAAAAAAAAAAAAAAgMEBQYBBwj\/xABTEAABAwICBAsCBg0KBgMBAAABAAIDBBEFIRIxQVEGBxMiYXGBkaGxwTLRQlJykqLwFBcjJENTVGKCk7LD4RUzZHODs8LS0\/ElNDVjo7RE4\/IW\/8QAGwEBAAMBAQEBAAAAAAAAAAAAAAECAwQFBgf\/xABAEQACAQIEAgcGAQoGAwEAAAAAAQIDEQQSITFBUQUTImFxsfAUMoGRocHRIzNCQ1JykrLS4QYVYoLC8SU1YyT\/2gAMAwEAAhEDEQA\/APcUAIAQAgBACAEAIAQAgBACAEAIAQAgBACAEAIAQAgBACAEAIAQAgBACAEAIAQAgBACAEAIAQAgBACAEAIAQAgBACAEAIAQAgBACAEAIAQAgBACAEAIAQAgBACAEAIAQAgBACAEAIAQAgBACAEAIAQAgBACAEAIAQAgBACAhYji1PANKeeKIb5HsYPpEIDJ4pxtYTDcCoMrh8GFj336nkBn0kBksT4+GDKmoXu\/Omkaz6DA6\/zgpsRcoouPSvDrvp6Ut+KBK13zi8+SWFy+oOPlh\/nqB7emOVr\/AAe1tu9RYXL5vHVhf9IH9lq7nKbC459ubCvjzfqXqCRY448J\/Gy\/qZPcgFDjgwj8fIP7Cb\/KgFt43sH\/ACh4\/sJ\/RiAU3jcwf8qcP7Cp9I0Ar7bWDflZ\/UVP+mgD7bWDflh\/UVX+kgOjjZwbV9mf+CpHiY8kA79tHB\/y1nzJf8iWIuLZxm4QchWx9rZB5tQXGK3jVwqM2+yC86\/ucUrh87Rt4oLlTV8duGs9mOpf8lkY\/bkB8FKTYuXfATjDpsTfKyKOSN0Qa60mhzmuJFxouOojPrCNWJNgoAIAQAgBACA4SgMDwo4RY1G5zabDRoA82XTbOXDfybHNLT0ZpcrdnmGO4pjMpPLmvYNrWMmhZ1WYACOu6aFbswlfSiMkuEgccyXMNyTvc61ypJTIXKdIQsdD27\/H3IQKDxsspB3SQBdAF0AXQAgOoAQCg1APR0T3amHushFyTHgsp2efqFKTeyIzIsqTgbUv1aLRvcQfAG\/gt6eEqz2RV1EipqsPfG4tcc2ktyva7SWndtBVvZJLdk50yK\/rUdVFE3GiFNgbTiWxEw4vAARaZskLuosL2\/TjYsKhdH0+siQQAgBACAEAl51Def4+iAbleqsEeSU71BDYw+VSVuRJYoz7UbD1tafMIQQ5cLpna6eE9cbPchBW1eBUes0lP+qj9ynUhlTT8FaDk2aVHBpFrS48m25JFzs33QXGJuC1B+RwfMapIuyvqODdENVLD8wKSMzKupwKlGqniH6DVYZmVVThsI1RMH6IQm7KqpgaNTQOwISV02WpCxEfI74x7yoJGi4qUC9wOTJdNJmcjfYCMucbDeTYd5XsUZdkwa1MdxhtZHPcEkSAOBs6xIFnBptY6gbjLnLKrJcd33XNYJmOklNrhtgdp9ypLBV8qnKOVPZv8EXUle1xhxJ2qfZIJK7vz4E3JWEV5p54ZxrhljlA36Dw63bay58VRS0jpoSmfZkUgcA5puCAQd4OYK8o0FIAQAgBACAYriBG64By2oQ9jEVVU8E6MkjegPdbsbewV1BMxcmU9Zj9W0nRqCRudHE7xDQfFa+zpletZXycMq4fChPyonf4ZAp9k7x1vcMjh3W\/CZTHqbK3zkKeyPmT1iFf\/wB1VbYID+lIPQqvskuY6xDNVw2n5OQup4rNje42leMg05ZsT2WYUkyok44v6Ac\/6R\/9SmWEqRL2TEnjXabfeZG\/74Zlr1XYL+C0WDdt\/wCX+pFWht\/GRG4m9MQLfjoj7ldYJftfy\/1lbetfwINRw7YdUJ\/WR+iv7DC3v\/SP9dhZ+r\/gVNXwwvqh73js1ArGphsvuu\/y+zZdR5lbNwhc78GB+l\/BZdTItlRDkxRx+CO8p1TJshg1bju7j71eOHvxAj7Kd0dyxW+pNjQ8GaoEkG+q4zI22OrrC96nSw0aUZxjmvxb9I56mY9FwDQILtTm7873tqJ7V2KMcqcYnLKUk7EThrC2aK5Fy0OsdoyDz38kB+kuvBxUalnsyc7MXoNc0gZB+WQGzoHWvbqU1KGRmCk4yu+Aw7AG6LjpOFhfMD0K854Gltz9cjVYt3SsUT2Ly8RhGqkVbgdqlofVnFbiXL4VSPOtsfJG+u8RMVz1hgPavlsRTdOpKD4G6d0apYkggBACAEBW47LaO2\/0UorN6GIqn+v18VtBGDM\/WG664oyZUThaAiPapAAZqQRMel0KaU726A\/SIHqphG8ki0dzz+obYgfmt8gV11aeqRrFjeiqdUWuGipVEi4WTq2LnCFlKnYm4my53Ek4s3EkUz3+SvRWtvHyIYlcFixa8GZbTtB1OBHhf0Xp9G1e31M9peZlWXZueh4e\/RK9+lScLwZxS1Vx3EJrsN9lnfNIdbtsuiMNTLNaVjK4RRuaJWWJs\/R27Li6749iMblcRNOSZoo8Ic7SvqIvlu1a+1c0sTGNjk6zaxksRwnQm5MagD5j3rrio1HGo+TO+FZuDbPb+JF+jSzw3voTaY6GvY3LvY49q+P\/AMRwXtKqJe8vqtPKx24Spnh4Ho6+fOoEAIAQAgM\/wklztuCsjObMdWO8v4+q6KaMGUdSV1RRRlfKFcgjParWAljc1ZRBV8MWn7HFtr236s\/Wy6MJTcqqLRZjK9h5R4tqJHVbKy9CrRed6F4PsoRDAXEAC5OQC3p4KUvASmkWEeAzl5iET+UF7s0XaY0Rd122uLAG+6y6Vg6ahnclbnfTXvMnXV7ESSjcNYUy6PfAmNaLI0jF52Jw+XQ2jIaIXmSpl7iSFzygSKjGfYfJWow7XwfkQ9hC87KXJGHP0ZYz+cPE2PmtKatOLKy2Z6zUUwbDC8DN4BJ33aCfNfXUJuUmm9jyYzblJEJ5uSOsLrS0Majs0ang5waMjmSOb9zkjBvl7ZYA7udfuXkYzpBU4uN9U\/pf8DmqtudkbeiwiONrbDUNHrHSF4FXGzqSZCoO2aRhOEnAGQySVEL2u9p3J2LSAc9FpuQTltsvocF01DJGlUTW2u\/r6mkatlYf4maq1TPFf+cia\/8AVvt+9VP8R070YT5Nr5r+x6mAlq0evL5E9IEAIAQAgMhj8t3uV0Yyepl652vr8sl1U0YyKaZdKKEV4ViBotWkbAb2rVZQUnDCfKCPY6S5\/RsP8S6uj5Wk33r7lktH4GRnn0pHvPwnOPeSvZp1IdZ2i1nbQ9Rw3jMpRyTHU7jG0sa9vJwHSjFKYpGXO+UMf1N7F5v+Xyq5nCpaTvbWS1z3T+EbrxfxK+6tVf8A6Nzwe4WR1s0z6eifIxkbLgNpWvEjjMHEuc8EhzCBrOp2Wefm4vo6eFpQjVqpNt8ZNWVuCT2f2+CFTNN2j5d5ONKzTc59BpuEekGmOgLmxmW3I6IkzGi02eTa19uSx6yWVKNayvbepq7e9fLz3Vr\/AA1LKK3cfotrnlvGfilAGPpIoWiVpisGwwx8g5rCJ2uljcXSOJIaWnIFms5L2MNGtlU6srpqW8pPNf3XZq0Uls1q09isVrorbcvj4nl7lFZRt65myGivNmkXFQjPsPkVfD2zfPyIlsNLzbFzoNjfdmiWtwe6YyxooqBwHtsiJ7WMK+jwcm69Zcr\/AHPDg+3MzDHc89Z816zXZRWtwPT+L+fSpA0HOOSRl9uZ5UeEi+R6XjlxLb2aT+32M5XsmtGaIdK8524GKu277jGKVAjifI6+i1pJsL6gr4WGepGC3bLzi5I8p4uq4xYrTMy0ZGyRu7Y3Fv0mtX1\/TVLPgJy5NP62+56WB96574vgz1gQAgBAJe6wJ3C6AwuJv53atIo55GRxOc3yK1i2kUKOepf8YrVTlbcWQhtS+1zmN\/1K3jKoqedJNc\/TIyq9hxs7iMgL7PrdehhlGpBtxV+Grt8dTKWgAHba66f8v7N29fp\/0RnM3wtu6WBuWTXHXqv\/APlaYPCSsnFp3bv3afXcvmSTuQf5HiLRZ79LK+TdHpsb3I7l6iwTT1fr5GPtE+RxmAjY89w96mOGjB3uHiXyLDD4J6fS5Kqkj0snaBcy9tV9Fwv\/ABW2SElacVK211exm8Rfh9Sc+vxHX\/KFTb5c1v21l7Ph3+rh\/CgsR4\/Mo3YOZZNJ0xLnEue8guc4k3Ljc5nNUr4W6TjpbT\/pcFbQ09pstiN\/IDi8sEgJDi3IHWCQezIrlngJyjmzKxp7SlwIsuDkDS0256O\/4V7fXpXPPoion7y3saRxCfATFhhGem3Vqzvzm5bOkKaPRFWMs2ZfXkJV1yYzPhzmyGPSa7nFocCdE2ANxcA2sRrAXkTwFWNTJpv9r6mqqpxzERzCLXGsXC5+rkrX4mlz3F1XHNhuGubezXQwnSyuWMja\/Ldca+jpXs4RSjXqtcYuXzvY8h08s5PnczNRYVEgGoSPAtqsHkCy9uF3Ri3yXkZV1yPQ+LI6RqIrj8HIBtN9Njj2aLO8L5jp2P5ufivJrzZajSdWNkah0jhUOiOjoiNr9fPu5xGrY2zde2\/QvJcV1Knre7XdovPUwnSdObi+VxjhiwmmkA\/J727QL+K26NaVeD\/1fY1xEXmjbhTT+p5BhADMQpXj4MsRJ6DKA7wJX2eK7eDqxfJ\/RXX1L4Wo1JeJ9GL86PdBACAEAxXOtG49HnkhD2MHiTtZ6\/JaxOdmOxF2auQVEpWi2A2G3Rq4OTtIGa1efKr7DQ5StzH13rqoX7NvWrKSKLhXb7KbubGARvvpX\/aX0WAoRlllwV+G\/Ao28rHmRixIIc0btYvkNIbF7DetnozkvcHVbWa+wDX\/AACjI5DK2OjGpALxuazpa1od88gu8VX2WD97Xxeny2+hTIuI9FwqqmnSbK5xHxmsf4vBKpLo+hJWcfldeRDoRe6EQYs2aQucwMkAJOiLB2q5ts1qHRyRyJ3XeJUXGOjuiNRVJjq5ZGuIPLFrT+c9zg6x+SXdtlmoxlTdN7WTtw5+fA6JXaiVc77Rt+THl+k5aVZ5VF9\/2NYq8peuRHc7nM6meQUU5O0fh9yzWjExH77HZ\/dr5+tL\/wAi13v+U0\/U+uZUryU9DoPRaCuvhdNHfNskrvpWC+h6Ljf8p\/pS+TZ5lRfl5eCI8L+cvZkuyYVVob7i4m0cRYPxkErB1h0b\/wDCV8301G+F8JJ+aNcE7P1y\/sbmVxNdNnkIIstxL5M\/Ady8GS\/\/ACw\/el5Izxf51+AjhjKBTTbxTjxkYFfo2Lden+99iK8u1b\/5r+ZHir3uEokHwW3Hygbhfc5VKm4czGEsqT5O59KtNxcbV+aH0h1ACAEBBxl9oz0lEVlsYPEn5HtW0TBmQrjmVcqVcitck6wKyAswA3vfK3itMt3Yi5xkQa4WvrXpyoQpRg48bXM73uZLhM69XIdg0B9Fv8V7XR7tTg\/XvW+xL2HKDEHQuMjTY2cCLXBa5pa5pByIIJHavZxEYSptT2Wvy1ObLd2KerqbuLm6nZ7yNmj2e5eVVxrSvHjx8zphT0syK6bpuuCWPXO5qoCeVVPbeROUssDn55v8U+YXdgMW6tRwfIwxELRJFRMPsoNGycuPyjL7g1RKtaWRd3zf9hGPZu+X2Gag\/c2\/1bf23DsXRUmnCHrgTFay8RBPOj6o\/IK1Ka6um\/DzIa94TD\/zY+v4NeDV\/wDZtd\/\/ABL\/AKn1zKkLyYXcVY6WbDCnfekY3F37ZK+q6Ki1QV+b8zz6v51kiF2a9eS0Oaoa7ghUaOIURvrdI350T2jxsvB6Up5sLUfK3mhhdGeotINVUENFw2Jpdnc5OdbcAA4d56F8tO\/UUlf9p\/VL7GWIlerPwRScOpzDFNIXsPK08cMUTjnpaT3PeBbMgOYQPzdi7+iYKrUhBJ9mTk2uVlZfR\/MvO2l\/2UvJnhOK4nJbRvonqsV9jipRpU7xdmb0KMW72ufU\/Buq5WkppfxkET\/nRtd6r80n7zPXLFVAIAQFVj7uYB1\/XxUopMw2LHm962S0MGZGsOasCvdrUoHdWaunZ3B1tyHH1zXTSTytlWLYbkdi9CrK9OPwKIxXCF16iQ\/9y3cXD0XrYZ2o0vXGTJ5+uRGrH2jP12hdmPxCjQl8PMpSj2kVOldfK9a5pp+Py\/t5I7LWOXWSkSdYLkDerKWpBOwzJzvkE+IXqdGNLENrl+BjX1ivEkVDvv139eP21lKuliJrvQivya8BE7uZa\/stA\/8AI4+oXbWqJQgu4iC1fiKawlzOqPyb713YeEpU4W4fiUk0rioovvsX3\/u15dXD26QdVvd6fwllL8j65lU0Cy5aMYZE0jd7mlwx\/wB7NHS7zXu4L8yvXE4qn5xkindn3L05LQ55lq6uEE9HO4kMjmBeRnzWSRPflt5od3rxcc\/yU4c19m\/sWw8bpmy4ScbcGg4UI03W0tN7S1ozA9k2Lj3Dr1LxcB0RGadStLsrgnq\/jwRWVGpOXaVlf4nllbwsllkdJMBK4n2nawNw3DoGS9Z42jh11dGNor18zoWDXMqsWxd02iC1rQ29gMznvK8bGdJTraWsjooYZUru97n1ZxdvvhdCf6NCO6No9F4D3Os0KgAgBAUnCF2odHqrRM5mLxrUOr1K6ooxZk6sZrSUU2VIOgpVHvJuDmmydTIXHGNNj2eQXVClPKvXEo2hEQOkFvUjPJZoGGxu+kSBrlkP03e8r1mqkaFBRjr6\/EQtmlchDlNrbjpBIUuGL93Jdd6\/Et2OZw0ziQdAAdF7LH\/K62dPJbw9MnrY23Iradx2LzYdF4uW0TV1IriOCkcuqPQ2Je9kV62JPwqkOk65+AR5L0sF0VOjPPOXdZGFaqmtB+spgKtxJ\/DX+mFV9E0XJ1ZN3epMKjyJDRaAJOz9pd6pUYJWj6sQm2OOk5zOjQ8mrqjLsK3rUza3Esfeqad5B+gvDxUo+1RXf\/xZolal65lLGV8\/gaj27jrkjQ4W\/wC423H1X1mC\/MRff9ziqe+yVA7nHrXqPWJzzHOEzrxRDpn\/ALkL5\/pNXjbnf+SoaYRb\/DzRkGPPgvnMNipRi4rk18z0ZROXWcajyskA1YuTYPrXivffCaI\/9lo7rj0XLLcuahQAQAgM\/j553crwMp7mPx12r5PqV1RbTTRizJ1RzV7pMgiBapgdYAbX1LeFuJDFSMsbN1ZZ612QrWSUUUtzOQjnj67FvOWaJBiMRs6RoBAGnKc9Q55XvU2l1fcvskV2zDjJ3suLgtsHC3S5rdee9bt3lqZ5VJCo8VabXDs+gKqs9g6TQqSujIuLZbwB3b1aPG7IyS2GaasjN9K19nNvfPae9TmUn2WWcJIfhrI+UcGMZbQOejbO\/wDsqe81G4lF5bsjYlVN+yXDRaCJdY1nnLmeIhCNm+BpCDtcrqqYaT2gZl5ub5Wvqt15rnliVKNoq+xsoiOc4H81o9AruVWUGlpZfcjRMXS25Zhzvl1W5MbV51SMViU+N\/8AiS\/cfriVrLZdWf8ABeHhJLS3I6JF1hbvuZG4jzK+swb\/ACEfF+ZyVF2iZG7nFestYnNIdx882H5bh85rR714PSH5yC5v+33NcOtJGPBXxClZHpCmlaQm7WIaLCnpWhuk91r7LgeKvYq2fUHFM4HCaS2rReB2SvHouaW7LrY1yqSCAEBnMdPPP12LSBlPcx+PHV8n1K6EYsytTrV3uCNZLA6VomwdY+2S1hVlEq0dhJ0tLoJ8Fr7RNrYjKjzeapzuMwHOt33XuUMdJKLcdrLzZd007hSztu7TJGlt17QfRdFLGwu3NO7d+ZScHplJMLYyRaUDMnNpA1b11U8TCSTT4vgUalyImkTZtwL7Tq7Vz1q1VU0orvZqoq9xkg71zyjVSupr5FrrkP0gOlfM3Gdr5Xy2LTCKXWqUm3oUqe7YcqzeZ78rF5cCb29rI5KaeGSqSm0n4hPspDBk3rTr6dPR2+ZOVssGUDhG+XSaBybXaN7khxIGrVmzxCpUxFLVRl73wta3r5lUr\/AgsNrPBGkOnotqsq1IU3HrLrMv9X9ib8CJBEXOs0XH12r53BUJVMTloxvDj3fE3nJRjdlvQ0jgHnYLZd919KsHVovWSy8F56nK6kZDwdzl61F3iYyRIxcXjYd0rSeom3mQvC6V0qUf3l\/NE0w+0vAoafDwQCScxewXxUYK2p3uRKZSsbsHbmVaKtsQ3cTLI1upoG4AC6mc1d5QkfTnFRI12E0hYwtGg64J0jpco8Pdew9p2k62y9lzvcujWqCQQAgM1jJ5561pEyluY\/HHXPZZdETFmXqFbiCOpAl6smBK0TA5GdfUfJX3IPLhawzsLnp2Bd0HCUkm2l8\/oau4la5mtIu6AuNy6aFaSauirR03OdlpPrKnasNEJsVhlnyJJFNUPZmw2ysdWq\/T2LohKpBrLyKSjGWjCorHusHWyuALAa8zqVp4uurxsiI04rVEZ31zXnzvbb6mqJlRXXaGtyvG1jhl8E3Fj061VaW1u+XIqkQXnJUxVWSpOxdLUkfyjzg4RtaR8XK\/SVlhelZwl2aa+DKSo3Vmyww2qe\/TGoWG3VrXtYTG1MTKUZqy03fryMZ04wSaFPNnL2cI9LGUkWNT\/wAs47nxeLx7l4nTjtOl+990Xw+7KeFx0QBsAC+Rj2Xc7GNPl2NzO07AmVvXZetiRvk9us71VqxNz6Z4mD\/wal65\/CpmAXO9y6NsoAIBL3WBO4XQGZxd3OJ6StImMjHYtt61vDYyZnKlXYIqA5IpQGwVogdY7X1HyU3B5jE4ZA9Pp7l34OUc\/b2NZJ8AK0lJZrkACrQm27AXHIR1HZsXRRruFRZtmQ43Ra0NZELh0AcCCTZ723s09a9GVWCXYOd05v8AS+iEVGIU59mmLb5W5Vx6drVySxkU+1G7+RKpVP2\/oRJKqI3tERf88n0WLxtJNvq9X3v8C6pz\/a+hGfINgt23XNLFp6xil8WzVR5s7yROepVUJzak3YXS0G5Vjj0owsWiJY0rzsJF3LSZb4ILafUPVe5g+zN\/A56uyHJR8JfS4S+TMzB72JdTITTPAFyXMsBtIN\/IFeL\/AIiUvyWTfX7O\/gXw61dysa0kC+Q3L5+FKKipS1fLgvxf08TpuK0VlN3CEuCwZY+kuJb\/AKPTdc\/\/ALMy5nuaI26gAgG6j2XdR8kDMpiDrhXRizKYprK6KZmzO1K2sVIiixI3IVZIDZcr2sDjX6+o+So7g82AuBnZdtKk6nFK3O\/2TNW7AW9PmtZUsq3T+f4C4AK8INMHXBWqRdlYhChv6\/JaOndZkiLjZXNJtFhJK5pyZY4FnF9oE1x5repejGpls0Z2IrxdcmLz1HlirtuxdaDwYRstbLPI9ymjhKsO1KLSXwKuSZYYPrf1D1Xfgo5qzT2M6uyF1Lr9QX00J3dlsjBIdpKg2y1C4HXtPp3r5fpjFKtU7Oy7K+\/1SXwZvCFkR9nf5ry17i8DQSsJEiXLJlj6O4lP+kQfKn\/9iVcsty6N0oJBARMXqRFDJIQSGtJdYFx0R7RDRmSBc2GZshDMkalkjdJj2ua7nNLSCC06iCNYVosxZn8VaumFijM3UrdWKkQrRWA3IVEm7aEkZ6omBp7ua75LvIqWDz69guyFXImza1xOks3Xk3oTYASpjUqNjQdZETrGVxe91208JWqPtKyut7lHJLY1lXQxx3YWADSA6bEjb2r6KNOmqasrI89Tk3uVVZBCCWhup7BrN7FwB8CuXHYWiqSlbW8U\/jJL7m1Oc\/oyOKeLScNHU5oGZ1F4B8Cs6uBwsVpHVSit3xaXPvLdZOy14PyEmnDdcduc3WDqvmM1argaEVHJD9OOvdfUnPJ8eDLWiiBYdFgvbo1WO0rv6qjTyyjFIxlKV7NkCsYQGXsLG\/ffd1LPFKMsjWiTv6sXg9yBPJcnrXkYjEOpKS4XOiMbJEzCJmt09I2yHhdZYapTouUpdxWpFu1jrjyh5uTdrt\/Q33rKp0hOqslLRcXx+Hf38CVBR1ZOawCwGoLkrJWSWyJRDJ8z5lc691FxN1kyRDismD6N4kT\/AMIh+XP\/AHz1yz3NEbxVJBAM1h5h+u1Q9iGeW41wUbyjpaOd9LISXOa0B8DnHWTCcmk7226lKn+0rmbZn62XFI8pIIqgfHifoOtvLXjM9S2TjwdvEpZFFV8IC3+dpp4\/lRm3Yb5rRSl3P4jIRYuE1O4+0R1iy0VaS3TI6tkoYrAdUjD+k0+RV1iUt0RkYGoYdo8VosTRe5GVjFRPGGu52Za7LsV81BrSQtK5hjCLax0f7L1Xg6Movtpcu\/fhuXzu+wnkukeKzjg4rea+v4InN3C2WC7qHVUlZP6lHdkonSs0WF3ZXIAz3k5DrXp1alOcbXtZ33M0mncuMaqrvdzr\/dARctFgCMsjqWeePUNOS3XFbXRjCOu3Ar6+WHlHaJNtJpuXN1B41DqWGKxVFwac43vF+8uDT2vc1hGdvnwI9RPEHO0HE5tPOtse07OpZYjHYSztNXzRb1utJJ6FownbVc\/IKmu035Z5tAsHHaOjMqk+maXuweazWylz8BGjZEmDFC3INIIZYiwb8G1zc9qzn0vGTyxjJvlZJL5u46jiyuqatzv97+Q6VxYjpSu4JWUfjfyt5msaUUyPcleZPGSkveb7lovxZplHqaNt8xfr1dyyjJy3DLaKRd8E2ZMclfkr1VoEQNLzPmVzJaFxJespIks+DXB6or5xBTMu7W5xyZG3473bB0azsWE5JFkj6d4G8HGYfSR0rHl+hcue4AaT3EucQ0eyLk2GdhbM61yt3Zcu1ABAMVvsO6lD2IexicRdmVCMWU1TKr2KlfLIpsQR300T9bGnrAKEkOTAaU64I\/mt9ym75k3ZHk4MUh\/AN7LjyKsqk1xYzMQ\/g7BockA4M0tPREkltK2jpWLt2Shyk5ZuJOZkCTgbSnUHDqd7wruvN7qP8MfshmYw\/gTT7HP72nzarxxMo\/oRf+0ZmMu4IQjU53aGf5Vssfb9TT\/hf9RGvMjycHI255HraPRWXSCW9Gn8n+JFm+LK7EjCwn7nHpXvYNbYZ3tbYOhaR6Sgo26iHyJ6tv8ASZUzVF3aQjjbnezWgDI3tbcol0neNlRpr\/br87osqduLG5qgucXWaCfigAZWOrsCpPpKrLaMV4R5O\/G\/EsqaQiSZxdpFxuTe+2+9YzxteTu5d+iRKgloJWU69WbvKTfxJskcss0iTq0iQPQrpplWTI3L1KKuZMVNJkuipTTRCIpd6+a4HG2hoX\/AngdU4lNycPNjaRys7gSxg3W+E\/c0dthmuStOMCyR9McFuDdPQQCCnZYa3POb5HbXvdtPgNQAC85u7uaFwoAIAQDFb7DupQ9iHsYbEzmkTBlDUuVypXyuUgj6ZBQkfbLvUAUCN6AChA24ISNvCkFNiOMwR3BfpHc3M+4IWSZlsSx6STJg0G97j27OxCyiUrkLjblAEFCRKAUEAKyIBXQHI100yrJDSvRpSsUZ2Qrqc9CqRs+Lni5mxEiWQuipQSDJ8KQg5tiv3F2odJBA8rEYlQbS3NYxPovB8KhpYmwU8bY42CzWjxJJzcTtJzK8qUnJ3ZoTVABACAEA1UtuxwG4qGQzA4qcykTBmfqirlSvlcpJGiUAaSA6XIBmSQjaUBX1VU\/4x70JKGvlc7W4nrJKksinmCFiM4KCRpyEjblAEFAcshIqykApRAK6Ati1iyrJMEbnODGtLnONmtaC5xO4NGZK64TtqRY9b4BcUMjy2fERoR5FtNfnu\/rSPYb+aDfPO1rHKtjdMsPmSocz22CFrGtYxoa1oDWtaAGtAFgABkABsXmt33NBaAEAIAQAgBAV2J4LFN7QId8ZuR7dh7UKuKZksR4EzZmJ7Hjcbsd6jxCm5m6b4GbruD9XH7VPJ1tGmO9l1a5XK0VErC02cC07iCD3FSQN3QHC5QBDihJBqYroCmq4VJZFTPGhYiPaoJGnNQDZaoJEliA5ooDhNlIJlBhFTPnBTzSjfHFJIO9oKXJNThXFRi0xH3sImn4Uz2st1tbd\/wBFMwsbvA+Ihgsayrc7VdkDQwX2jlH3JH6LVPWPgLHpvB3grR0LdGlgYwnW\/wBqR3ypHXceq9hsVXJvckuVUAgBACAEAIAQAgBACAEAl7ARYgEbjmgIU2C0zvap4Sd5jZfvslyMqIM3A+hdrp2j5Lnt\/ZcFNyMiIknAGhOpj29UjvUlLkZERZOLajPw5x1OZ6sKXGREObippHfh6gdsR\/dqcwyIgScTNKf\/AJU\/dF\/lTMTlGvtI0m2qqezkR+7TMMp0cR9DtqavvgH7pRcmx37R2H7ais+fB\/opcWJlPxM4U32mzv8AlTOH7GilxYsqXiswdhuKNrj+fJNIO57yPBQSXVDwVoITeKipmH4zYYw751roC3AQHUAIAQAgBACAEAIAQAgBACAEAIAQAgBACAEAIAQAgBACAEAIAQAgBACAEAIAQAgBACAEB\/\/ZAA==\" width=\"300\" \/><\/p>\n<p class=\"rtejustify\">&#8211; <strong>Lector de placas ELISA Labsystems iEMS Reader\/Dispenser MF:<\/strong> instrumento que mide ensayos fotom\u00e9tricos immunenzim\u00e1ticos. Dispone de capacidad agitadora y control de temperatura. El rango de medida es de hasta 4.000 OD. El lector se programa con un software espec\u00edfico (Ascent SW).<\/p>\n<p>&nbsp;<\/p>\n<p>&nbsp;<\/p>\n<p><small><img loading=\"lazy\" decoding=\"async\" alt=\"\" height=\"213\" src=\"http:\/\/sct.uab.cat\/sbcv\/sites\/sct.uab.cat.sbcv\/files\/Lector%20placas%20ELISA.jpg\" style=\"margin-right: auto; margin-left: auto; display: block;\" width=\"376\" \/><\/small><\/p>\n<p class=\"rtejustify\">&#8211; <strong>Lavador de placas ELISA Tricontinent Multiwash:<\/strong> aparato para el lavador de las placas ELISA, en el cual se pueden programar diferentes par\u00e1metros del lavado.&nbsp;&nbsp;<\/p>\n<p><img loading=\"lazy\" decoding=\"async\" alt=\"\" height=\"500\" src=\"http:\/\/sct.uab.cat\/sbcv\/sites\/sct.uab.cat.sbcv\/files\/Lavador%20placas%20ELISA_2.JPG\" style=\"margin-right: auto; margin-left: auto; display: block;\" width=\"300\" \/><\/p>\n","protected":false},"excerpt":{"rendered":"<p>&#8211; Analizador de qu\u00edmica cl\u00ednica automatizado, Olympus AU480: realiza la determinaci\u00f3n fotom\u00e9trica i potenciom\u00e9trica de gran variedad de analitos (400 tests\/hora) en combinaci\u00f3n con reactivos, calibradores, materiales control y otros accesorios adecuados. &nbsp; &nbsp; &#8211; Analizador autom\u00e1tico IMMULITE 1000 para la determinaci\u00f3n de hormonas: instrumento que realiza inmunoensayos quimioluminiscentes. Utiliza como fase s\u00f3lida perlas de [&hellip;]<\/p>\n","protected":false},"author":20,"featured_media":64,"parent":0,"menu_order":0,"comment_status":"closed","ping_status":"closed","template":"","meta":{"footnotes":""},"class_list":["post-189","page","type-page","status-publish","has-post-thumbnail","hentry"],"_links":{"self":[{"href":"https:\/\/webs.uab.cat\/sbcv\/es\/wp-json\/wp\/v2\/pages\/189","targetHints":{"allow":["GET"]}}],"collection":[{"href":"https:\/\/webs.uab.cat\/sbcv\/es\/wp-json\/wp\/v2\/pages"}],"about":[{"href":"https:\/\/webs.uab.cat\/sbcv\/es\/wp-json\/wp\/v2\/types\/page"}],"author":[{"embeddable":true,"href":"https:\/\/webs.uab.cat\/sbcv\/es\/wp-json\/wp\/v2\/users\/20"}],"replies":[{"embeddable":true,"href":"https:\/\/webs.uab.cat\/sbcv\/es\/wp-json\/wp\/v2\/comments?post=189"}],"version-history":[{"count":0,"href":"https:\/\/webs.uab.cat\/sbcv\/es\/wp-json\/wp\/v2\/pages\/189\/revisions"}],"wp:featuredmedia":[{"embeddable":true,"href":"https:\/\/webs.uab.cat\/sbcv\/es\/wp-json\/wp\/v2\/media\/64"}],"wp:attachment":[{"href":"https:\/\/webs.uab.cat\/sbcv\/es\/wp-json\/wp\/v2\/media?parent=189"}],"curies":[{"name":"wp","href":"https:\/\/api.w.org\/{rel}","templated":true}]}}