{"id":267,"date":"2011-06-21T12:02:13","date_gmt":"2011-06-21T12:02:13","guid":{"rendered":"https:\/\/webs.uab.cat\/sbcv\/presentacion\/"},"modified":"2011-06-27T09:23:58","modified_gmt":"2011-06-27T09:23:58","slug":"presentacion","status":"publish","type":"page","link":"https:\/\/webs.uab.cat\/sbcv\/es\/","title":{"rendered":"Presentaci\u00f3n"},"content":{"rendered":"<p>El Servei de Bioqu\u00edmica Cl\u00ednica Veterin\u00e0ria de la Facultat de Veterin\u00e0ria de la Universitat Aut\u00f2noma de Barcelona es un laboratorio de an\u00e1lisis cl\u00ednicos especializado en la determinaci\u00f3n de par\u00e1metros bioqu\u00edmicos en muestras de origen animal.<\/p>\n<p>En \u00e9l se realizan determinaciones de un amplio n\u00famero de par\u00e1metros y en diferentes especies animales: metabolitos, enzimas, hormonas, prote\u00ednas espec\u00edficas (prote\u00ednas de fase aguda),&#8230;<\/p>\n<p>Se desarrollan de forma rutinaria t\u00e9cnica estandarizadas al igual que t\u00e9cnicas mucho m\u00e1s espec\u00edficas. Tambi\u00e9n se ponen a punto y validan nuevas t\u00e9cnicas en las que puedan estar interesados nuestros clientes.<\/p>\n<p><img loading=\"lazy\" decoding=\"async\" alt=\"cartell_retos.jpg\" height=\"238\" src=\"http:\/\/sct.uab.cat\/lrec\/sites\/sct.uab.cat.lrec\/files\/u3\/cartell_retos.jpg\" width=\"423\" \/><\/p>\n","protected":false},"excerpt":{"rendered":"<p>El Servei de Bioqu\u00edmica Cl\u00ednica Veterin\u00e0ria de la Facultat de Veterin\u00e0ria de la Universitat Aut\u00f2noma de Barcelona es un laboratorio de an\u00e1lisis cl\u00ednicos especializado en la determinaci\u00f3n de par\u00e1metros bioqu\u00edmicos en muestras de origen animal. En \u00e9l se realizan determinaciones de un amplio n\u00famero de par\u00e1metros y en diferentes especies animales: metabolitos, enzimas, hormonas, prote\u00ednas [&hellip;]<\/p>\n","protected":false},"author":20,"featured_media":0,"parent":0,"menu_order":0,"comment_status":"closed","ping_status":"closed","template":"","meta":{"footnotes":""},"class_list":["post-267","page","type-page","status-publish","hentry"],"_links":{"self":[{"href":"https:\/\/webs.uab.cat\/sbcv\/es\/wp-json\/wp\/v2\/pages\/267","targetHints":{"allow":["GET"]}}],"collection":[{"href":"https:\/\/webs.uab.cat\/sbcv\/es\/wp-json\/wp\/v2\/pages"}],"about":[{"href":"https:\/\/webs.uab.cat\/sbcv\/es\/wp-json\/wp\/v2\/types\/page"}],"author":[{"embeddable":true,"href":"https:\/\/webs.uab.cat\/sbcv\/es\/wp-json\/wp\/v2\/users\/20"}],"replies":[{"embeddable":true,"href":"https:\/\/webs.uab.cat\/sbcv\/es\/wp-json\/wp\/v2\/comments?post=267"}],"version-history":[{"count":0,"href":"https:\/\/webs.uab.cat\/sbcv\/es\/wp-json\/wp\/v2\/pages\/267\/revisions"}],"wp:attachment":[{"href":"https:\/\/webs.uab.cat\/sbcv\/es\/wp-json\/wp\/v2\/media?parent=267"}],"curies":[{"name":"wp","href":"https:\/\/api.w.org\/{rel}","templated":true}]}}