{"id":299,"date":"2011-06-23T12:03:48","date_gmt":"2011-06-23T12:03:48","guid":{"rendered":"https:\/\/webs.uab.cat\/sbcv\/links\/"},"modified":"2011-06-29T12:37:57","modified_gmt":"2011-06-29T12:37:57","slug":"links","status":"publish","type":"page","link":"https:\/\/webs.uab.cat\/sbcv\/es\/links\/","title":{"rendered":"Links"},"content":{"rendered":"<p><a href=\"http:\/\/www.uab.es\/\">Universitat Aut\u00f2noma de Barcelona<\/a><\/p>\n<p><a href=\"http:\/\/www.uab.es\/servlet\/Satellite\/Facultats-i-Escoles-1086628076346.html\">Facultat de Veterin\u00e0ria de Barcelona<\/a><\/p>\n<p><a href=\"http:\/\/bioquimica.uab.es\/\">Departament de Bioqu\u00edmica i de Biologia Molecular<\/a><\/p>\n<p><a href=\"http:\/\/serveis.uab.cat\/hcv\/\">Hospital Cl\u00ednic Veterinari<\/a><br \/>\n&nbsp;<br \/>\n<a href=\"http:\/\/www.seqc.es\/\">Sociedad Espa\u00f1ola de Bioqu\u00edmica Cl\u00ednica y Patolog\u00eda Molecular<\/a> (SEQC)<\/p>\n<p><a href=\"http:\/\/www.ifcc.org\/\">International Federation of Clincal Chemistry and Laboratory Medicine<\/a> (IFCC)<\/p>\n<p><a href=\"http:\/\/www.avepa.org\/\">Asociaci\u00f3n de Veterinarios Espa\u00f1oles Especialistas en Peque\u00f1os Animales <\/a>(AVEPA)<\/p>\n<p><a href=\"http:\/\/www.isacp.org\/\">International Society for Animal Clinical Pathology<\/a> (ISACP)<\/p>\n<p><a href=\"http:\/\/www.esvcp.org\/\">European Society of Veterinary Clinical Pathology<\/a> (ESVCP)<\/p>\n","protected":false},"excerpt":{"rendered":"<p>Universitat Aut\u00f2noma de Barcelona Facultat de Veterin\u00e0ria de Barcelona Departament de Bioqu\u00edmica i de Biologia Molecular Hospital Cl\u00ednic Veterinari &nbsp; Sociedad Espa\u00f1ola de Bioqu\u00edmica Cl\u00ednica y Patolog\u00eda Molecular (SEQC) International Federation of Clincal Chemistry and Laboratory Medicine (IFCC) Asociaci\u00f3n de Veterinarios Espa\u00f1oles Especialistas en Peque\u00f1os Animales (AVEPA) International Society for Animal Clinical Pathology (ISACP) European [&hellip;]<\/p>\n","protected":false},"author":20,"featured_media":0,"parent":0,"menu_order":0,"comment_status":"closed","ping_status":"closed","template":"","meta":{"footnotes":""},"class_list":["post-299","page","type-page","status-publish","hentry"],"_links":{"self":[{"href":"https:\/\/webs.uab.cat\/sbcv\/es\/wp-json\/wp\/v2\/pages\/299","targetHints":{"allow":["GET"]}}],"collection":[{"href":"https:\/\/webs.uab.cat\/sbcv\/es\/wp-json\/wp\/v2\/pages"}],"about":[{"href":"https:\/\/webs.uab.cat\/sbcv\/es\/wp-json\/wp\/v2\/types\/page"}],"author":[{"embeddable":true,"href":"https:\/\/webs.uab.cat\/sbcv\/es\/wp-json\/wp\/v2\/users\/20"}],"replies":[{"embeddable":true,"href":"https:\/\/webs.uab.cat\/sbcv\/es\/wp-json\/wp\/v2\/comments?post=299"}],"version-history":[{"count":0,"href":"https:\/\/webs.uab.cat\/sbcv\/es\/wp-json\/wp\/v2\/pages\/299\/revisions"}],"wp:attachment":[{"href":"https:\/\/webs.uab.cat\/sbcv\/es\/wp-json\/wp\/v2\/media?parent=299"}],"curies":[{"name":"wp","href":"https:\/\/api.w.org\/{rel}","templated":true}]}}