{"id":117,"date":"2010-06-22T16:18:56","date_gmt":"2010-06-22T16:18:56","guid":{"rendered":"https:\/\/webs.uab.cat\/sbcv\/perfils-petits-animals\/"},"modified":"2010-06-22T16:18:56","modified_gmt":"2010-06-22T16:18:56","slug":"perfils-petits-animals","status":"publish","type":"page","link":"https:\/\/webs.uab.cat\/sbcv\/perfils-petits-animals\/","title":{"rendered":"Perfils per a petits animals"},"content":{"rendered":"<p><strong>P. COMPLET<\/strong>: Sodi, Potassi, Clor, Calci, F\u00f2sfor, Glucosa, Prote\u00efnes totals, ALT, Fosfatasa alcalina, GGT, Bilirrubina total, Colesterol, CK, Urea, Creatinina i Prote\u00efnograma.<\/p>\n<p><strong>P. GERI\u00c0TRIC<\/strong>: Potassi, Calci, F\u00f2sfor, Glucosa, Prote\u00efnes totals, ALT, Fosfatasa alcalina, GGT, Colesterol, Urea, Creatinina, Alb\u00famina.<\/p>\n<p><strong>P. RENAL<\/strong>: Potassi, Calci, F\u00f2sfor, Prote\u00efnes totals, Colesterol, Urea, Creatinina, Alb\u00famina, Ratio prot\/creat orina.<\/p>\n<p><strong>P. HEP\u00c0TIC<\/strong>: Potassi, Glucosa, Prote\u00efnes totals, ALT, Fosfatasa alcalina, GGT, Bilirrubina total, Urea, Colesterol, Alb\u00famina.<\/p>\n<p><strong>P. DERMAT\u00d2L\u00d2GIC<\/strong>: ALT, Fosfatasa alcalina, GGT, Colesterol, Urea, Creatinina, Glucosa, Prote\u00efnes totals i Prote\u00efnograma.<\/p>\n<p><strong>P. PREQUIR\u00daRGIC<\/strong>: Alb\u00famina, Glucosa, ALT i Creatinina.<\/p>\n<p><strong>P. UCI<\/strong>:&nbsp; Alb\u00famina, Urea, Creatinina, Glucosa, Sodi, Potassi i Clor.&nbsp;<\/p>\n<p><strong>P. LEISHMANIA<\/strong>: Prote\u00efnes totals, Colesterol, Urea, Creatinina,&nbsp;ALT, Proteinograma i Ratio prot\/creat en orina.<\/p>\n<p>&nbsp;<\/p>\n<p><strong>Nota:<\/strong><\/p>\n<p>Aquests perfils es poden adaptar a les necessitats del client.&nbsp;<\/p>\n","protected":false},"excerpt":{"rendered":"<p>P. COMPLET: Sodi, Potassi, Clor, Calci, F\u00f2sfor, Glucosa, Prote\u00efnes totals, ALT, Fosfatasa alcalina, GGT, Bilirrubina total, Colesterol, CK, Urea, Creatinina i Prote\u00efnograma. P. GERI\u00c0TRIC: Potassi, Calci, F\u00f2sfor, Glucosa, Prote\u00efnes totals, ALT, Fosfatasa alcalina, GGT, Colesterol, Urea, Creatinina, Alb\u00famina. P. RENAL: Potassi, Calci, F\u00f2sfor, Prote\u00efnes totals, Colesterol, Urea, Creatinina, Alb\u00famina, Ratio prot\/creat orina. P. HEP\u00c0TIC: Potassi, [&hellip;]<\/p>\n","protected":false},"author":20,"featured_media":0,"parent":0,"menu_order":0,"comment_status":"closed","ping_status":"closed","template":"","meta":{"footnotes":""},"class_list":["post-117","page","type-page","status-publish","hentry"],"_links":{"self":[{"href":"https:\/\/webs.uab.cat\/sbcv\/wp-json\/wp\/v2\/pages\/117","targetHints":{"allow":["GET"]}}],"collection":[{"href":"https:\/\/webs.uab.cat\/sbcv\/wp-json\/wp\/v2\/pages"}],"about":[{"href":"https:\/\/webs.uab.cat\/sbcv\/wp-json\/wp\/v2\/types\/page"}],"author":[{"embeddable":true,"href":"https:\/\/webs.uab.cat\/sbcv\/wp-json\/wp\/v2\/users\/20"}],"replies":[{"embeddable":true,"href":"https:\/\/webs.uab.cat\/sbcv\/wp-json\/wp\/v2\/comments?post=117"}],"version-history":[{"count":0,"href":"https:\/\/webs.uab.cat\/sbcv\/wp-json\/wp\/v2\/pages\/117\/revisions"}],"wp:attachment":[{"href":"https:\/\/webs.uab.cat\/sbcv\/wp-json\/wp\/v2\/media?parent=117"}],"curies":[{"name":"wp","href":"https:\/\/api.w.org\/{rel}","templated":true}]}}