{"id":118,"date":"2010-06-22T16:19:20","date_gmt":"2010-06-22T16:19:20","guid":{"rendered":"https:\/\/webs.uab.cat\/sbcv\/perfils-animals-exotics\/"},"modified":"2023-06-08T14:56:00","modified_gmt":"2023-06-08T14:56:00","slug":"perfils-animals-exotics","status":"publish","type":"page","link":"https:\/\/webs.uab.cat\/sbcv\/perfils-animals-exotics\/","title":{"rendered":"Perfils per animals ex\u00f2tics"},"content":{"rendered":"<p><strong>&#8211; P. HEP\u00c0TIC aus<\/strong>: AST, Colesterol, Triglic\u00e8rids, GGT, Glucosa, \u00c0c. biliars i Prote\u00efnograma.<\/p>\n<p><strong>&#8211; P. RENAL aus<\/strong>: \u00c0cid \u00faric, Calci, F\u00f2sfor, CK i Prote\u00efnograma.<\/p>\n<p><strong>&#8211; P. GENERAL aus<\/strong>: AST, Glucosa, \u00c0c. \u00faric, Calci i Prote\u00efnograma.<\/p>\n<p>&#8211; <strong>P. B\u00c0SIC: <\/strong>perfil renal + hep\u00e0tic.<\/p>\n<p><strong style=\"line-height: 1.5\"><span style=\"text-decoration: underline\">Nota:<\/span><\/strong><\/p>\n<p>Aquests perfils es poden adaptar a les necessitats dels clients<\/p>\n","protected":false},"excerpt":{"rendered":"<p>&#8211; P. HEP\u00c0TIC aus: AST, Colesterol, Triglic\u00e8rids, GGT, Glucosa, \u00c0c. biliars i Prote\u00efnograma. &#8211; P. RENAL aus: \u00c0cid \u00faric, Calci, F\u00f2sfor, CK i Prote\u00efnograma. &#8211; P. GENERAL aus: AST, Glucosa, \u00c0c. \u00faric, Calci i Prote\u00efnograma. &#8211; P. B\u00c0SIC: perfil renal + hep\u00e0tic. Nota: Aquests perfils es poden adaptar a les necessitats dels clients<\/p>\n","protected":false},"author":20,"featured_media":0,"parent":0,"menu_order":0,"comment_status":"closed","ping_status":"closed","template":"","meta":{"footnotes":""},"class_list":["post-118","page","type-page","status-publish","hentry"],"_links":{"self":[{"href":"https:\/\/webs.uab.cat\/sbcv\/wp-json\/wp\/v2\/pages\/118","targetHints":{"allow":["GET"]}}],"collection":[{"href":"https:\/\/webs.uab.cat\/sbcv\/wp-json\/wp\/v2\/pages"}],"about":[{"href":"https:\/\/webs.uab.cat\/sbcv\/wp-json\/wp\/v2\/types\/page"}],"author":[{"embeddable":true,"href":"https:\/\/webs.uab.cat\/sbcv\/wp-json\/wp\/v2\/users\/20"}],"replies":[{"embeddable":true,"href":"https:\/\/webs.uab.cat\/sbcv\/wp-json\/wp\/v2\/comments?post=118"}],"version-history":[{"count":3,"href":"https:\/\/webs.uab.cat\/sbcv\/wp-json\/wp\/v2\/pages\/118\/revisions"}],"predecessor-version":[{"id":751,"href":"https:\/\/webs.uab.cat\/sbcv\/wp-json\/wp\/v2\/pages\/118\/revisions\/751"}],"wp:attachment":[{"href":"https:\/\/webs.uab.cat\/sbcv\/wp-json\/wp\/v2\/media?parent=118"}],"curies":[{"name":"wp","href":"https:\/\/api.w.org\/{rel}","templated":true}]}}