{"id":130,"date":"2010-06-22T16:25:38","date_gmt":"2010-06-22T16:25:38","guid":{"rendered":"https:\/\/webs.uab.cat\/sbcv\/lliurament-de-resultats\/"},"modified":"2023-06-08T14:28:44","modified_gmt":"2023-06-08T14:28:44","slug":"lliurament-de-resultats","status":"publish","type":"page","link":"https:\/\/webs.uab.cat\/sbcv\/lliurament-de-resultats\/","title":{"rendered":"Lliurament de resultats"},"content":{"rendered":"<p>Els resultats es lliuraran al client a l&#8217;<span style=\"text-decoration: underline\">email<\/span> que s&#8217;hagi especificat al full de sol\u00b7licitud <a href=\"https:\/\/webs.uab.cat\/sbcv\/wp-content\/uploads\/sites\/198\/2017\/03\/BCV001cat.pdf\">(BCV001)<\/a>, i posteriorment rebr\u00e0 un informe detallat i la documentaci\u00f3 que es consideri necess\u00e0ria.<\/p>\n","protected":false},"excerpt":{"rendered":"<p>Els resultats es lliuraran al client a l&#8217;email que s&#8217;hagi especificat al full de sol\u00b7licitud (BCV001), i posteriorment rebr\u00e0 un informe detallat i la documentaci\u00f3 que es consideri necess\u00e0ria.<\/p>\n","protected":false},"author":20,"featured_media":0,"parent":0,"menu_order":0,"comment_status":"closed","ping_status":"closed","template":"","meta":{"footnotes":""},"class_list":["post-130","page","type-page","status-publish","hentry"],"_links":{"self":[{"href":"https:\/\/webs.uab.cat\/sbcv\/wp-json\/wp\/v2\/pages\/130","targetHints":{"allow":["GET"]}}],"collection":[{"href":"https:\/\/webs.uab.cat\/sbcv\/wp-json\/wp\/v2\/pages"}],"about":[{"href":"https:\/\/webs.uab.cat\/sbcv\/wp-json\/wp\/v2\/types\/page"}],"author":[{"embeddable":true,"href":"https:\/\/webs.uab.cat\/sbcv\/wp-json\/wp\/v2\/users\/20"}],"replies":[{"embeddable":true,"href":"https:\/\/webs.uab.cat\/sbcv\/wp-json\/wp\/v2\/comments?post=130"}],"version-history":[{"count":1,"href":"https:\/\/webs.uab.cat\/sbcv\/wp-json\/wp\/v2\/pages\/130\/revisions"}],"predecessor-version":[{"id":730,"href":"https:\/\/webs.uab.cat\/sbcv\/wp-json\/wp\/v2\/pages\/130\/revisions\/730"}],"wp:attachment":[{"href":"https:\/\/webs.uab.cat\/sbcv\/wp-json\/wp\/v2\/media?parent=130"}],"curies":[{"name":"wp","href":"https:\/\/api.w.org\/{rel}","templated":true}]}}