{"id":133,"date":"2010-06-22T17:02:10","date_gmt":"2010-06-22T17:02:10","guid":{"rendered":"https:\/\/webs.uab.cat\/sbcv\/inici\/"},"modified":"2010-06-22T17:02:10","modified_gmt":"2010-06-22T17:02:10","slug":"inici","status":"publish","type":"page","link":"https:\/\/webs.uab.cat\/sbcv\/inici\/","title":{"rendered":"Inici"},"content":{"rendered":"<p>El <strong>Servei de Bioqu\u00edmica Cl\u00ednica Veterin\u00e0ria <\/strong>ofrece sus servicios a un amplio n\u00famero de clientes relacionados con medicina veterinaria, producci\u00f3n animal, industria alimentaria, biomedicina y biotecnolog\u00eda.<\/p>\n<p><span style=\"text-decoration: underline;\">&#8211; Veterinaria y Biomedicina: <\/span>Est\u00e1 especializado en la determinaci\u00f3n de diferentes tipos de par\u00e1metros bioqu\u00edmicos en muestras procedentes de diferentes especies animales, incluyendo peque\u00f1os animales, animales de renta, ex\u00f3ticos y de laboratorio.<\/p>\n<p><span style=\"text-decoration: underline;\">&#8211; Alimentaci\u00f3n:<\/span> Determinaci\u00f3n de par\u00e1metros bioqu\u00edmicos en muestras de origen alimentario.<\/p>\n<p><span style=\"text-decoration: underline;\">&#8211; Participaci\u00f3n en proyectos:<\/span> Desarrollo y validaci\u00f3n de reactivos comerciales para determinaciones anal\u00edticas en veterinaria y alimentaci\u00f3n. &nbsp;Validaci\u00f3n de equipos anal\u00edticos para veterinaria.<\/p>\n","protected":false},"excerpt":{"rendered":"<p>El Servei de Bioqu\u00edmica Cl\u00ednica Veterin\u00e0ria ofrece sus servicios a un amplio n\u00famero de clientes relacionados con medicina veterinaria, producci\u00f3n animal, industria alimentaria, biomedicina y biotecnolog\u00eda. &#8211; Veterinaria y Biomedicina: Est\u00e1 especializado en la determinaci\u00f3n de diferentes tipos de par\u00e1metros bioqu\u00edmicos en muestras procedentes de diferentes especies animales, incluyendo peque\u00f1os animales, animales de renta, ex\u00f3ticos [&hellip;]<\/p>\n","protected":false},"author":20,"featured_media":0,"parent":0,"menu_order":0,"comment_status":"closed","ping_status":"closed","template":"","meta":{"footnotes":""},"class_list":["post-133","page","type-page","status-publish","hentry"],"_links":{"self":[{"href":"https:\/\/webs.uab.cat\/sbcv\/wp-json\/wp\/v2\/pages\/133","targetHints":{"allow":["GET"]}}],"collection":[{"href":"https:\/\/webs.uab.cat\/sbcv\/wp-json\/wp\/v2\/pages"}],"about":[{"href":"https:\/\/webs.uab.cat\/sbcv\/wp-json\/wp\/v2\/types\/page"}],"author":[{"embeddable":true,"href":"https:\/\/webs.uab.cat\/sbcv\/wp-json\/wp\/v2\/users\/20"}],"replies":[{"embeddable":true,"href":"https:\/\/webs.uab.cat\/sbcv\/wp-json\/wp\/v2\/comments?post=133"}],"version-history":[{"count":0,"href":"https:\/\/webs.uab.cat\/sbcv\/wp-json\/wp\/v2\/pages\/133\/revisions"}],"wp:attachment":[{"href":"https:\/\/webs.uab.cat\/sbcv\/wp-json\/wp\/v2\/media?parent=133"}],"curies":[{"name":"wp","href":"https:\/\/api.w.org\/{rel}","templated":true}]}}