{"id":144,"date":"2010-07-06T11:44:40","date_gmt":"2010-07-06T11:44:40","guid":{"rendered":"https:\/\/webs.uab.cat\/sbcv\/apartat-21-2\/"},"modified":"2010-07-06T11:44:40","modified_gmt":"2010-07-06T11:44:40","slug":"apartat-21-2","status":"publish","type":"page","link":"https:\/\/webs.uab.cat\/sbcv\/apartat-21-2\/","title":{"rendered":"Perfils per a cavalls"},"content":{"rendered":"<p>&#8211; <strong>IONOGRAMA<\/strong>: Sodi, Potassi, Clor, Calci.&nbsp;&nbsp;&nbsp;&nbsp; &nbsp;&nbsp;&nbsp;&nbsp;&nbsp;&nbsp;&nbsp;&nbsp;&nbsp;&nbsp;&nbsp;&nbsp;&nbsp;&nbsp;&nbsp;&nbsp;&nbsp;&nbsp;&nbsp;&nbsp;&nbsp;&nbsp;&nbsp;&nbsp;&nbsp;&nbsp;&nbsp;&nbsp;&nbsp;&nbsp; &nbsp;&nbsp;&nbsp;&nbsp;<\/p>\n<p>&#8211; <strong>P. C\u00d2LIC<\/strong>: Sodi, Potassi, Clor, Calci, Creatinina, Alb\u00famina.&nbsp;&nbsp;&nbsp;&nbsp;&nbsp;&nbsp;&nbsp;&nbsp;&nbsp;&nbsp;&nbsp;&nbsp;&nbsp; &nbsp; &nbsp; &nbsp;<\/p>\n<p>&#8211; <strong>P. RENAL SENZILL<\/strong>: Urea i Creatinina.&nbsp;&nbsp;&nbsp;&nbsp;&nbsp;&nbsp;&nbsp; &nbsp;&nbsp;&nbsp;&nbsp;&nbsp;&nbsp;&nbsp;&nbsp;&nbsp;&nbsp;&nbsp;&nbsp;&nbsp;&nbsp;&nbsp;&nbsp;&nbsp;&nbsp;&nbsp;&nbsp;&nbsp;&nbsp;&nbsp;&nbsp;&nbsp;&nbsp;&nbsp;&nbsp; &nbsp;<\/p>\n<p>&#8211; <strong>P. MUSCULAR<\/strong>: CK, AST.&nbsp;&nbsp;&nbsp;&nbsp;&nbsp;&nbsp;&nbsp;&nbsp;&nbsp;&nbsp;&nbsp;&nbsp;&nbsp;&nbsp;&nbsp;&nbsp;&nbsp;&nbsp;&nbsp;&nbsp;&nbsp;&nbsp;&nbsp; &nbsp;&nbsp;&nbsp;&nbsp;&nbsp;&nbsp;&nbsp;&nbsp;&nbsp;&nbsp;&nbsp;&nbsp;&nbsp;&nbsp;&nbsp;&nbsp;&nbsp;&nbsp;&nbsp;&nbsp;&nbsp;&nbsp;&nbsp;&nbsp;&nbsp;&nbsp;&nbsp; &nbsp; &nbsp; &nbsp;<\/p>\n<p>&#8211; <strong>P. HEP\u00c0TIC SENZILL<\/strong>: Bilirrubina.total i directa, AST i GGT.&nbsp;<\/p>\n<p>&#8211; <strong>P. HEP\u00c0TIC COMPLET<\/strong>: P. Hep\u00e0tic senzill + \u00c0c.biliars, GLDH.<\/p>\n<p>&#8211;&nbsp;<strong>P. COMPLET<\/strong>: Urea, Creatinina, Bilirrubina total i directa, Fosfatasa alcalina, GGT, CK, AST, Prote\u00efnes totals i Prote\u00efnograma.<\/p>\n<p>&#8211;&nbsp;<strong>Excrecions fraccionades (creatinina en s\u00e8rum i orina)<\/strong>:&nbsp; d\u2019un par\u00e0metre,&nbsp;dos par\u00e0metres o&nbsp;tres par\u00e0metres.<\/p>\n<p><strong>Nota:<\/strong><\/p>\n<p>Aquests perfils es poden adaptar a les necessitats del client.<\/p>\n","protected":false},"excerpt":{"rendered":"<p>&#8211; IONOGRAMA: Sodi, Potassi, Clor, Calci.&nbsp;&nbsp;&nbsp;&nbsp; &nbsp;&nbsp;&nbsp;&nbsp;&nbsp;&nbsp;&nbsp;&nbsp;&nbsp;&nbsp;&nbsp;&nbsp;&nbsp;&nbsp;&nbsp;&nbsp;&nbsp;&nbsp;&nbsp;&nbsp;&nbsp;&nbsp;&nbsp;&nbsp;&nbsp;&nbsp;&nbsp;&nbsp;&nbsp;&nbsp; &nbsp;&nbsp;&nbsp;&nbsp; &#8211; P. C\u00d2LIC: Sodi, Potassi, Clor, Calci, Creatinina, Alb\u00famina.&nbsp;&nbsp;&nbsp;&nbsp;&nbsp;&nbsp;&nbsp;&nbsp;&nbsp;&nbsp;&nbsp;&nbsp;&nbsp; &nbsp; &nbsp; &nbsp; &#8211; P. RENAL SENZILL: Urea i Creatinina.&nbsp;&nbsp;&nbsp;&nbsp;&nbsp;&nbsp;&nbsp; &nbsp;&nbsp;&nbsp;&nbsp;&nbsp;&nbsp;&nbsp;&nbsp;&nbsp;&nbsp;&nbsp;&nbsp;&nbsp;&nbsp;&nbsp;&nbsp;&nbsp;&nbsp;&nbsp;&nbsp;&nbsp;&nbsp;&nbsp;&nbsp;&nbsp;&nbsp;&nbsp;&nbsp; &nbsp; &#8211; P. MUSCULAR: CK, AST.&nbsp;&nbsp;&nbsp;&nbsp;&nbsp;&nbsp;&nbsp;&nbsp;&nbsp;&nbsp;&nbsp;&nbsp;&nbsp;&nbsp;&nbsp;&nbsp;&nbsp;&nbsp;&nbsp;&nbsp;&nbsp;&nbsp;&nbsp; &nbsp;&nbsp;&nbsp;&nbsp;&nbsp;&nbsp;&nbsp;&nbsp;&nbsp;&nbsp;&nbsp;&nbsp;&nbsp;&nbsp;&nbsp;&nbsp;&nbsp;&nbsp;&nbsp;&nbsp;&nbsp;&nbsp;&nbsp;&nbsp;&nbsp;&nbsp;&nbsp; &nbsp; &nbsp; &nbsp; &#8211; P. HEP\u00c0TIC SENZILL: Bilirrubina.total i directa, AST i GGT.&nbsp; &#8211; P. HEP\u00c0TIC COMPLET: P. Hep\u00e0tic senzill [&hellip;]<\/p>\n","protected":false},"author":20,"featured_media":0,"parent":0,"menu_order":0,"comment_status":"closed","ping_status":"closed","template":"","meta":{"footnotes":""},"class_list":["post-144","page","type-page","status-publish","hentry"],"_links":{"self":[{"href":"https:\/\/webs.uab.cat\/sbcv\/wp-json\/wp\/v2\/pages\/144","targetHints":{"allow":["GET"]}}],"collection":[{"href":"https:\/\/webs.uab.cat\/sbcv\/wp-json\/wp\/v2\/pages"}],"about":[{"href":"https:\/\/webs.uab.cat\/sbcv\/wp-json\/wp\/v2\/types\/page"}],"author":[{"embeddable":true,"href":"https:\/\/webs.uab.cat\/sbcv\/wp-json\/wp\/v2\/users\/20"}],"replies":[{"embeddable":true,"href":"https:\/\/webs.uab.cat\/sbcv\/wp-json\/wp\/v2\/comments?post=144"}],"version-history":[{"count":0,"href":"https:\/\/webs.uab.cat\/sbcv\/wp-json\/wp\/v2\/pages\/144\/revisions"}],"wp:attachment":[{"href":"https:\/\/webs.uab.cat\/sbcv\/wp-json\/wp\/v2\/media?parent=144"}],"curies":[{"name":"wp","href":"https:\/\/api.w.org\/{rel}","templated":true}]}}