{"id":196,"date":"2011-06-21T12:02:13","date_gmt":"2011-06-21T12:02:13","guid":{"rendered":"https:\/\/webs.uab.cat\/sbcv\/presentacio\/"},"modified":"2023-06-12T07:49:57","modified_gmt":"2023-06-12T07:49:57","slug":"presentacio","status":"publish","type":"page","link":"https:\/\/webs.uab.cat\/sbcv\/","title":{"rendered":"Presentaci\u00f3"},"content":{"rendered":"\n<div class=\"wp-block-columns alignwide is-layout-flex wp-container-core-columns-is-layout-9d6595d7 wp-block-columns-is-layout-flex\">\n<div class=\"wp-block-column is-layout-flow wp-block-column-is-layout-flow\" style=\"flex-basis:25%\">\n<h2 class=\"wp-block-heading\">Not\u00edcies<\/h2>\n\n\n<ul class=\"wp-block-latest-posts__list wp-block-latest-posts\"><li><a class=\"wp-block-latest-posts__post-title\" href=\"https:\/\/webs.uab.cat\/sbcv\/2025\/01\/08\/75th-annual-meeting-of-the-european-federation-of-animal-science-eaap\/\">75th Annual Meeting of the European Federation of Animal Science (EAAP)<\/a><\/li>\n<li><a class=\"wp-block-latest-posts__post-title\" href=\"https:\/\/webs.uab.cat\/sbcv\/2025\/01\/08\/xxi-international-society-for-animal-clinical-pathology-congres-isacp\/\">XXI International Society for Animal Clinical Pathology Congr\u00e9s (ISACP)<\/a><\/li>\n<li><a class=\"wp-block-latest-posts__post-title\" href=\"https:\/\/webs.uab.cat\/sbcv\/2025\/01\/08\/xxvi-simposio-nacional-avedila\/\">XXVI Simposio Nacional AVEDILA<\/a><\/li>\n<li><a class=\"wp-block-latest-posts__post-title\" href=\"https:\/\/webs.uab.cat\/sbcv\/2023\/06\/08\/congres-danembe-asociacion-nacional-de-especialistas-en-medicina-bovina-de-espana\/\">Congr\u00e9s d&#8217;ANEMBE (Asociaci\u00f3n Nacional de Especialistas en Medicina Bovina de Espa\u00f1a)<\/a><\/li>\n<li><a class=\"wp-block-latest-posts__post-title\" href=\"https:\/\/webs.uab.cat\/sbcv\/2022\/10\/27\/congres-de-la-esvcp\/\">Congr\u00e9s de la ESVCP\ufffc\ufffc<\/a><\/li>\n<\/ul><\/div>\n\n\n\n<div class=\"wp-block-column is-layout-flow wp-block-column-is-layout-flow\" style=\"flex-basis:50%\">\n<p>El <strong>Servei de Bioqu\u00edmica Cl\u00ednica Veterin\u00e0ria (SBCV) <\/strong>forma part del Departament de Bioqu\u00edmica i Biologia Molecular de la Facultat de Veterin\u00e0ria de la Universitat Aut\u00f2noma de Barcelona. Es considera un centre de refer\u00e8ncia en la bioqu\u00edmica cl\u00ednica veterin\u00e0ria.<\/p>\n\n\n\n<p>El laboratori est\u00e0 especialitzat en la determinaci\u00f3 de diferents tipus de par\u00e0metres bioqu\u00edmics, en mostres d\u2019una \u00e0mplia varietat d\u2019especies animals (petits animals, animals de renda, animals salvatges, animals ex\u00f2tics i animals de laboratori).<\/p>\n\n\n\n<p>Ofereix els seus serveis a clients relacionats amb la medicina veterin\u00e0ria, producci\u00f3 animal, industria alimentaria, biomedicina i biotecnologia; tant en l\u2019\u00e0mbit p\u00fablic com privat.<\/p>\n\n\n\n<p>El SBCV tamb\u00e9 es troba implicat en el disseny, desenvolupament i validaci\u00f3 de noves t\u00e8cniques, en el desenvolupament de reactius comercials per a veterin\u00e0ria, aix\u00ed com, l\u2019assessorament cient\u00edfic i t\u00e8cnic.<\/p>\n<\/div>\n\n\n\n<div class=\"wp-block-column is-layout-flow wp-block-column-is-layout-flow\" style=\"flex-basis:25%\">\n<figure class=\"wp-block-image size-full\"><img loading=\"lazy\" decoding=\"async\" width=\"400\" height=\"328\" src=\"https:\/\/webs.uab.cat\/sbcv\/wp-content\/uploads\/sites\/198\/2019\/12\/logo_sbcv_0.jpg\" alt=\"logo_sbcv\" class=\"wp-image-478\" srcset=\"https:\/\/webs.uab.cat\/sbcv\/wp-content\/uploads\/sites\/198\/2019\/12\/logo_sbcv_0.jpg 400w, https:\/\/webs.uab.cat\/sbcv\/wp-content\/uploads\/sites\/198\/2019\/12\/logo_sbcv_0-300x246.jpg 300w\" sizes=\"auto, (max-width: 400px) 100vw, 400px\" \/><figcaption class=\"wp-element-caption\">    <strong>SERVEI DE BIOQUIMICA CL\u00cdNICA <br>                  VETERIN\u00c0RIA (SBCV)<\/strong>                   <\/figcaption><\/figure>\n\n\n\n<p>  <\/p>\n<\/div>\n<\/div>\n\n\n\n<figure class=\"wp-block-image size-large is-resized\"><img loading=\"lazy\" decoding=\"async\" src=\"https:\/\/webs.uab.cat\/sbcv\/wp-content\/uploads\/sites\/198\/2023\/01\/Imatge-Binoin-1024x576.png\" alt=\"\" class=\"wp-image-668\" width=\"656\" height=\"368\" srcset=\"https:\/\/webs.uab.cat\/sbcv\/wp-content\/uploads\/sites\/198\/2023\/01\/Imatge-Binoin-1024x576.png 1024w, https:\/\/webs.uab.cat\/sbcv\/wp-content\/uploads\/sites\/198\/2023\/01\/Imatge-Binoin-300x169.png 300w, https:\/\/webs.uab.cat\/sbcv\/wp-content\/uploads\/sites\/198\/2023\/01\/Imatge-Binoin-768x432.png 768w, https:\/\/webs.uab.cat\/sbcv\/wp-content\/uploads\/sites\/198\/2023\/01\/Imatge-Binoin-1200x675.png 1200w, https:\/\/webs.uab.cat\/sbcv\/wp-content\/uploads\/sites\/198\/2023\/01\/Imatge-Binoin.png 1280w\" sizes=\"auto, (max-width: 656px) 100vw, 656px\" \/><\/figure>\n\n\n\n<figure class=\"wp-block-image size-large\"><img loading=\"lazy\" decoding=\"async\" width=\"1024\" height=\"576\" src=\"https:\/\/webs.uab.cat\/sbcv\/wp-content\/uploads\/sites\/198\/2023\/01\/Imatge-Pigmarksal-1-1024x576.png\" alt=\"\" class=\"wp-image-665\" srcset=\"https:\/\/webs.uab.cat\/sbcv\/wp-content\/uploads\/sites\/198\/2023\/01\/Imatge-Pigmarksal-1-1024x576.png 1024w, https:\/\/webs.uab.cat\/sbcv\/wp-content\/uploads\/sites\/198\/2023\/01\/Imatge-Pigmarksal-1-300x169.png 300w, https:\/\/webs.uab.cat\/sbcv\/wp-content\/uploads\/sites\/198\/2023\/01\/Imatge-Pigmarksal-1-768x432.png 768w, https:\/\/webs.uab.cat\/sbcv\/wp-content\/uploads\/sites\/198\/2023\/01\/Imatge-Pigmarksal-1-1200x675.png 1200w, https:\/\/webs.uab.cat\/sbcv\/wp-content\/uploads\/sites\/198\/2023\/01\/Imatge-Pigmarksal-1.png 1280w\" sizes=\"auto, (max-width: 1024px) 100vw, 1024px\" \/><\/figure>\n","protected":false},"excerpt":{"rendered":"<p>Not\u00edcies El Servei de Bioqu\u00edmica Cl\u00ednica Veterin\u00e0ria (SBCV) forma part del Departament de Bioqu\u00edmica i Biologia Molecular de la Facultat de Veterin\u00e0ria de la Universitat Aut\u00f2noma de Barcelona. Es considera un centre de refer\u00e8ncia en la bioqu\u00edmica cl\u00ednica veterin\u00e0ria. El laboratori est\u00e0 especialitzat en la determinaci\u00f3 de diferents tipus de par\u00e0metres bioqu\u00edmics, en mostres d\u2019una [&hellip;]<\/p>\n","protected":false},"author":20,"featured_media":0,"parent":0,"menu_order":0,"comment_status":"closed","ping_status":"closed","template":"","meta":{"footnotes":""},"class_list":["post-196","page","type-page","status-publish","hentry"],"_links":{"self":[{"href":"https:\/\/webs.uab.cat\/sbcv\/wp-json\/wp\/v2\/pages\/196","targetHints":{"allow":["GET"]}}],"collection":[{"href":"https:\/\/webs.uab.cat\/sbcv\/wp-json\/wp\/v2\/pages"}],"about":[{"href":"https:\/\/webs.uab.cat\/sbcv\/wp-json\/wp\/v2\/types\/page"}],"author":[{"embeddable":true,"href":"https:\/\/webs.uab.cat\/sbcv\/wp-json\/wp\/v2\/users\/20"}],"replies":[{"embeddable":true,"href":"https:\/\/webs.uab.cat\/sbcv\/wp-json\/wp\/v2\/comments?post=196"}],"version-history":[{"count":15,"href":"https:\/\/webs.uab.cat\/sbcv\/wp-json\/wp\/v2\/pages\/196\/revisions"}],"predecessor-version":[{"id":788,"href":"https:\/\/webs.uab.cat\/sbcv\/wp-json\/wp\/v2\/pages\/196\/revisions\/788"}],"wp:attachment":[{"href":"https:\/\/webs.uab.cat\/sbcv\/wp-json\/wp\/v2\/media?parent=196"}],"curies":[{"name":"wp","href":"https:\/\/api.w.org\/{rel}","templated":true}]}}