{"id":303,"date":"2015-03-05T17:28:10","date_gmt":"2015-03-05T17:28:10","guid":{"rendered":"https:\/\/webs.uab.cat\/sbcv\/presentacions-congresos\/"},"modified":"2023-06-09T10:49:06","modified_gmt":"2023-06-09T10:49:06","slug":"presentacions-congresos","status":"publish","type":"page","link":"https:\/\/webs.uab.cat\/sbcv\/presentacions-congresos\/","title":{"rendered":"Presentacions a congresos"},"content":{"rendered":"<p>Saliva storage for optimal analysis of health and welfare biomarkers: the PigMarkSaL salivary panel. Mat\u00e1s-Quintanilla, M., Bassols, A., Saco, Y. Sotillo, J. Pi\u00f1eiro, M., Pi\u00f1eiro, C., Gonz\u00e1lez, J., S\u00e1nchez, J., Fuentes, P., Robles, G., Ib\u00e1\u00f1ez-L\u00f3pez, F.J., Ros, S., Guti\u00e9rrez, A.M. 14th European Symposium on Porcine Health Mangement (ESPHM), Tesalonica, Grecia, Junio 2023<\/p>\n<p>PigMarkSaL showed two novel salivary biomarkers of immune activation: S100A12 and Pig-MAP. Pi\u00f1eiro, M., Bassols, A., Saco, Y. Sotillo, J. Pi\u00f1eiro, C., Gonz\u00e1lez, J., S\u00e1nchez, J., Fuentes, P., Robles, G., Ib\u00e1\u00f1ez-L\u00f3pez, F.J., Ros, S., Mat\u00e1s-Quintanilla, M., Guti\u00e9rrez, A.M. 14th European Symposium on Porcine Health Mangement (ESPHM), Tesalonica, Grecia Junio 2023<\/p>\n<p>The recommended time interval for saliva collection according to the PigMarkSaL team. Bassols, A., Saco, Y., Mat\u00e1s-Quintanilla, M., Sotillo, J. Pi\u00f1eiro, M., Pi\u00f1eiro, C., Gonz\u00e1lez, J., S\u00e1nchez, J., Fuentes, P., Robles, G., Ib\u00e1\u00f1ez-L\u00f3pez, F.J., Ros, S., Guti\u00e9rrez, A.M. 14th European Symposium on Porcine Health Mangement (ESPHM), Tesalonica, Grecia Junio 2023<\/p>\n<p>Analytical validation of lactoferrin and calprotectin determination in bovine fecal samples. Yolanda Saco, Raquel Pato, Maria Devant, Sonia Mart\u00ed, Lucia Pisoni, Guillermo Elcoso, Raquel Pe\u00f1a, Alex Bach and Anna Bassols . XXV Congreso ANEMBE. Le\u00f3n Mayo 2023<\/p>\n<p>New species-specific turbidimetric immunoassays for the quantification of bovine acute-phase proteins Haptoglobin and ITIH4. Matilde Pi\u00f1eiro, Jos\u00e9 Angel Robles-Guirado, Laura Arroyo, Lourdes Soler, Natalia Garc\u00eda, M. Angeles Alava, Ferm\u00edn Lampreave, Yolanda Saco, Raquel Pato, Raquel Pe\u00f1a, Anna Bassols, Francesca Canalias. 31 World Buiatrics Congress (WBC), Madrid, Octubre 2022<\/p>\n<p>Development and validation of a new immunoturbidimetric assay to quantify bovine Immunoglobulin G (IgG). Jos\u00e9 Angel Robles-Guirado, Lourdes Soler, Francesca Canalias, Alex Bach, Yolanda Saco, Raquel Pato, Raquel Pe\u00f1a, Anna Bassols, Matilde Pi\u00f1eiro. 31 World Buiatrics Congress (WBC), Madrid, Octubre 2022<\/p>\n<p>Amount of colostrum feeding impacts performance and potential colostrum biomarkers at arrival at the rearing facility in unweaned male dairy beef calves<br \/>\nLucia Pisoni, Anna Bassols, Yolanda Saco, N\u00e9stor Gomez, Joan Pujols, Maria Devant, S\u00f2nia Mart\u00ed. ASAS-CSAS Annual Meeting, Louisville, Kentucky, July 2021<\/p>\n<p>Metalloproteinase activity and lactoferrin in serum and vaginal exudates in healthy Holstein cows and cows affected by metritis. Alba Bacardit, Jos\u00e9 Angel Robles-Guirado, Norbert Prat, Anna Bassols. 43\u00ba Congreso de la SEBBM (virtual) Barcelona 2021<\/p>\n<p>A high fat diet modifies the metabolism and the brain neurotransmitter profile in an IUGR pig model. Natalia Yeste, Marta V\u00e1zquez-G\u00f3mez, Antonio Gonz\u00e1lez-Bulnes, Anna Bassols. 43\u00ba Congreso de la SEBBM (virtual) Barcelona 2021<\/p>\n<p>Acute phase proteins in swine and bovine (oral presentation). Yolanda Saco, Anna Bassols. ISACP-ASVCP Pre-meeting Workshop \u201cUnderstanding the Crucial Role of Acute Phase Proteins in Veterinary Clinical Pathology\u201d. Online Meeting Oct 30, 2021<\/p>\n<p>Acute phase proteins ITIH4 and haptoglobin as markers for metritis in dairy cows<br \/>\nJose Angel Robles, Alex Bach, Matilde Pi\u00f1eiro, Anna Bassols<br \/>\nACVSCP-ISACP Virtual meeting Chicago October 2020<\/p>\n<p>Sample stability and heparin interference using a Stat Profile Prime Plus\u00ae Vet critical care analyzer to quantify ionized calcium (iCa) and ionized magnesium (iMg)<br \/>\nJos\u00e9 Angel Robles-Guirado, J\u00falia Sanmart\u00ed, Eduard Jose-Cunilleras, Anna Bassols<br \/>\nACVSCP-ISACP Virtual meeting Chicago October 2020<\/p>\n<p>Serum citrulline concentration of unweaned calves transported by road as a potential biomarker of gut functionality. Jos\u00e9 \u00c1ngel Robles, Sonia Marti, Luc\u00eda Pisoni, Anna Maria Bassols, and Maria Devant. ASAS (American Society of Animal Science) Virtual Meeting 2020<\/p>\n<p>Plasma ionized magnesium in horses with Systemic Inflammatory Response Syndrome (SIRS). Sanmart\u00ed J, Dom\u00e8nech L, Armengou L, Robles JA, Bassols A, R\u00edos J, Jos\u00e9-Cunilleras E. EVECCS (European Veterinary Emergency and Critical Care Society) Virtual Meeting, 2020<\/p>\n<p>A new species-specific turbidimetric immunoassay for the quantification of bovine haptoglobin. Matilde Pi\u00f1eiro, Laura Arroyo, Lourdes Soler, Natalia Garc\u00eda, M. A. Alava, Ferm\u00edn Lampreave, Yolanda Saco Francesca Canalias, Anna Bassols. 2019 ESVCP Congress. Arnhem (The Netherlands) September 2019<\/p>\n<p>The acute phase proteins ITIH4 and Haptoglobin as markers of metritis in Holstein dairy cows. Jos\u00e9 Angel Robles, Raquel Pe\u00f1a, Alex Bach, Matilde Pi\u00f1eiro, Anna Bassols. 70th Annual Meeting of the European Federation of Animal Science. Ghent. August 2019<\/p>\n<p>New automated species-specific methods for the measurement of pig-MAP and CRP by immunoturbidimetry. Matilde Pi\u00f1eiro, Raquel Pato, Lourdes Soler, Natalia Garcia, Yolanda Saco, Francesca Canalias, Anna Bassols, Ferm\u00edn Lampreave. Minipig Research Meeting, Barcelona 2018<\/p>\n<p>Metabolomic Study of Dietary Amino Acid Supplementation in Dairy Calves. Kuai Yu, Manolis Matzapetakis, Daniel Valent, Andre Almeida, Marta Terr\u00e9, Anna Bassols. Final Meeting COST Action DairyCare, Thessaloniki, March 2018<\/p>\n<p>Francesca Canalias,Matilde Pi\u00f1eiro, Raquel Pato, Raquel Pe\u00f1a, Lourdes Soler, Natalia Garc\u00eda, Ferm\u00edn Lampreave, Yolanda Saco and Anna Bassols. Preparation of a canine C-Reactive Protein serum reference material:\u00a0 feasibility studies. 19th <em>ESVCP A<\/em>nnual Congress. Londres (UK), Octubre 2017<\/p>\n<p>Matilde Pi\u00f1eiro, Raquel Pato, \u00a0Lourdes Soler, Natalia Garc\u00eda, Mar\u00eda A. Alava, Ferm\u00edn Lampreave, Yolanda Saco, Francesca Canalias, Anna Bassols. A new turbidimetric immunoassay for the quantification of CRP in dogs using antibodies and standards species-specific. 18th <em>ESVCP A<\/em>nnual Congress. Nantes (Francia), Octubre 2016Kuai Yu, Gisela Girm\u00e9, Merc\u00e8 Oliv\u00e9, M\u00aa \u00c0ngels Calvo, Anna Bassols. Estrone sulphate and enzymatic activities in mare milk throughout gestation. Dairy Care COST Action, Cordoba, May 2015<\/p>\n<p>Valent D, Arroyo L, Criado L, Dell\u2019Orco F, Bassols A. Proteins involved in PBMC motility and immunomodulation identified as potential porcine welfare biomarkers by difference gel electrophoresis (DIGE). IV Jornadas de Jovenes Investigadores en proteomica. Bilbao, Junio 2015<\/p>\n<p>Criado L, Arroyo L, Valent D, Bassols A and Miller I. Characterization of pig saliva proteins and identification of lipocalin-1 as a marker of transport stress. IX Congress of the European Proteomics Association (EUPA) Milan (Italia), Junio 2015<\/p>\n<p>Matilde Pi\u00f1eiro, Raquel Pato, Yolanda Saco, Montserrat Roura, Lourdes Soler, Natalia Garc\u00eda, Mar\u00eda A. Alava, Ferm\u00edn Lampreave, Francesca Canalias, Anna Bassols. Validation of two immunoturbidimetric methods for the determination of the acute phase proteins pig-map and crp in pig serum samples. ISACP Congress. Copenhaguen, June 2014<\/p>\n<p>Y. Saco, J. Alberola, A. Rodr\u00edguez-Cort\u00e9s, R. Pato, R. Pe\u00f1a\u00a0 and A. Bassols.Clinical evaluation of a point-of-care in vitro diagnostic system for measurement of serum CRP in dogs experimentally infected by Leishmania infantum. ISACP Congress. Copenhaguen, June 2014<\/p>\n<p>Laura Arroyo,\u00a0 Raquel Pe\u00f1a, Daniel Valent, Anna Marco-Ramell, Mireia Argany, Antonio Velarde, Josefina Sabri\u00e0 and Anna Bassols. Regional brain neurotransmitter levels: Sex, halothane genotype and cognitive bias. ISAE Meeting, Vitoria (Spain), July 2014<\/p>\n<p>Raquel Pe\u00f1a, Yolanda Saco, Raquel Pato, Laura Arroyo, Ricard Carreras, Antonio Velarde, Anna Bassols. Hair cortisol and acute phase proteins as stress markers in pigs. ISAE Meeting, Vitoria (Spain), July 2014<\/p>\n<p>Nicolau Casal,\u00a0 Xavier Manteca, Anna Bassols, Raquel Pe\u00f1a, Emma F\u00e0brega. Hair cortisol as an indicator of chronic stress in growing pigs. ISAE Meeting, Vitoria (Spain), July 2014<\/p>\n<p>M. Oliv\u00e1n, J. Gonz\u00e1lez, A. Bassols, N. Panella-Riera, R. Carreras, I. Vega-Naredo, E. Mainau, L. Arroyo, R. Pe\u00f1a, Y. Potes, A. Coto-Montes, K. Hollung, X. Manteca, A. Velarde. Effect of sex and genotype on stress biomarkers in pigs. 60<sup>th<\/sup> International Congress of Meat Science and Technology, Punta del Este, Uruguay, August 2014<\/p>\n<p>Oliv\u00e1n, M, Gonz\u00e1lez, J, Bassols, A, Carreras, R, Potes Y, Mainau, E, Arroyo, L, Pe\u00f1a, R, Coto-Montes A, Hollung K, Manteca, X, Velarde, A. Relationship between meat quality and stress biomarkers in pigs.\u00a0European Association of Animal Production, Copenhaguen (Dinamarca), August 2014<\/p>\n<p>Anna Marco-Ramell, Laura Arroyo, Daniel Valent and Anna Bassols. Proteomic technologies to identify stress and welfare markers in livestock. European Association of Animal Production, Copenhaguen (Dinamarca), August 2014<\/p>\n<p>Joana R L\u00e9rias<sup>2<\/sup>, Raquel Pe\u00f1a, Lorenzo E. Hern\u00e1ndez-Castellano, Susana S. Ara\u00fajo, Noemi Castro, Anastasio Arg\u00fcello, Juan Capote, Yolanda Saco, Anna Bassols &amp; Andr\u00e9 M. Almeida. Effect of body weight loss in biochemical and endocrine blood metabolites of <em>Majorera<\/em> and <em>Palmera<\/em> dairy goat breeds from the Canary Islands. 1rst Metting COST Action DairyCare, Copenhaguen (Dinamarca), August 2014<\/p>\n<p>I. Miller, A. Marco-Ramell, K. N\u00f6bauer, K. Hummel, U. M\u00f6ginger, J. Segal\u00e9s, E. Razzazi-Fazeli, D. Kolarich, A. Bassols. Old acquaintances re-viewed: having a closer look at porcine acute phase proteins.\u00a010th Siena Meeting &#8211; From Genome to Proteome, Sienna, September 2014<\/p>\n<p>Daniel Valent, Laura Arroyo, Lourdes Criado, Francesca dell\u2019Orco, Anna Bassols. Identification of welfare biomarkers in pigs using peripheral mononuclear cells (PBMCs) and differential gel electrophoresis (DIGE).\u00a013<sup>th<\/sup> HUPO Congress, Madrid, October 2014<\/p>\n<p>The search of stress markers in porcine by using proteomics. Anna Marco-Ramell, Laura Arroyo and Anna Bassols. 3rd Meeting COST Action on Farm Animal Proteomics. Kosice (Eslovaquia), Abril 2013<\/p>\n<p>Design of SRM based mass spectrometry methods for quantitative analyses of porcine acute phase proteins. Anna Marco-Ramell, Thomas Dyrlund, Stine L\u00f8nnerup Bislev, Lorenzo Fraile, Kristian Wejse Sanggaard, Jan J. Enghild, Em\u00f8ke Bendixen and Anna Bassols. 5\u00ba Congreso de la Sociedad Espa\u00f1ola de Prote\u00f3mica. Barcelona. Febrero 2013<\/p>\n<p>Validation of an enzyme immunoassay kit for cortisol determination in hair of domestic animals. Raquel Pe\u00f1a, Yolanda Saco, Raquel Pato, Nicolau Casal, Xavier Manteca, Emma F\u00e0brega, Anna Bassols. UFAW International Animal Welfare Science Symposium, Barcelona, Julio 2013<\/p>\n<p>The effect of pre-slaughter handling stress on regional brain neurotransmitter levels. L Arroyo, A Marco-Ramell, M Soler, R Pe\u00f1a, A. Velarde, J Sabri\u00e0, M Unzeta, and A Bassols. UFAW International Animal Welfare Science Symposium, Barcelona, Julio 2013<\/p>\n<p>Raquel Pato, Matilde Pi\u00f1eiro, Francesca Canalias, Montserrat Roura, Raquel Pe\u00f1a, Natalia Garc\u00eda , Lourdes Soler, Ferm\u00edn Lampreave, M.A. Alava, Anna Bassols and Yolanda Saco. Preliminary studies for production of a reference material for Pig Major Acute Phase Protein and Porcine C-Reactive Protein.\u00a0ESVCP Congress. Berlin, Noviembre 2013.<\/p>\n<p>Matilde Pi\u00f1eiro, Natalia Garc\u00eda, Lourdes Soler, Raquel Pato, Yolanda Saco, Montserrat Roura, Mar\u00eda A. Alava, Francesca Canalias, Anna Bassols, Ferm\u00edn Lampreave. Development and validation of a immunoturbidimetric method for the determination of the acute phase protein Pig-MAP in pig serum samples. ESVCP Congress. Berlin, Noviembre 2013<\/p>\n<p>Anna Marco-Ramell, Laura Arroyo, Katharina N\u00f6bauer, Ebrahim Razzazi-Fazeli, Manfred Gemeiner, Ingrid Miller, Anna Bassols. Characterization of porcine haptoglobin using a proteomic approach. III Jornadas de Jovenes Investigadores en prote\u00f3mica. Santiago de Compostela. Febrero 2012<\/p>\n<p>Anna Marco-Ramell, Raquel Pe\u00f1a, Laura Arroyo, Raquel Pato, Yolanda Saco, Lorenzo Fraile and Anna Bassols. Oxidative stress and acute phase response associated to changes in housing from pen to individual stalls in reproductive sows. 2nd Meeting COST Action on Farm Animal Proteomics. Vilamoura (Portugal), Abril 2012<\/p>\n<p>Lourdes Soler, Natalia Garc\u00eda, Yolanda Saco, Anna Bassols, M\u00aa Angeles \u00c1lava, Matilde Pi\u00f1eiro, Ferm\u00edn Lampreave. Isolation of canine C-reactive protein (CRP) and development of polyclonal antisera for CRP analysis in sera. XXXIV Congreso de la Sociedad Espa\u00f1ola de Bioqu\u00edmica y Biologia Molecular. Sevilla, Septiembre 2012<\/p>\n<p>Oliv\u00e1n M., Fern\u00e1ndez-Su\u00e1rez V., Sierra V., Coto-Montes A., Anna Bassols, Yolanda Saco, Xavier Manteca,\u00a0 and Velarde A. Identification of stress biomarkers in meat. Excelmeat Workshop, Lleida, Octubre 2012<\/p>\n<p>Y Saco, F. Mart\u00ednez-Lobo, C Prieto, M Cortey, R Pato, R Pe\u00f1a, A Bassols, J Segal\u00e9s. The porcine reproductive and respiratory syndrome virus-induced acute phase response differs between viral genotypes. 22th IPVS Meeting (International Pig Veterinary Society), Korea, June 2012<\/p>\n<p>Y. Saco, M. Cortey, J. Segal\u00e9s, R. Pato, R. Pe\u00f1a, F. Mart\u00ednez-Lobo, C. Prieto and A. Bassols. Acute phase protein response in pigs after experimental infection with different strains of porcine reproductive and respiratory syndrome virus. XV ISACP Congress, Ljubljana, Slovenia, July 2012<\/p>\n<p>Raquel Pato, Raquel Pe\u00f1a, Yolanda Saco and Anna Bassols. Immulite 1000 measurements in veterinary samples. XV ISACP Congress, Ljubljana, Slovenia, July 2012<\/p>\n<p>Anna Marco-Ramell, Anna Bassols. Separation techniques and the use of dige for serum analysis in veterinary samples. XV ISACP Congress, Ljubljana, Slovenia, July 2012<\/p>\n<p>Anna Marco-Ramell, Anna Bassols. The search of stress markers in bovine and porcine by using proteomics. VII ItPA Congress (Italian Proteomics Association, Viterbo, Italia, June 2012<\/p>\n<p>Anna Marco-Ramell, Laura Arroyo, Raquel Pato, Raquel Pe\u00f1a, Yolanda Saco, Marta Fina, Jes\u00fas Piedrafita and Anna Bassols. Research of welfare biomarkers by proteomic approaches in <em>Bruna dels Pirineus<\/em> cows under different production systems. 4\u00ba Congreso de la Sociedad Espa\u00f1ola de Prote\u00f3mica. Segovia. Febrero 2011.<\/p>\n<p>Anna Marco-Ramell, Laura Arroyo, Raquel Pato, Raquel Pe\u00f1a, Yolanda Saco, Marta Fina, Jes\u00fas Piedrafita and Anna Bassols. A proteomic approach to search for welfare biomarkers in cattle under different production systems. 1rst Meeting COST Action on Farm Animal Proteomics. Glasgow, Marzo 2011<\/p>\n<p>Anna Marco-Ramell, Laura Arroyo, Katharina N\u00f6bauer, Ebrahim Razzazi-Fazeli, Manfred Gemeiner, Ingrid Miller, Anna Bassols. Analysis of post-translational modifications of porcine haptoglobin and apolipoprotein A-I. XXXIV Congreso de la Sociedad Espa\u00f1ola de Bioqu\u00edmica y Biologia Molecular. Barcelona, Septiembre 2011<\/p>\n<p>Pe\u00f1a R., Saco Y., Pato R., Marco-Ramell A., Fraile, L., Bassols A. Marcadores de estr\u00e9s oxidativo en el cambio de alojamiento de cerdas reproductoras. XXXIV Congreso de la Sociedad Espa\u00f1ola de Bioqu\u00edmica y Biologia Molecular. Barcelona, Septiembre 2011<\/p>\n","protected":false},"excerpt":{"rendered":"<p>Saliva storage for optimal analysis of health and welfare biomarkers: the PigMarkSaL salivary panel. Mat\u00e1s-Quintanilla, M., Bassols, A., Saco, Y. Sotillo, J. Pi\u00f1eiro, M., Pi\u00f1eiro, C., Gonz\u00e1lez, J., S\u00e1nchez, J., Fuentes, P., Robles, G., Ib\u00e1\u00f1ez-L\u00f3pez, F.J., Ros, S., Guti\u00e9rrez, A.M. 14th European Symposium on Porcine Health Mangement (ESPHM), Tesalonica, Grecia, Junio 2023 PigMarkSaL showed two [&hellip;]<\/p>\n","protected":false},"author":20,"featured_media":0,"parent":0,"menu_order":0,"comment_status":"closed","ping_status":"closed","template":"","meta":{"footnotes":""},"class_list":["post-303","page","type-page","status-publish","hentry"],"_links":{"self":[{"href":"https:\/\/webs.uab.cat\/sbcv\/wp-json\/wp\/v2\/pages\/303","targetHints":{"allow":["GET"]}}],"collection":[{"href":"https:\/\/webs.uab.cat\/sbcv\/wp-json\/wp\/v2\/pages"}],"about":[{"href":"https:\/\/webs.uab.cat\/sbcv\/wp-json\/wp\/v2\/types\/page"}],"author":[{"embeddable":true,"href":"https:\/\/webs.uab.cat\/sbcv\/wp-json\/wp\/v2\/users\/20"}],"replies":[{"embeddable":true,"href":"https:\/\/webs.uab.cat\/sbcv\/wp-json\/wp\/v2\/comments?post=303"}],"version-history":[{"count":1,"href":"https:\/\/webs.uab.cat\/sbcv\/wp-json\/wp\/v2\/pages\/303\/revisions"}],"predecessor-version":[{"id":787,"href":"https:\/\/webs.uab.cat\/sbcv\/wp-json\/wp\/v2\/pages\/303\/revisions\/787"}],"wp:attachment":[{"href":"https:\/\/webs.uab.cat\/sbcv\/wp-json\/wp\/v2\/media?parent=303"}],"curies":[{"name":"wp","href":"https:\/\/api.w.org\/{rel}","templated":true}]}}