{"id":304,"date":"2015-03-05T18:09:41","date_gmt":"2015-03-05T18:09:41","guid":{"rendered":"https:\/\/webs.uab.cat\/sbcv\/participacio-projectes\/"},"modified":"2023-06-09T10:36:59","modified_gmt":"2023-06-09T10:36:59","slug":"participacio-projectes","status":"publish","type":"page","link":"https:\/\/webs.uab.cat\/sbcv\/participacio-projectes\/","title":{"rendered":"Participaci\u00f3 a projectes"},"content":{"rendered":"\n<ul class=\"wp-block-list\">\n<li><strong>Portable biosensor to estimate colostrum intake to improve vaccination effectivity and health in unweaned calves (CalfTest)<\/strong>\n<ul class=\"wp-block-list\">\n<li>Entidad financiadora: Ministerio de Ciencia e Innovaci\u00f3n<\/li>\n\n\n\n<li>Referencia proyecto: PDC2022-133314-I00 (Convocatoria Proof of Concept)<\/li>\n\n\n\n<li>Investigador responsable: Anna Aris, Elena Garcia Fruit\u00f3s<\/li>\n\n\n\n<li>Equip d&#8217;investigaci\u00f3: A Bassols, Y Saco<\/li>\n<\/ul>\n<\/li>\n<\/ul>\n\n\n\n<ul class=\"wp-block-list\">\n<li><strong>Nuevos BIomarcadores fecales NO INvasivos de inflamaci\u00f3n intestinal en lechones post-destete (BI-NOIN)<\/strong>\n<ul class=\"wp-block-list\">\n<li>Entidad financiadora: Ministerio de Ciencia e Innovaci\u00f3n<\/li>\n\n\n\n<li>Referencia proyecto: CPP2021-008315<\/li>\n\n\n\n<li>Duraci\u00f3n: 01\/07\/2022-30\/06\/2025<\/li>\n\n\n\n<li>Empresa responsable: Valls-Companys<\/li>\n\n\n\n<li>Investigador responsable UAB: David Sol\u00e0 Oriol<\/li>\n\n\n\n<li>Equipo de investigaci\u00f3n: A Bassols, Y Saco<\/li>\n<\/ul>\n<\/li>\n<\/ul>\n\n\n\n<ul class=\"wp-block-list\">\n<li><strong>Herramienta anal\u00edtica para la monitorizaci\u00f3n y control objetivo del estado de salud del ganado porcino utilizando muestras de saliva \/ Objective analytical tool for porcine health status control and monitoring by the use of salivary biomarkers (PigMarkSal)<\/strong>\n<ul class=\"wp-block-list\">\n<li>Entidad financiadora: MINECO Referencia proyecto: PID2020-116310RB-I0<\/li>\n\n\n\n<li>Duraci\u00f3n: 01\/09\/2021-31\/08\/2025<\/li>\n\n\n\n<li>Investigador responsable: Ana Maria Guti\u00e9rrez Montes (Univ. Murcia)<\/li>\n\n\n\n<li>Equipo de investigaci\u00f3n: A Bassols, Y Saco<\/li>\n<\/ul>\n<\/li>\n<\/ul>\n\n\n\n<ul class=\"wp-block-list\">\n<li><strong>Estrategias para mitigar el riesgo y biomarcadores en el nuevo paradigma de salud y bienestar en terneros lactantes (SAFECALF)<\/strong>\n<ul class=\"wp-block-list\">\n<li>Entidad financiadora: MINECO Referencia proyecto: PID2019-104021RB-I00<\/li>\n\n\n\n<li>Duraci\u00f3n: 01\/09\/2020-31\/08\/2023<\/li>\n\n\n\n<li>Investigador responsable: Sonia Mart\u00ed i Maria Devant (IRTA)<\/li>\n\n\n\n<li>Equipo de investigaci\u00f3n: A. Bassols. Y. Saco<\/li>\n<\/ul>\n<\/li>\n<\/ul>\n\n\n\n<ul class=\"wp-block-list\">\n<li><strong>Desarrollo de m\u00e9todos anal\u00edticos automatizados para la determinaci\u00f3n de biomarcadores relacionados con la mejora de la salud en ganado bovino.<\/strong>\n<ul class=\"wp-block-list\">\n<li>Entidad Financiadora: Proyecto RETOS-COLABORACI\u00d3N (Referencia RTC-2015-3885-2)<\/li>\n\n\n\n<li>Investigador responsable: Matilde Pi\u00f1eiro<\/li>\n<\/ul>\n<\/li>\n<\/ul>\n\n\n\n<ul class=\"wp-block-list\">\n<li><strong>Estudio molecular de los efectos de la suplementaci\u00f3n de amino\u00e1cidos en terneros amamantados mediante una aproximaci\u00f3n bioqu\u00edmica y prote\u00f3mica (AMINOCRET)<\/strong>\n<ul class=\"wp-block-list\">\n<li>Entidad financiadora: MINECO Referencia proyecto: AGL2015-68463-C2-2-P<\/li>\n\n\n\n<li>Investigador responsable: Anna Bassols (Proyecto Coordinado \u201cDeterminaci\u00f3n de los amino\u00e1cidos limitantes para el crecimiento de los terneros amamantados y su funcionalidad\u201d. IP: Dra Marta Terr\u00e9, IRTA)<\/li>\n<\/ul>\n<\/li>\n<\/ul>\n\n\n\n<ul class=\"wp-block-list\">\n<li><strong>Identificaci\u00f3n de marcadores potenciales de estr\u00e9s en fluidos biol\u00f3gicos y tejidos en el cerdo (Subproyecto dentro del Proyecto Coordinado \u201cEl papel del sesgo cognitivo sobre el estado emocional en porcino, su efecto sobre el bienestar y la calidad de la carne y la b\u00fasqueda de biomarcadores potenciales de estr\u00e9s\u201d). <\/strong>\n<ul class=\"wp-block-list\">\n<li>Entidad financiadora: MICINN AGL2011-30598-C03-02<\/li>\n\n\n\n<li>IP: Dr Antonio Velarde Calvo<\/li>\n\n\n\n<li>IP subproyecto SP2: Anna Bassols<\/li>\n<\/ul>\n<\/li>\n<\/ul>\n\n\n\n<p><\/p>\n\n\n\n<ul class=\"wp-block-list\">\n<li><strong>Desarrollo de m\u00e9todos automatizables para la determinaci\u00f3n de prote\u00ednas de fase aguda en animales dom\u00e9sticos.<\/strong><\/li>\n\n\n\n<li>Entidad financiadora: MICINN Innpacto IPT- 010000-2010-1<\/li>\n\n\n\n<li>Investigador responsable: Matilde Pi\u00f1eiro<\/li>\n\n\n\n<li>Equipo de investogaci\u00f3n: Anna Bassols, Yolanda Saco<\/li>\n<\/ul>\n\n\n\n<p><\/p>\n\n\n\n<ul class=\"wp-block-list\">\n<li><strong>Identificaci\u00f3n de marcadores potenciales de estres en fluidos biologicos y tejidos en el cerdo<\/strong>\n<ul class=\"wp-block-list\">\n<li>Entidad financiadora: MICINN AGL2010-21578-C03-03<\/li>\n\n\n\n<li>Investigador responsable: Anna Bassols<\/li>\n<\/ul>\n<\/li>\n<\/ul>\n\n\n\n<p><\/p>\n\n\n\n<ul class=\"wp-block-list\">\n<li><strong>Farm Animal Proteomics<\/strong>\n<ul class=\"wp-block-list\">\n<li>Entidad financiadora: Acci\u00f3n Europea COST FA1002<\/li>\n\n\n\n<li>Duraci\u00f3n: 2010- 2013<\/li>\n\n\n\n<li>Investigador responsable: PD Eckersall.\u00a0Representante espa\u00f1ol en el Management Committee: Anna Bassols<\/li>\n<\/ul>\n<\/li>\n<\/ul>\n\n\n\n<p><\/p>\n\n\n\n<ul class=\"wp-block-list\">\n<li><strong>Identificaci\u00f3n y caracterizaci\u00f3n de cambios en prote\u00ednas s\u00e9ricas relacionados con el estr\u00e9s en cerdos: una aproximaci\u00f3n prote\u00f3mica centrada en el an\u00e1lisis de isoformas.<\/strong>\n<ul class=\"wp-block-list\">\n<li>Entidad financiadora: Programa nacional de internacionalizaci\u00f3n de la I + D (AT2009-0007)<\/li>\n\n\n\n<li>Investigador responsable: Anna Bassols Teixid\u00f3<\/li>\n<\/ul>\n<\/li>\n<\/ul>\n\n\n\n<p><\/p>\n\n\n\n<ul class=\"wp-block-list\">\n<li><strong>Estudio de la transducci\u00f3n de se\u00f1ales en c\u00e9lulas eucariotas.<\/strong>\n<ul class=\"wp-block-list\">\n<li>Entidad financiadora: Generalitat de Catalunya, 2009 SGR-1091, 2014 SGR004, 2017 SGR594, 2021 SGR 00642<\/li>\n\n\n\n<li>Investigador responsable: (2009-2020) Joaqu\u00edn Ari\u00f1o Carmona; (2021-&gt;) Anna Bassols<\/li>\n<\/ul>\n<\/li>\n<\/ul>\n\n\n\n<p><\/p>\n\n\n\n<ul class=\"wp-block-list\">\n<li><strong>Identificaci\u00f3n de marcadores biol\u00f3gicos de estr\u00e9s en ganado vacuno y porcino: una aproximaci\u00f3n prote\u00f3mica.<\/strong>\n<ul class=\"wp-block-list\">\n<li>Entidad financiadora: Ministerio de Ciencia y Tecnolog\u00eda (Programa Nacional de Recursos y Tecnolog\u00edas Agroalimentarias) AGL2006-02364\/GAN.<\/li>\n\n\n\n<li>Investigador responsable: Anna Bassols Teixid\u00f3<\/li>\n<\/ul>\n<\/li>\n<\/ul>\n\n\n\n<p><\/p>\n","protected":false},"excerpt":{"rendered":"","protected":false},"author":20,"featured_media":0,"parent":0,"menu_order":0,"comment_status":"closed","ping_status":"closed","template":"","meta":{"footnotes":""},"class_list":["post-304","page","type-page","status-publish","hentry"],"_links":{"self":[{"href":"https:\/\/webs.uab.cat\/sbcv\/wp-json\/wp\/v2\/pages\/304","targetHints":{"allow":["GET"]}}],"collection":[{"href":"https:\/\/webs.uab.cat\/sbcv\/wp-json\/wp\/v2\/pages"}],"about":[{"href":"https:\/\/webs.uab.cat\/sbcv\/wp-json\/wp\/v2\/types\/page"}],"author":[{"embeddable":true,"href":"https:\/\/webs.uab.cat\/sbcv\/wp-json\/wp\/v2\/users\/20"}],"replies":[{"embeddable":true,"href":"https:\/\/webs.uab.cat\/sbcv\/wp-json\/wp\/v2\/comments?post=304"}],"version-history":[{"count":1,"href":"https:\/\/webs.uab.cat\/sbcv\/wp-json\/wp\/v2\/pages\/304\/revisions"}],"predecessor-version":[{"id":785,"href":"https:\/\/webs.uab.cat\/sbcv\/wp-json\/wp\/v2\/pages\/304\/revisions\/785"}],"wp:attachment":[{"href":"https:\/\/webs.uab.cat\/sbcv\/wp-json\/wp\/v2\/media?parent=304"}],"curies":[{"name":"wp","href":"https:\/\/api.w.org\/{rel}","templated":true}]}}